{"id":80834,"date":"2025-04-30T06:17:58","date_gmt":"2025-04-30T06:17:58","guid":{"rendered":"https:\/\/www.nissin.be\/job-application\/"},"modified":"2026-03-24T11:48:50","modified_gmt":"2026-03-24T11:48:50","slug":"candidature","status":"publish","type":"page","link":"https:\/\/www.nissin.be\/fr\/candidature\/","title":{"rendered":"Candidature"},"content":{"rendered":"<p>[vc_row][vc_column][vc_custom_heading text=\u00a0\u00bbTravailler chez Nissin Transport Belgium\u00a0\u00bb use_theme_fonts=\u00a0\u00bbyes\u00a0\u00bb][vc_column_text]Chez Nissin Transport Belgium, nous sommes toujours \u00e0 la recherche de nouveaux talents pour renforcer notre \u00e9quipe.[\/vc_column_text][vc_custom_heading text=\u00a0\u00bbPoste(s) ouvert(s)\u00a0\u00bb use_theme_fonts=\u00a0\u00bbyes\u00a0\u00bb][vc_column_text]Nous recrutons actuellement un(e) <strong>Inside Sales &amp; Freight Operations Specialist<\/strong>.<\/p>\n<p>Dans ce r\u00f4le, vous combinerez expertise logistique et contact client, tout en g\u00e9rant des exp\u00e9ditions internationales.[\/vc_column_text][vc_btn title=\u00a0\u00bbVOIR L&rsquo;OFFRE COMPL\u00c8TE\u00a0\u00bb style=\u00a0\u00bbcustom\u00a0\u00bb custom_background=\u00a0\u00bb#e40428&Prime; custom_text=\u00a0\u00bb#ffffff\u00a0\u00bb shape=\u00a0\u00bbsquare\u00a0\u00bb size=\u00a0\u00bbsm\u00a0\u00bb align=\u00a0\u00bbleft\u00a0\u00bb link=\u00a0\u00bburl:https%3A%2F%2Fwww.nissin.be%2Fjob-application%2Finside-sales-freight-operations-specialist%2F|title:Inside%20Sales%20%26%20Freight%20Operations%20Specialist|target:_blank\u00a0\u00bb][vc_column_text]Int\u00e9ress\u00e9(e) par ce poste ou par une opportunit\u00e9 chez nous ? Postulez facilement via le formulaire ci-dessous.[\/vc_column_text][vc_custom_heading text=\u00a0\u00bbCandidature spontan\u00e9e\u00a0\u00bb use_theme_fonts=\u00a0\u00bbyes\u00a0\u00bb][vc_column_text]Vous n\u2019avez pas trouv\u00e9 d\u2019offre correspondant \u00e0 votre profil ?<\/p>\n<p>Nous sommes toujours ravis d\u2019entrer en contact avec des personnes motiv\u00e9es souhaitant rejoindre notre \u00e9quipe.<\/p>\n<p>Vous \u00eates passionn\u00e9(e) par la logistique et vous recherchez une opportunit\u00e9 dans un environnement dynamique et international ? N\u2019h\u00e9sitez pas \u00e0 envoyer votre candidature spontan\u00e9e via le formulaire ci-dessous.<\/p>\n<p>Nous vous contacterons si votre profil correspond \u00e0 de futures opportunit\u00e9s.[\/vc_column_text][\/vc_column][\/vc_row][vc_row][vc_column][vc_raw_html]JTNDZGl2JTIwY2xhc3MlM0QlMjJtbGEtam9iLWZvcm0lMjIlM0UlMEElMjAlMjAlNUJjb250YWN0LWZvcm0tNyUyMGlkJTNEJTIyODA4NTQlMjIlMjB0aXRsZSUzRCUyMkNhbmRpZGF0dXJlJTIwc3BvbnRhbiVDMyVBOWUlMjIlNUQlMEElM0MlMkZkaXYlM0UlMEE=[\/vc_raw_html][\/vc_column][\/vc_row]<\/p>\n","protected":false},"excerpt":{"rendered":"<p>[vc_row][vc_column][vc_custom_heading text=\u00a0\u00bbTravailler chez Nissin Transport Belgium\u00a0\u00bb use_theme_fonts=\u00a0\u00bbyes\u00a0\u00bb][vc_column_text]Chez Nissin Transport Belgium, nous sommes toujours \u00e0 la recherche de nouveaux talents pour renforcer notre \u00e9quipe.[\/vc_column_text][vc_custom_heading text=\u00a0\u00bbPoste(s) ouvert(s)\u00a0\u00bb use_theme_fonts=\u00a0\u00bbyes\u00a0\u00bb][vc_column_text]Nous recrutons actuellement un(e) Inside Sales &amp; Freight Operations Specialist. Dans ce r\u00f4le, vous combinerez expertise logistique et contact client, tout en g\u00e9rant des exp\u00e9ditions internationales.[\/vc_column_text][vc_btn title=\u00a0\u00bbVOIR L&rsquo;OFFRE COMPL\u00c8TE\u00a0\u00bb style=\u00a0\u00bbcustom\u00a0\u00bb [&hellip;]<\/p>\n","protected":false},"author":3,"featured_media":0,"parent":0,"menu_order":10,"comment_status":"closed","ping_status":"closed","template":"","meta":{"content-type":"","_monsterinsights_skip_tracking":false,"_monsterinsights_sitenote_active":false,"_monsterinsights_sitenote_note":"","_monsterinsights_sitenote_category":0,"footnotes":""},"class_list":["post-80834","page","type-page","status-publish","hentry"],"yoast_head":"<!-- This site is optimized with the Yoast SEO plugin v27.3 - https:\/\/yoast.com\/product\/yoast-seo-wordpress\/ -->\n<title>Candidature - Nissin Belgium<\/title>\n<meta name=\"robots\" content=\"noindex, nofollow\" \/>\n<meta property=\"og:locale\" content=\"fr_FR\" \/>\n<meta property=\"og:type\" content=\"article\" \/>\n<meta property=\"og:title\" content=\"Candidature - Nissin Belgium\" \/>\n<meta property=\"og:description\" content=\"[vc_row][vc_column][vc_custom_heading text=\u00a0\u00bbTravailler chez Nissin Transport Belgium\u00a0\u00bb use_theme_fonts=\u00a0\u00bbyes\u00a0\u00bb][vc_column_text]Chez Nissin Transport Belgium, nous sommes toujours \u00e0 la recherche de nouveaux talents pour renforcer notre \u00e9quipe.[\/vc_column_text][vc_custom_heading text=\u00a0\u00bbPoste(s) ouvert(s)\u00a0\u00bb use_theme_fonts=\u00a0\u00bbyes\u00a0\u00bb][vc_column_text]Nous recrutons actuellement un(e) Inside Sales &amp; Freight Operations Specialist. Dans ce r\u00f4le, vous combinerez expertise logistique et contact client, tout en g\u00e9rant des exp\u00e9ditions internationales.[\/vc_column_text][vc_btn title=\u00a0\u00bbVOIR L&rsquo;OFFRE COMPL\u00c8TE\u00a0\u00bb style=\u00a0\u00bbcustom\u00a0\u00bb [&hellip;]\" \/>\n<meta property=\"og:url\" content=\"https:\/\/www.nissin.be\/fr\/candidature\/\" \/>\n<meta property=\"og:site_name\" content=\"Nissin Belgium\" \/>\n<meta property=\"article:modified_time\" content=\"2026-03-24T11:48:50+00:00\" \/>\n<meta name=\"twitter:card\" content=\"summary_large_image\" \/>\n<meta name=\"twitter:label1\" content=\"Dur\u00e9e de lecture estim\u00e9e\" \/>\n\t<meta name=\"twitter:data1\" content=\"1 minute\" \/>\n<script type=\"application\/ld+json\" class=\"yoast-schema-graph\">{\"@context\":\"https:\\\/\\\/schema.org\",\"@graph\":[{\"@type\":\"WebPage\",\"@id\":\"https:\\\/\\\/www.nissin.be\\\/fr\\\/candidature\\\/\",\"url\":\"https:\\\/\\\/www.nissin.be\\\/fr\\\/candidature\\\/\",\"name\":\"Candidature - Nissin Belgium\",\"isPartOf\":{\"@id\":\"https:\\\/\\\/www.nissin.be\\\/#website\"},\"datePublished\":\"2025-04-30T06:17:58+00:00\",\"dateModified\":\"2026-03-24T11:48:50+00:00\",\"breadcrumb\":{\"@id\":\"https:\\\/\\\/www.nissin.be\\\/fr\\\/candidature\\\/#breadcrumb\"},\"inLanguage\":\"fr-FR\",\"potentialAction\":[{\"@type\":\"ReadAction\",\"target\":[\"https:\\\/\\\/www.nissin.be\\\/fr\\\/candidature\\\/\"]}]},{\"@type\":\"BreadcrumbList\",\"@id\":\"https:\\\/\\\/www.nissin.be\\\/fr\\\/candidature\\\/#breadcrumb\",\"itemListElement\":[{\"@type\":\"ListItem\",\"position\":1,\"name\":\"Home\",\"item\":\"https:\\\/\\\/www.nissin.be\\\/fr\\\/\"},{\"@type\":\"ListItem\",\"position\":2,\"name\":\"Candidature\"}]},{\"@type\":\"WebSite\",\"@id\":\"https:\\\/\\\/www.nissin.be\\\/#website\",\"url\":\"https:\\\/\\\/www.nissin.be\\\/\",\"name\":\"Nissin Belgium\",\"description\":\"International Logistics Provider\",\"potentialAction\":[{\"@type\":\"SearchAction\",\"target\":{\"@type\":\"EntryPoint\",\"urlTemplate\":\"https:\\\/\\\/www.nissin.be\\\/?s={search_term_string}\"},\"query-input\":{\"@type\":\"PropertyValueSpecification\",\"valueRequired\":true,\"valueName\":\"search_term_string\"}}],\"inLanguage\":\"fr-FR\"}]}<\/script>\n<!-- \/ Yoast SEO plugin. -->","yoast_head_json":{"title":"Candidature - Nissin Belgium","robots":{"index":"noindex","follow":"nofollow"},"og_locale":"fr_FR","og_type":"article","og_title":"Candidature - Nissin Belgium","og_description":"[vc_row][vc_column][vc_custom_heading text=\u00a0\u00bbTravailler chez Nissin Transport Belgium\u00a0\u00bb use_theme_fonts=\u00a0\u00bbyes\u00a0\u00bb][vc_column_text]Chez Nissin Transport Belgium, nous sommes toujours \u00e0 la recherche de nouveaux talents pour renforcer notre \u00e9quipe.[\/vc_column_text][vc_custom_heading text=\u00a0\u00bbPoste(s) ouvert(s)\u00a0\u00bb use_theme_fonts=\u00a0\u00bbyes\u00a0\u00bb][vc_column_text]Nous recrutons actuellement un(e) Inside Sales &amp; Freight Operations Specialist. Dans ce r\u00f4le, vous combinerez expertise logistique et contact client, tout en g\u00e9rant des exp\u00e9ditions internationales.[\/vc_column_text][vc_btn title=\u00a0\u00bbVOIR L&rsquo;OFFRE COMPL\u00c8TE\u00a0\u00bb style=\u00a0\u00bbcustom\u00a0\u00bb [&hellip;]","og_url":"https:\/\/www.nissin.be\/fr\/candidature\/","og_site_name":"Nissin Belgium","article_modified_time":"2026-03-24T11:48:50+00:00","twitter_card":"summary_large_image","twitter_misc":{"Dur\u00e9e de lecture estim\u00e9e":"1 minute"},"schema":{"@context":"https:\/\/schema.org","@graph":[{"@type":"WebPage","@id":"https:\/\/www.nissin.be\/fr\/candidature\/","url":"https:\/\/www.nissin.be\/fr\/candidature\/","name":"Candidature - Nissin Belgium","isPartOf":{"@id":"https:\/\/www.nissin.be\/#website"},"datePublished":"2025-04-30T06:17:58+00:00","dateModified":"2026-03-24T11:48:50+00:00","breadcrumb":{"@id":"https:\/\/www.nissin.be\/fr\/candidature\/#breadcrumb"},"inLanguage":"fr-FR","potentialAction":[{"@type":"ReadAction","target":["https:\/\/www.nissin.be\/fr\/candidature\/"]}]},{"@type":"BreadcrumbList","@id":"https:\/\/www.nissin.be\/fr\/candidature\/#breadcrumb","itemListElement":[{"@type":"ListItem","position":1,"name":"Home","item":"https:\/\/www.nissin.be\/fr\/"},{"@type":"ListItem","position":2,"name":"Candidature"}]},{"@type":"WebSite","@id":"https:\/\/www.nissin.be\/#website","url":"https:\/\/www.nissin.be\/","name":"Nissin Belgium","description":"International Logistics Provider","potentialAction":[{"@type":"SearchAction","target":{"@type":"EntryPoint","urlTemplate":"https:\/\/www.nissin.be\/?s={search_term_string}"},"query-input":{"@type":"PropertyValueSpecification","valueRequired":true,"valueName":"search_term_string"}}],"inLanguage":"fr-FR"}]}},"_links":{"self":[{"href":"https:\/\/www.nissin.be\/fr\/wp-json\/wp\/v2\/pages\/80834","targetHints":{"allow":["GET"]}}],"collection":[{"href":"https:\/\/www.nissin.be\/fr\/wp-json\/wp\/v2\/pages"}],"about":[{"href":"https:\/\/www.nissin.be\/fr\/wp-json\/wp\/v2\/types\/page"}],"author":[{"embeddable":true,"href":"https:\/\/www.nissin.be\/fr\/wp-json\/wp\/v2\/users\/3"}],"replies":[{"embeddable":true,"href":"https:\/\/www.nissin.be\/fr\/wp-json\/wp\/v2\/comments?post=80834"}],"version-history":[{"count":8,"href":"https:\/\/www.nissin.be\/fr\/wp-json\/wp\/v2\/pages\/80834\/revisions"}],"predecessor-version":[{"id":81998,"href":"https:\/\/www.nissin.be\/fr\/wp-json\/wp\/v2\/pages\/80834\/revisions\/81998"}],"wp:attachment":[{"href":"https:\/\/www.nissin.be\/fr\/wp-json\/wp\/v2\/media?parent=80834"}],"curies":[{"name":"wp","href":"https:\/\/api.w.org\/{rel}","templated":true}]}}