{"id":76261,"date":"2015-09-21T14:56:41","date_gmt":"2015-09-21T14:56:41","guid":{"rendered":"http:\/\/nissin.be\/contact\/"},"modified":"2026-03-24T11:50:21","modified_gmt":"2026-03-24T11:50:21","slug":"contact","status":"publish","type":"page","link":"https:\/\/www.nissin.be\/fr\/contact\/","title":{"rendered":"Contact"},"content":{"rendered":"<p>[vc_row full_width=\u00a0\u00bbstretch_row_content_no_spaces\u00a0\u00bb css=\u00a0\u00bb.vc_custom_1442847785178{margin-top: 0px !important;margin-bottom: 0px !important;}\u00a0\u00bb][vc_column][vc_column_text]<iframe style=\"border: 0;\" src=\"https:\/\/www.google.com\/maps\/embed?pb=!1m14!1m8!1m3!1d161015.30469476854!2d4.45339!3d50.90773!3m2!1i1024!2i768!4f13.1!3m3!1m2!1s0x0%3A0xf9526d28409f314e!2sNissin%20Belgium!5e0!3m2!1sfr!2smx!4v1639066015740!5m2!1sfr!2smx\" width=\"100%\" height=\"450\" allowfullscreen=\"allowfullscreen\"><\/iframe>[\/vc_column_text][\/vc_column][\/vc_row][vc_row equal_height=\u00a0\u00bbyes\u00a0\u00bb css=\u00a0\u00bb.vc_custom_1633099432196{margin-top: 80px !important;margin-bottom: 80px !important;}\u00a0\u00bb][vc_column width=\u00a0\u00bb1\/3&Prime; css=\u00a0\u00bb.vc_custom_1633099371788{padding: 15px !important;background-color: #e40428 !important;}\u00a0\u00bb][vc_column_text css=\u00a0\u00bb.vc_custom_1671520161178{margin-bottom: 0px !important;border-bottom-width: 0px !important;padding-bottom: 0px !important;}\u00a0\u00bb]<\/p>\n<h1 style=\"font-size: 18px; font-weight: 400; letter-spacing: 0.3em; color: #fff;\">Nos coordonn\u00e9es<\/h1>\n<p>[\/vc_column_text][vc_column_text css=\u00a0\u00bb.vc_custom_1634655924631{margin-top: 10px !important;}\u00a0\u00bb]<span style=\"color: #ffffff;\">Pour obtenir plus d&rsquo;informations, contactez-nous en utilisant l&rsquo;adresse e-mail ou le num\u00e9ro de t\u00e9l\u00e9phone ci-dessous. Nous sommes toujour pr\u00eats \u00e0 vous aider en cas de besoin.<\/span>[\/vc_column_text][vc_raw_html el_class=\u00a0\u00bbcontact-detail\u00a0\u00bb]JTNDcCUzRSUzQ3NwYW4lMjBjbGFzcyUzRCUyMnBlLTdzLWNhbGwlMjIlM0UlM0MlMkZzcGFuJTNFJTIwJTJCJTIwMzIlMjAyJTIwNzUxJTIwNDQlMjA5OSUzQ2JyJTNFJTBBJTNDYnIlM0UlMEElM0NzcGFuJTIwY2xhc3MlM0QlMjJwZS03cy1tYWlsLW9wZW4tZmlsZSUyMiUzRSUyMCUyMCUzQyUyRnNwYW4lM0UlMjAlMjAlM0NhJTIwaHJlZiUzRCUyMm1haWx0byUzQUhvd0NhbklIZWxwWW91JTQwYmUubmlzc2luLWV1LmNvbSUyMiUzRUhvd0NhbklIZWxwWW91JTQwYmUubmlzc2luLWV1LmNvbSUzQyUyRmElM0UlM0NiciUzRSUwQSUzQ2JyJTNFJTBBJTNDc3BhbiUyMGNsYXNzJTNEJTIycGUtN3MtbWFwLTIlMjIlM0UlM0MlMkZzcGFuJTNFJTIwJTIwJTI2bmJzcCUzQkJlZHJpanZlbnpvbmUlMjBNYWNoZWxlbiUyMCUzQ2JyJTNFJTIwJTIwJTIwJTIwJTIwJTBBJTIwJTI2bmJzcCUzQiUyMCUyNm5ic3AlM0IlMjAlMjZuYnNwJTNCJTIwJTI2bmJzcCUzQiUyMCUyNm5ic3AlM0JDYXJnbyUyMDczOCUyRjIlMjAlM0NiciUzRSUyMCUyNm5ic3AlM0IlMjAlMjZuYnNwJTNCJTIwJTI2bmJzcCUzQiUyMCUyNm5ic3AlM0IlMjAlMjZuYnNwJTNCQi0xODMwJTIwTWFjaGVsZW4lM0MlMkZwJTNF[\/vc_raw_html][\/vc_column][vc_column width=\u00a0\u00bb2\/3&Prime; css=\u00a0\u00bb.vc_custom_1633099489224{padding-left: 30px !important;}\u00a0\u00bb][vc_custom_heading text=\u00a0\u00bbENVOYEZ-NOUS UN MESSAGE\u00a0\u00bb font_container=\u00a0\u00bbtag:h4|text_align:left|color:%23e40428&Prime; use_theme_fonts=\u00a0\u00bbyes\u00a0\u00bb tm_text_transform=\u00a0\u00bbuppercase\u00a0\u00bb css=\u00a0\u00bb.vc_custom_1774353015200{padding-bottom: 20px !important;}\u00a0\u00bb][vc_column_text]Pour postuler \u00e0 un emploi : Cliquez <a href=\"https:\/\/www.nissin.be\/fr\/candidature\/\">ici<\/a>.[\/vc_column_text]\n<div class=\"wpcf7 no-js\" id=\"wpcf7-f77457-o1\" lang=\"en-US\" dir=\"ltr\" data-wpcf7-id=\"77457\">\n<div class=\"screen-reader-response\"><p role=\"status\" aria-live=\"polite\" aria-atomic=\"true\"><\/p> <ul><\/ul><\/div>\n<form action=\"\/fr\/wp-json\/wp\/v2\/pages\/76261#wpcf7-f77457-o1\" method=\"post\" class=\"wpcf7-form init\" aria-label=\"Contact form\" novalidate=\"novalidate\" data-status=\"init\">\n<fieldset class=\"hidden-fields-container\"><input type=\"hidden\" name=\"_wpcf7\" value=\"77457\" \/><input type=\"hidden\" name=\"_wpcf7_version\" value=\"6.1.5\" \/><input type=\"hidden\" name=\"_wpcf7_locale\" value=\"en_US\" \/><input type=\"hidden\" name=\"_wpcf7_unit_tag\" value=\"wpcf7-f77457-o1\" \/><input type=\"hidden\" name=\"_wpcf7_container_post\" value=\"0\" \/><input type=\"hidden\" name=\"_wpcf7_posted_data_hash\" value=\"\" \/><input type=\"hidden\" name=\"_wpcf7_recaptcha_response\" value=\"\" \/>\n<\/fieldset>\n<div class=\"row\">\n\t<div class=\"col-md-6\">\n\t\t<p><span class=\"wpcf7-form-control-wrap\" data-name=\"your-name\"><input size=\"40\" maxlength=\"400\" class=\"wpcf7-form-control wpcf7-text wpcf7-validates-as-required\" aria-required=\"true\" aria-invalid=\"false\" placeholder=\"Nom *\" value=\"\" type=\"text\" name=\"your-name\" \/><\/span>\n\t\t<\/p>\n\t<\/div>\n\t<div class=\"col-md-6\">\n\t\t<p><span class=\"wpcf7-form-control-wrap\" data-name=\"your-email\"><input size=\"40\" maxlength=\"400\" class=\"wpcf7-form-control wpcf7-email wpcf7-validates-as-required wpcf7-text wpcf7-validates-as-email\" aria-required=\"true\" aria-invalid=\"false\" placeholder=\"Adresse e-mail *\" value=\"\" type=\"email\" name=\"your-email\" \/><\/span>\n\t\t<\/p>\n\t<\/div>\n<\/div>\n<div class=\"row\">\n\t<div class=\"col-md-6\">\n\t\t<p><span class=\"wpcf7-form-control-wrap\" data-name=\"phone-number\"><input size=\"40\" maxlength=\"400\" class=\"wpcf7-form-control wpcf7-tel wpcf7-text wpcf7-validates-as-tel\" aria-invalid=\"false\" placeholder=\"Num\u00e9ro de t\u00e9l\u00e9phone\" value=\"\" type=\"tel\" name=\"phone-number\" \/><\/span>\n\t\t<\/p>\n\t<\/div>\n\t<div class=\"col-md-6\">\n\t\t<p><span class=\"wpcf7-form-control-wrap\" data-name=\"menu-912\"><select class=\"wpcf7-form-control wpcf7-select wpcf7-validates-as-required\" aria-required=\"true\" aria-invalid=\"false\" name=\"menu-912\"><option value=\"Services logistiques *\">Services logistiques *<\/option><option value=\"TRANSPORT A\u00c9RIEN\">TRANSPORT A\u00c9RIEN<\/option><option value=\"TRANSPORT PAR MER\">TRANSPORT PAR MER<\/option><option value=\"TRANSPORT PAR ROUTE\">TRANSPORT PAR ROUTE<\/option><option value=\"TRANSPORT FERROVIAIRE\">TRANSPORT FERROVIAIRE<\/option><option value=\"ENTREPOSAGE\">ENTREPOSAGE<\/option><option value=\"D\u00c9M\u00c9NAGEMENTS\">D\u00c9M\u00c9NAGEMENTS<\/option><\/select><\/span>\n\t\t<\/p>\n\t<\/div>\n<\/div>\n<div class=\"row\">\n\t<div class=\"col-md-6\">\n\t\t<p><span class=\"wpcf7-form-control-wrap\" data-name=\"Nomdesocit\"><input size=\"40\" maxlength=\"400\" class=\"wpcf7-form-control wpcf7-text wpcf7-validates-as-required\" aria-required=\"true\" aria-invalid=\"false\" placeholder=\"Nom de soci\u00e9t\u00e9 *\" value=\"\" type=\"text\" name=\"Nomdesocit\" \/><\/span>\n\t\t<\/p>\n\t<\/div>\n\t<div class=\"col-md-6\">\n\t\t<p><span class=\"wpcf7-form-control-wrap\" data-name=\"NumroTVA\"><input size=\"40\" maxlength=\"400\" class=\"wpcf7-form-control wpcf7-text wpcf7-validates-as-required\" aria-required=\"true\" aria-invalid=\"false\" placeholder=\"Num\u00e9ro TVA *\" value=\"\" type=\"text\" name=\"NumroTVA\" \/><\/span>\n\t\t<\/p>\n\t<\/div>\n<\/div>\n<div class=\"row\">\n\t<div class=\"col-md-12\">\n\t\t<p><span class=\"wpcf7-form-control-wrap\" data-name=\"your-subject\"><input size=\"40\" maxlength=\"400\" class=\"wpcf7-form-control wpcf7-text wpcf7-validates-as-required\" aria-required=\"true\" aria-invalid=\"false\" placeholder=\"Sujet *\" value=\"\" type=\"text\" name=\"your-subject\" \/><\/span>\n\t\t<\/p>\n\t<\/div>\n<\/div>\n<div class=\"row\">\n\t<div class=\"col-md-12\">\n\t\t<p><span class=\"wpcf7-form-control-wrap\" data-name=\"your-message\"><textarea cols=\"40\" rows=\"10\" maxlength=\"2000\" class=\"wpcf7-form-control wpcf7-textarea wpcf7-validates-as-required\" aria-required=\"true\" aria-invalid=\"false\" placeholder=\"Votre message *\" name=\"your-message\"><\/textarea><\/span>\n\t\t<\/p>\n\t<\/div>\n<\/div>\n<span class=\"wpcf7-form-control-wrap recaptcha\" data-name=\"recaptcha\"><span data-sitekey=\"6LetXooqAAAAAOJAM9HT_U1wR1krpocsjKAD15Md\" class=\"wpcf7-form-control wpcf7-recaptcha g-recaptcha\"><\/span>\r\n<noscript>\r\n\t<div class=\"grecaptcha-noscript\">\r\n\t\t<iframe src=\"https:\/\/www.google.com\/recaptcha\/api\/fallback?k=6LetXooqAAAAAOJAM9HT_U1wR1krpocsjKAD15Md\" frameborder=\"0\" scrolling=\"no\" width=\"310\" height=\"430\">\r\n\t\t<\/iframe>\r\n\t\t<textarea name=\"g-recaptcha-response\" rows=\"3\" cols=\"40\" placeholder=\"reCaptcha Response Here\">\r\n\t\t<\/textarea>\r\n\t<\/div>\r\n<\/noscript>\r\n<\/span>\n<div class=\"row\">\n\t<div class=\"col-md-12\">\n\t\t<p><input class=\"wpcf7-form-control wpcf7-submit has-spinner\" type=\"submit\" value=\"Envoyez\" \/>\n\t\t<\/p>\n\t<\/div>\n<\/div><input type='hidden' class='wpcf7-pum' value='{\"closepopup\":false,\"closedelay\":0,\"openpopup\":false,\"openpopup_id\":0}' \/><div class=\"wpcf7-response-output\" aria-hidden=\"true\"><\/div>\n<\/form>\n<\/div>\n[\/vc_column][\/vc_row]<\/p>\n","protected":false},"excerpt":{"rendered":"<p>[vc_row full_width=\u00a0\u00bbstretch_row_content_no_spaces\u00a0\u00bb css=\u00a0\u00bb.vc_custom_1442847785178{margin-top: 0px !important;margin-bottom: 0px !important;}\u00a0\u00bb][vc_column][vc_column_text][\/vc_column_text][\/vc_column][\/vc_row][vc_row equal_height=\u00a0\u00bbyes\u00a0\u00bb css=\u00a0\u00bb.vc_custom_1633099432196{margin-top: 80px !important;margin-bottom: 80px !important;}\u00a0\u00bb][vc_column width=\u00a0\u00bb1\/3&Prime; css=\u00a0\u00bb.vc_custom_1633099371788{padding: 15px !important;background-color: #e40428 !important;}\u00a0\u00bb][vc_column_text css=\u00a0\u00bb.vc_custom_1671520161178{margin-bottom: 0px !important;border-bottom-width: 0px !important;padding-bottom: 0px !important;}\u00a0\u00bb] Nos coordonn\u00e9es [\/vc_column_text][vc_column_text css=\u00a0\u00bb.vc_custom_1634655924631{margin-top: 10px !important;}\u00a0\u00bb]Pour obtenir plus d&rsquo;informations, contactez-nous en utilisant l&rsquo;adresse e-mail ou le num\u00e9ro de t\u00e9l\u00e9phone ci-dessous. Nous sommes toujour pr\u00eats \u00e0 vous aider en cas [&hellip;]<\/p>\n","protected":false},"author":1,"featured_media":0,"parent":0,"menu_order":12,"comment_status":"closed","ping_status":"closed","template":"","meta":{"content-type":"","_monsterinsights_skip_tracking":false,"_monsterinsights_sitenote_active":false,"_monsterinsights_sitenote_note":"","_monsterinsights_sitenote_category":0,"footnotes":""},"class_list":["post-76261","page","type-page","status-publish","hentry"],"yoast_head":"<!-- This site is optimized with the Yoast SEO plugin v27.3 - https:\/\/yoast.com\/product\/yoast-seo-wordpress\/ -->\n<title>Contactez-nous - Nissin Belgique<\/title>\n<meta name=\"description\" content=\"Pour tranmettre un message \u00e0 Nissin Belgium , ou demander une r\u00e9ponse \u00e0 une question , utilisez ce formulaire de contact.\" \/>\n<meta name=\"robots\" content=\"index, follow, max-snippet:-1, max-image-preview:large, max-video-preview:-1\" \/>\n<link rel=\"canonical\" href=\"https:\/\/www.nissin.be\/fr\/contact\/\" \/>\n<meta property=\"og:locale\" content=\"fr_FR\" \/>\n<meta property=\"og:type\" content=\"article\" \/>\n<meta property=\"og:title\" content=\"Contactez-nous - Nissin Belgique\" \/>\n<meta property=\"og:description\" content=\"Pour tranmettre un message \u00e0 Nissin Belgium , ou demander une r\u00e9ponse \u00e0 une question , utilisez ce formulaire de contact.\" \/>\n<meta property=\"og:url\" content=\"https:\/\/www.nissin.be\/fr\/contact\/\" \/>\n<meta property=\"og:site_name\" content=\"Nissin Belgium\" \/>\n<meta property=\"article:modified_time\" content=\"2026-03-24T11:50:21+00:00\" \/>\n<meta name=\"twitter:card\" content=\"summary_large_image\" \/>\n<meta name=\"twitter:label1\" content=\"Dur\u00e9e de lecture estim\u00e9e\" \/>\n\t<meta name=\"twitter:data1\" content=\"1 minute\" \/>\n<script type=\"application\/ld+json\" class=\"yoast-schema-graph\">{\"@context\":\"https:\\\/\\\/schema.org\",\"@graph\":[{\"@type\":\"WebPage\",\"@id\":\"https:\\\/\\\/www.nissin.be\\\/fr\\\/contact\\\/\",\"url\":\"https:\\\/\\\/www.nissin.be\\\/fr\\\/contact\\\/\",\"name\":\"Contactez-nous - Nissin Belgique\",\"isPartOf\":{\"@id\":\"https:\\\/\\\/www.nissin.be\\\/#website\"},\"datePublished\":\"2015-09-21T14:56:41+00:00\",\"dateModified\":\"2026-03-24T11:50:21+00:00\",\"description\":\"Pour tranmettre un message \u00e0 Nissin Belgium , ou demander une r\u00e9ponse \u00e0 une question , utilisez ce formulaire de contact.\",\"breadcrumb\":{\"@id\":\"https:\\\/\\\/www.nissin.be\\\/fr\\\/contact\\\/#breadcrumb\"},\"inLanguage\":\"fr-FR\",\"potentialAction\":[{\"@type\":\"ReadAction\",\"target\":[\"https:\\\/\\\/www.nissin.be\\\/fr\\\/contact\\\/\"]}]},{\"@type\":\"BreadcrumbList\",\"@id\":\"https:\\\/\\\/www.nissin.be\\\/fr\\\/contact\\\/#breadcrumb\",\"itemListElement\":[{\"@type\":\"ListItem\",\"position\":1,\"name\":\"Home\",\"item\":\"https:\\\/\\\/www.nissin.be\\\/fr\\\/\"},{\"@type\":\"ListItem\",\"position\":2,\"name\":\"Contact\"}]},{\"@type\":\"WebSite\",\"@id\":\"https:\\\/\\\/www.nissin.be\\\/#website\",\"url\":\"https:\\\/\\\/www.nissin.be\\\/\",\"name\":\"Nissin Belgium\",\"description\":\"International Logistics Provider\",\"potentialAction\":[{\"@type\":\"SearchAction\",\"target\":{\"@type\":\"EntryPoint\",\"urlTemplate\":\"https:\\\/\\\/www.nissin.be\\\/?s={search_term_string}\"},\"query-input\":{\"@type\":\"PropertyValueSpecification\",\"valueRequired\":true,\"valueName\":\"search_term_string\"}}],\"inLanguage\":\"fr-FR\"}]}<\/script>\n<!-- \/ Yoast SEO plugin. -->","yoast_head_json":{"title":"Contactez-nous - Nissin Belgique","description":"Pour tranmettre un message \u00e0 Nissin Belgium , ou demander une r\u00e9ponse \u00e0 une question , utilisez ce formulaire de contact.","robots":{"index":"index","follow":"follow","max-snippet":"max-snippet:-1","max-image-preview":"max-image-preview:large","max-video-preview":"max-video-preview:-1"},"canonical":"https:\/\/www.nissin.be\/fr\/contact\/","og_locale":"fr_FR","og_type":"article","og_title":"Contactez-nous - Nissin Belgique","og_description":"Pour tranmettre un message \u00e0 Nissin Belgium , ou demander une r\u00e9ponse \u00e0 une question , utilisez ce formulaire de contact.","og_url":"https:\/\/www.nissin.be\/fr\/contact\/","og_site_name":"Nissin Belgium","article_modified_time":"2026-03-24T11:50:21+00:00","twitter_card":"summary_large_image","twitter_misc":{"Dur\u00e9e de lecture estim\u00e9e":"1 minute"},"schema":{"@context":"https:\/\/schema.org","@graph":[{"@type":"WebPage","@id":"https:\/\/www.nissin.be\/fr\/contact\/","url":"https:\/\/www.nissin.be\/fr\/contact\/","name":"Contactez-nous - Nissin Belgique","isPartOf":{"@id":"https:\/\/www.nissin.be\/#website"},"datePublished":"2015-09-21T14:56:41+00:00","dateModified":"2026-03-24T11:50:21+00:00","description":"Pour tranmettre un message \u00e0 Nissin Belgium , ou demander une r\u00e9ponse \u00e0 une question , utilisez ce formulaire de contact.","breadcrumb":{"@id":"https:\/\/www.nissin.be\/fr\/contact\/#breadcrumb"},"inLanguage":"fr-FR","potentialAction":[{"@type":"ReadAction","target":["https:\/\/www.nissin.be\/fr\/contact\/"]}]},{"@type":"BreadcrumbList","@id":"https:\/\/www.nissin.be\/fr\/contact\/#breadcrumb","itemListElement":[{"@type":"ListItem","position":1,"name":"Home","item":"https:\/\/www.nissin.be\/fr\/"},{"@type":"ListItem","position":2,"name":"Contact"}]},{"@type":"WebSite","@id":"https:\/\/www.nissin.be\/#website","url":"https:\/\/www.nissin.be\/","name":"Nissin Belgium","description":"International Logistics Provider","potentialAction":[{"@type":"SearchAction","target":{"@type":"EntryPoint","urlTemplate":"https:\/\/www.nissin.be\/?s={search_term_string}"},"query-input":{"@type":"PropertyValueSpecification","valueRequired":true,"valueName":"search_term_string"}}],"inLanguage":"fr-FR"}]}},"_links":{"self":[{"href":"https:\/\/www.nissin.be\/fr\/wp-json\/wp\/v2\/pages\/76261","targetHints":{"allow":["GET"]}}],"collection":[{"href":"https:\/\/www.nissin.be\/fr\/wp-json\/wp\/v2\/pages"}],"about":[{"href":"https:\/\/www.nissin.be\/fr\/wp-json\/wp\/v2\/types\/page"}],"author":[{"embeddable":true,"href":"https:\/\/www.nissin.be\/fr\/wp-json\/wp\/v2\/users\/1"}],"replies":[{"embeddable":true,"href":"https:\/\/www.nissin.be\/fr\/wp-json\/wp\/v2\/comments?post=76261"}],"version-history":[{"count":27,"href":"https:\/\/www.nissin.be\/fr\/wp-json\/wp\/v2\/pages\/76261\/revisions"}],"predecessor-version":[{"id":82002,"href":"https:\/\/www.nissin.be\/fr\/wp-json\/wp\/v2\/pages\/76261\/revisions\/82002"}],"wp:attachment":[{"href":"https:\/\/www.nissin.be\/fr\/wp-json\/wp\/v2\/media?parent=76261"}],"curies":[{"name":"wp","href":"https:\/\/api.w.org\/{rel}","templated":true}]}}