{"id":76202,"date":"2020-10-09T18:21:19","date_gmt":"2020-10-09T18:21:19","guid":{"rendered":"http:\/\/nissin.be\/industries\/food\/"},"modified":"2022-12-12T12:38:26","modified_gmt":"2022-12-12T12:38:26","slug":"alimentaire","status":"publish","type":"page","link":"https:\/\/www.nissin.be\/fr\/les-secteurs-pour-lesquels-nous-travaillons\/alimentaire\/","title":{"rendered":"Stockage et transport conformes de denr\u00e9es alimentaires"},"content":{"rendered":"<p>[vc_row full_width=\u00a0\u00bbstretch_row_content_no_spaces\u00a0\u00bb css=\u00a0\u00bb.vc_custom_1634148725567{background-image: url(http:\/\/nissin.be\/wp-content\/uploads\/2021\/10\/1-1.jpg?id=76969) !important;background-position: center !important;background-repeat: no-repeat !important;background-size: cover !important;}\u00a0\u00bb][vc_column][vc_empty_space height=\u00a0\u00bb534px\u00a0\u00bb][\/vc_column][\/vc_row][vc_row][vc_column][vc_single_image image=\u00a0\u00bb76651&Prime; img_size=\u00a0\u00bbfull\u00a0\u00bb alignment=\u00a0\u00bbcenter\u00a0\u00bb css=\u00a0\u00bb.vc_custom_1633101118124{margin-bottom: 0px !important;}\u00a0\u00bb][vc_column_text css=\u00a0\u00bb.vc_custom_1670848703518{margin-bottom: 0px !important;border-bottom-width: 0px !important;padding-bottom: 0px !important;}\u00a0\u00bb]<\/p>\n<h1 style=\"text-align: center; letter-spacing: 0px; color: #e40428; text-transform: uppercase; font-size: 38px; font-weight: 600;\">Stockage et transport conformes de denr\u00e9es alimentaires<\/h1>\n<p>[\/vc_column_text][vc_column_text css=\u00a0\u00bb.vc_custom_1636908813915{margin-top: 0px !important;padding-top: 20px !important;}\u00a0\u00bb]<\/p>\n<p style=\"text-align: center;\"><span style=\"color: #e40428;\">Vos produits alimentaires doivent \u00eatre stock\u00e9s et exp\u00e9di\u00e9s avec soin, dans le respect de r\u00e8glementations strictes. Gr\u00e2ce \u00e0 notre exp\u00e9rience en mati\u00e8re de logistique et d\u2019entreposage \u00e0 temp\u00e9rature contr\u00f4l\u00e9e, de douane et de r\u00e8glementation, vos clients internationaux pourront d\u00e9guster vos d\u00e9lices en un rien de temps.<\/span><\/p>\n<p>[\/vc_column_text][\/vc_column][\/vc_row][vc_row css=\u00a0\u00bb.vc_custom_1602092728595{padding-top: 35px !important;padding-bottom: 35px !important;}\u00a0\u00bb][vc_column][vc_row_inner][vc_column_inner width=\u00a0\u00bb1\/2&Prime; css=\u00a0\u00bb.vc_custom_1602267802735{padding-right: 20px !important;}\u00a0\u00bb][vc_custom_heading text=\u00a0\u00bbCoordination compl\u00e8te de votre transport de denr\u00e9es alimentaires\u00a0\u00bb font_container=\u00a0\u00bbtag:h2|text_align:left|color:%23e40428|line_height:1.2&Prime; use_theme_fonts=\u00a0\u00bbyes\u00a0\u00bb tm_text_transform=\u00a0\u00bbuppercase\u00a0\u00bb css=\u00a0\u00bb.vc_custom_1639942100073{padding-right: 15px !important;padding-bottom: 20px !important;}\u00a0\u00bb el_class=\u00a0\u00bbsection-title\u00a0\u00bb tm_font_weight=\u00a0\u00bb600&Prime;][vc_column_text css=\u00a0\u00bb.vc_custom_1639942016871{padding-right: 35px !important;}\u00a0\u00bb]En tant que partenaire logistique, nous vous offrons un service complet et proactif, de votre site de production \u00e0 votre destination.<\/p>\n<ul>\n<li>Ramassage<\/li>\n<li>Analyse par des laboratoires certifi\u00e9s<\/li>\n<li>Emballage<\/li>\n<li>Transport direct par air ou par mer \u2014 avec le temps de transit le plus court<\/li>\n<li>Stockage dans nos propres entrep\u00f4ts dans le monde entier<\/li>\n<li>Transport par nos propres camions au Japon<\/li>\n<li>Contr\u00f4le strict de la chaine du froid par le choix des \u00e9quipements<\/li>\n<li>Le plus haut niveau de contr\u00f4le de la qualit\u00e9 \u2014 l\u2019utilisation d\u2019outils d\u2019enregistrement de la temp\u00e9rature et de l\u2019humidit\u00e9<\/li>\n<\/ul>\n<p>[\/vc_column_text][\/vc_column_inner][vc_column_inner width=\u00a0\u00bb1\/2&Prime;][vc_single_image image=\u00a0\u00bb76965&Prime; img_size=\u00a0\u00bbfull\u00a0\u00bb alignment=\u00a0\u00bbcenter\u00a0\u00bb css_animation=\u00a0\u00bbfadeInRight\u00a0\u00bb][\/vc_column_inner][\/vc_row_inner][\/vc_column][\/vc_row][vc_row css=\u00a0\u00bb.vc_custom_1633101176851{margin-bottom: 50px !important;padding-top: 30px !important;padding-bottom: 30px !important;background-color: #e40428 !important;}\u00a0\u00bb row_bg_overlay=\u00a0\u00bb#e40428&Prime;][vc_column][vc_column_text]<\/p>\n<h3 style=\"text-align: center;\"><strong><span style=\"color: #ffffff; text-transform: uppercase;\">Exp\u00e9dions vos produits alimentaires<\/span><\/strong><\/h3>\n<p style=\"text-align: center;\"><strong><span style=\"color: #ffffff;\">Vous avez une question sur l\u2019exp\u00e9dition de vos produits alimentaires?<\/span><\/strong><\/p>\n<p>[\/vc_column_text][vc_btn title=\u00a0\u00bbCONTACTEZ-NOUS\u00a0\u00bb style=\u00a0\u00bboutline-custom\u00a0\u00bb outline_custom_color=\u00a0\u00bb#ffffff\u00a0\u00bb outline_custom_hover_background=\u00a0\u00bb#e40428&Prime; outline_custom_hover_text=\u00a0\u00bb#ffffff\u00a0\u00bb shape=\u00a0\u00bbsquare\u00a0\u00bb align=\u00a0\u00bbcenter\u00a0\u00bb link=\u00a0\u00bburl:http%3A%2F%2Fnissin.be%2Ffr%2Fcontact%2F|||\u00a0\u00bb][\/vc_column][\/vc_row]<\/p>\n","protected":false},"excerpt":{"rendered":"<p>[vc_row full_width=\u00a0\u00bbstretch_row_content_no_spaces\u00a0\u00bb css=\u00a0\u00bb.vc_custom_1634148725567{background-image: url(http:\/\/nissin.be\/wp-content\/uploads\/2021\/10\/1-1.jpg?id=76969) !important;background-position: center !important;background-repeat: no-repeat !important;background-size: cover !important;}\u00a0\u00bb][vc_column][vc_empty_space height=\u00a0\u00bb534px\u00a0\u00bb][\/vc_column][\/vc_row][vc_row][vc_column][vc_single_image image=\u00a0\u00bb76651&Prime; img_size=\u00a0\u00bbfull\u00a0\u00bb alignment=\u00a0\u00bbcenter\u00a0\u00bb css=\u00a0\u00bb.vc_custom_1633101118124{margin-bottom: 0px !important;}\u00a0\u00bb][vc_column_text css=\u00a0\u00bb.vc_custom_1670848703518{margin-bottom: 0px !important;border-bottom-width: 0px !important;padding-bottom: 0px !important;}\u00a0\u00bb] Stockage et transport conformes de denr\u00e9es alimentaires [\/vc_column_text][vc_column_text css=\u00a0\u00bb.vc_custom_1636908813915{margin-top: 0px !important;padding-top: 20px !important;}\u00a0\u00bb] Vos produits alimentaires doivent \u00eatre stock\u00e9s et exp\u00e9di\u00e9s avec soin, dans le respect de r\u00e8glementations strictes. Gr\u00e2ce [&hellip;]<\/p>\n","protected":false},"author":1,"featured_media":0,"parent":76084,"menu_order":2,"comment_status":"closed","ping_status":"closed","template":"","meta":{"content-type":"","_monsterinsights_skip_tracking":false,"_monsterinsights_sitenote_active":false,"_monsterinsights_sitenote_note":"","_monsterinsights_sitenote_category":0,"footnotes":""},"class_list":["post-76202","page","type-page","status-publish","hentry"],"yoast_head":"<!-- This site is optimized with the Yoast SEO plugin v27.3 - https:\/\/yoast.com\/product\/yoast-seo-wordpress\/ -->\n<title>Logistique pour les fabricants de produits alimentaires | Nissin Belgium<\/title>\n<meta name=\"description\" content=\"Vous cherchez un partenaire fiable et flexible pour stocker et transporter vos produits et ingr\u00e9dients alimentaires ? Nissin Belgium a les solutions pour tous vos d\u00e9fis.\" \/>\n<meta name=\"robots\" content=\"index, follow, max-snippet:-1, max-image-preview:large, max-video-preview:-1\" \/>\n<link rel=\"canonical\" href=\"https:\/\/www.nissin.be\/fr\/les-secteurs-pour-lesquels-nous-travaillons\/alimentaire\/\" \/>\n<meta property=\"og:locale\" content=\"fr_FR\" \/>\n<meta property=\"og:type\" content=\"article\" \/>\n<meta property=\"og:title\" content=\"Logistique pour les fabricants de produits alimentaires | Nissin Belgium\" \/>\n<meta property=\"og:description\" content=\"Vous cherchez un partenaire fiable et flexible pour stocker et transporter vos produits et ingr\u00e9dients alimentaires ? Nissin Belgium a les solutions pour tous vos d\u00e9fis.\" \/>\n<meta property=\"og:url\" content=\"https:\/\/www.nissin.be\/fr\/les-secteurs-pour-lesquels-nous-travaillons\/alimentaire\/\" \/>\n<meta property=\"og:site_name\" content=\"Nissin Belgium\" \/>\n<meta property=\"article:modified_time\" content=\"2022-12-12T12:38:26+00:00\" \/>\n<meta name=\"twitter:card\" content=\"summary_large_image\" \/>\n<meta name=\"twitter:label1\" content=\"Dur\u00e9e de lecture estim\u00e9e\" \/>\n\t<meta name=\"twitter:data1\" content=\"2 minutes\" \/>\n<script type=\"application\/ld+json\" class=\"yoast-schema-graph\">{\"@context\":\"https:\\\/\\\/schema.org\",\"@graph\":[{\"@type\":\"WebPage\",\"@id\":\"https:\\\/\\\/www.nissin.be\\\/fr\\\/les-secteurs-pour-lesquels-nous-travaillons\\\/alimentaire\\\/\",\"url\":\"https:\\\/\\\/www.nissin.be\\\/fr\\\/les-secteurs-pour-lesquels-nous-travaillons\\\/alimentaire\\\/\",\"name\":\"Logistique pour les fabricants de produits alimentaires | Nissin Belgium\",\"isPartOf\":{\"@id\":\"https:\\\/\\\/www.nissin.be\\\/#website\"},\"datePublished\":\"2020-10-09T18:21:19+00:00\",\"dateModified\":\"2022-12-12T12:38:26+00:00\",\"description\":\"Vous cherchez un partenaire fiable et flexible pour stocker et transporter vos produits et ingr\u00e9dients alimentaires ? Nissin Belgium a les solutions pour tous vos d\u00e9fis.\",\"breadcrumb\":{\"@id\":\"https:\\\/\\\/www.nissin.be\\\/fr\\\/les-secteurs-pour-lesquels-nous-travaillons\\\/alimentaire\\\/#breadcrumb\"},\"inLanguage\":\"fr-FR\",\"potentialAction\":[{\"@type\":\"ReadAction\",\"target\":[\"https:\\\/\\\/www.nissin.be\\\/fr\\\/les-secteurs-pour-lesquels-nous-travaillons\\\/alimentaire\\\/\"]}]},{\"@type\":\"BreadcrumbList\",\"@id\":\"https:\\\/\\\/www.nissin.be\\\/fr\\\/les-secteurs-pour-lesquels-nous-travaillons\\\/alimentaire\\\/#breadcrumb\",\"itemListElement\":[{\"@type\":\"ListItem\",\"position\":1,\"name\":\"Home\",\"item\":\"https:\\\/\\\/www.nissin.be\\\/fr\\\/\"},{\"@type\":\"ListItem\",\"position\":2,\"name\":\"Les secteurs pour lesquels nous travaillons\",\"item\":\"https:\\\/\\\/www.nissin.be\\\/fr\\\/les-secteurs-pour-lesquels-nous-travaillons\\\/\"},{\"@type\":\"ListItem\",\"position\":3,\"name\":\"Stockage et transport conformes de denr\u00e9es alimentaires\"}]},{\"@type\":\"WebSite\",\"@id\":\"https:\\\/\\\/www.nissin.be\\\/#website\",\"url\":\"https:\\\/\\\/www.nissin.be\\\/\",\"name\":\"Nissin Belgium\",\"description\":\"International Logistics Provider\",\"potentialAction\":[{\"@type\":\"SearchAction\",\"target\":{\"@type\":\"EntryPoint\",\"urlTemplate\":\"https:\\\/\\\/www.nissin.be\\\/?s={search_term_string}\"},\"query-input\":{\"@type\":\"PropertyValueSpecification\",\"valueRequired\":true,\"valueName\":\"search_term_string\"}}],\"inLanguage\":\"fr-FR\"}]}<\/script>\n<!-- \/ Yoast SEO plugin. -->","yoast_head_json":{"title":"Logistique pour les fabricants de produits alimentaires | Nissin Belgium","description":"Vous cherchez un partenaire fiable et flexible pour stocker et transporter vos produits et ingr\u00e9dients alimentaires ? Nissin Belgium a les solutions pour tous vos d\u00e9fis.","robots":{"index":"index","follow":"follow","max-snippet":"max-snippet:-1","max-image-preview":"max-image-preview:large","max-video-preview":"max-video-preview:-1"},"canonical":"https:\/\/www.nissin.be\/fr\/les-secteurs-pour-lesquels-nous-travaillons\/alimentaire\/","og_locale":"fr_FR","og_type":"article","og_title":"Logistique pour les fabricants de produits alimentaires | Nissin Belgium","og_description":"Vous cherchez un partenaire fiable et flexible pour stocker et transporter vos produits et ingr\u00e9dients alimentaires ? Nissin Belgium a les solutions pour tous vos d\u00e9fis.","og_url":"https:\/\/www.nissin.be\/fr\/les-secteurs-pour-lesquels-nous-travaillons\/alimentaire\/","og_site_name":"Nissin Belgium","article_modified_time":"2022-12-12T12:38:26+00:00","twitter_card":"summary_large_image","twitter_misc":{"Dur\u00e9e de lecture estim\u00e9e":"2 minutes"},"schema":{"@context":"https:\/\/schema.org","@graph":[{"@type":"WebPage","@id":"https:\/\/www.nissin.be\/fr\/les-secteurs-pour-lesquels-nous-travaillons\/alimentaire\/","url":"https:\/\/www.nissin.be\/fr\/les-secteurs-pour-lesquels-nous-travaillons\/alimentaire\/","name":"Logistique pour les fabricants de produits alimentaires | Nissin Belgium","isPartOf":{"@id":"https:\/\/www.nissin.be\/#website"},"datePublished":"2020-10-09T18:21:19+00:00","dateModified":"2022-12-12T12:38:26+00:00","description":"Vous cherchez un partenaire fiable et flexible pour stocker et transporter vos produits et ingr\u00e9dients alimentaires ? Nissin Belgium a les solutions pour tous vos d\u00e9fis.","breadcrumb":{"@id":"https:\/\/www.nissin.be\/fr\/les-secteurs-pour-lesquels-nous-travaillons\/alimentaire\/#breadcrumb"},"inLanguage":"fr-FR","potentialAction":[{"@type":"ReadAction","target":["https:\/\/www.nissin.be\/fr\/les-secteurs-pour-lesquels-nous-travaillons\/alimentaire\/"]}]},{"@type":"BreadcrumbList","@id":"https:\/\/www.nissin.be\/fr\/les-secteurs-pour-lesquels-nous-travaillons\/alimentaire\/#breadcrumb","itemListElement":[{"@type":"ListItem","position":1,"name":"Home","item":"https:\/\/www.nissin.be\/fr\/"},{"@type":"ListItem","position":2,"name":"Les secteurs pour lesquels nous travaillons","item":"https:\/\/www.nissin.be\/fr\/les-secteurs-pour-lesquels-nous-travaillons\/"},{"@type":"ListItem","position":3,"name":"Stockage et transport conformes de denr\u00e9es alimentaires"}]},{"@type":"WebSite","@id":"https:\/\/www.nissin.be\/#website","url":"https:\/\/www.nissin.be\/","name":"Nissin Belgium","description":"International Logistics Provider","potentialAction":[{"@type":"SearchAction","target":{"@type":"EntryPoint","urlTemplate":"https:\/\/www.nissin.be\/?s={search_term_string}"},"query-input":{"@type":"PropertyValueSpecification","valueRequired":true,"valueName":"search_term_string"}}],"inLanguage":"fr-FR"}]}},"_links":{"self":[{"href":"https:\/\/www.nissin.be\/fr\/wp-json\/wp\/v2\/pages\/76202","targetHints":{"allow":["GET"]}}],"collection":[{"href":"https:\/\/www.nissin.be\/fr\/wp-json\/wp\/v2\/pages"}],"about":[{"href":"https:\/\/www.nissin.be\/fr\/wp-json\/wp\/v2\/types\/page"}],"author":[{"embeddable":true,"href":"https:\/\/www.nissin.be\/fr\/wp-json\/wp\/v2\/users\/1"}],"replies":[{"embeddable":true,"href":"https:\/\/www.nissin.be\/fr\/wp-json\/wp\/v2\/comments?post=76202"}],"version-history":[{"count":22,"href":"https:\/\/www.nissin.be\/fr\/wp-json\/wp\/v2\/pages\/76202\/revisions"}],"predecessor-version":[{"id":78161,"href":"https:\/\/www.nissin.be\/fr\/wp-json\/wp\/v2\/pages\/76202\/revisions\/78161"}],"up":[{"embeddable":true,"href":"https:\/\/www.nissin.be\/fr\/wp-json\/wp\/v2\/pages\/76084"}],"wp:attachment":[{"href":"https:\/\/www.nissin.be\/fr\/wp-json\/wp\/v2\/media?parent=76202"}],"curies":[{"name":"wp","href":"https:\/\/api.w.org\/{rel}","templated":true}]}}