{"id":76194,"date":"2020-10-09T18:01:40","date_gmt":"2020-10-09T18:01:40","guid":{"rendered":"http:\/\/nissin.be\/industries\/automotive\/"},"modified":"2022-12-20T10:50:39","modified_gmt":"2022-12-20T10:50:39","slug":"automobile","status":"publish","type":"page","link":"https:\/\/www.nissin.be\/fr\/les-secteurs-pour-lesquels-nous-travaillons\/automobile\/","title":{"rendered":"Transport et entreposage pour l\u2019industrie automobile"},"content":{"rendered":"<p>[vc_row full_width=\u00a0\u00bbstretch_row_content_no_spaces\u00a0\u00bb css=\u00a0\u00bb.vc_custom_1634149809984{background-image: url(http:\/\/nissin.be\/wp-content\/uploads\/2021\/10\/14.jpg?id=76990) !important;background-position: center !important;background-repeat: no-repeat !important;background-size: cover !important;}\u00a0\u00bb][vc_column][vc_empty_space height=\u00a0\u00bb534px\u00a0\u00bb][\/vc_column][\/vc_row][vc_row][vc_column][vc_single_image image=\u00a0\u00bb76648&Prime; img_size=\u00a0\u00bbfull\u00a0\u00bb alignment=\u00a0\u00bbcenter\u00a0\u00bb][vc_column_text]<\/p>\n<h2 style=\"text-align: center; letter-spacing: 0px; color: #e40428; text-transform: uppercase; font-size: 38px; font-weight: 600;\">Automobile<\/h2>\n<p>[\/vc_column_text][\/vc_column][\/vc_row][vc_row css=\u00a0\u00bb.vc_custom_1602092728595{padding-top: 35px !important;padding-bottom: 35px !important;}\u00a0\u00bb][vc_column][vc_row_inner][vc_column_inner width=\u00a0\u00bb1\/2&Prime; css=\u00a0\u00bb.vc_custom_1602266616217{padding-right: 20px !important;}\u00a0\u00bb][vc_column_text]<\/p>\n<h1 style=\"letter-spacing: 0px; color: #e40428; text-transform: uppercase; font-size: 38px; font-weight: 600;\">Transport et entreposage pour l&rsquo;industrie automobile<\/h1>\n<p>[\/vc_column_text][vc_column_text css=\u00a0\u00bb.vc_custom_1639942250952{padding-right: 35px !important;}\u00a0\u00bb]Vous \u00eates un constructeur automobile ou un fabricant d\u2019\u00e9quipement d\u2019origine \u00e0 la recherche d\u2019une solution logistique? Qu\u2019il s\u2019agisse de voitures compl\u00e8tes, de pi\u00e8ces d\u00e9tach\u00e9es, d\u2019\u00e9lectronique, de batteries ou d\u2019airbags : Nissin a <span style=\"color: #ff0000;\"><strong>des d\u00e9cennies d\u2019exp\u00e9rience dans le secteur automobile<\/strong><\/span>, tant dans le transport que dans l\u2019entreposage. En tant que partenaire discret et certifi\u00e9, nous nous assurons que tout est pris en charge, y compris les <span style=\"color: #ff0000;\"><strong>formalit\u00e9s administratives<\/strong><\/span>. Cela signifie que vos flux de production et de logistique continueront \u00e0 fonctionner de mani\u00e8re fluide et transparente.<\/p>\n<ul>\n<li>Livraisons en flux tendu aux sites de production<\/li>\n<li>Solutions d\u2019entreposage flexibles<\/li>\n<li>Certifications pour le stockage en masse des airbags et des batteries<\/li>\n<li>Soutien au groupage\u00a0: manutention sp\u00e9ciale, reconditionnement\u2026<\/li>\n<li>Int\u00e9gration transparente avec vos syst\u00e8mes WMS et ERP \u2014 EDI<\/li>\n<li>Entrep\u00f4t d\u00e9di\u00e9 dans l\u2019Ohio et transport par camion de et vers l\u2019a\u00e9roport de Chicago<\/li>\n<li>Discr\u00e9tion absolue garantie lors du transport de prototypes de voitures \u00e0 l\u2019abri des regards, si n\u00e9cessaire<\/li>\n<\/ul>\n<p>[\/vc_column_text][\/vc_column_inner][vc_column_inner width=\u00a0\u00bb1\/2&Prime;][vc_single_image image=\u00a0\u00bb76950&Prime; img_size=\u00a0\u00bbfull\u00a0\u00bb alignment=\u00a0\u00bbcenter\u00a0\u00bb css_animation=\u00a0\u00bbfadeInRight\u00a0\u00bb][\/vc_column_inner][\/vc_row_inner][\/vc_column][\/vc_row][vc_row css=\u00a0\u00bb.vc_custom_1633101627232{margin-bottom: 50px !important;padding-top: 30px !important;padding-bottom: 30px !important;background-color: #e40428 !important;}\u00a0\u00bb row_bg_overlay=\u00a0\u00bb#e40428&Prime;][vc_column][vc_column_text]<\/p>\n<h3 style=\"text-align: center;\"><strong><span style=\"color: #ffffff; text-transform: uppercase;\">Rechargeons votre logistique<\/span><\/strong><\/h3>\n<p style=\"text-align: center;\"><strong><span style=\"color: #ffffff;\">Vous avez une question sur les solutions logistiques pour l\u2019industrie automobile?<\/span><\/strong><\/p>\n<p>[\/vc_column_text][vc_btn title=\u00a0\u00bbCONTACTEZ-NOUS\u00a0\u00bb style=\u00a0\u00bboutline-custom\u00a0\u00bb outline_custom_color=\u00a0\u00bb#ffffff\u00a0\u00bb outline_custom_hover_background=\u00a0\u00bb#e40428&Prime; outline_custom_hover_text=\u00a0\u00bb#ffffff\u00a0\u00bb shape=\u00a0\u00bbsquare\u00a0\u00bb align=\u00a0\u00bbcenter\u00a0\u00bb link=\u00a0\u00bburl:http%3A%2F%2Fnissin.be%2Ffr%2Fcontact%2F|||\u00a0\u00bb][\/vc_column][\/vc_row]<\/p>\n","protected":false},"excerpt":{"rendered":"<p>[vc_row full_width=\u00a0\u00bbstretch_row_content_no_spaces\u00a0\u00bb css=\u00a0\u00bb.vc_custom_1634149809984{background-image: url(http:\/\/nissin.be\/wp-content\/uploads\/2021\/10\/14.jpg?id=76990) !important;background-position: center !important;background-repeat: no-repeat !important;background-size: cover !important;}\u00a0\u00bb][vc_column][vc_empty_space height=\u00a0\u00bb534px\u00a0\u00bb][\/vc_column][\/vc_row][vc_row][vc_column][vc_single_image image=\u00a0\u00bb76648&Prime; img_size=\u00a0\u00bbfull\u00a0\u00bb alignment=\u00a0\u00bbcenter\u00a0\u00bb][vc_column_text] Automobile [\/vc_column_text][\/vc_column][\/vc_row][vc_row css=\u00a0\u00bb.vc_custom_1602092728595{padding-top: 35px !important;padding-bottom: 35px !important;}\u00a0\u00bb][vc_column][vc_row_inner][vc_column_inner width=\u00a0\u00bb1\/2&Prime; css=\u00a0\u00bb.vc_custom_1602266616217{padding-right: 20px !important;}\u00a0\u00bb][vc_column_text] Transport et entreposage pour l&rsquo;industrie automobile [\/vc_column_text][vc_column_text css=\u00a0\u00bb.vc_custom_1639942250952{padding-right: 35px !important;}\u00a0\u00bb]Vous \u00eates un constructeur automobile ou un fabricant d\u2019\u00e9quipement d\u2019origine \u00e0 la recherche d\u2019une solution logistique? Qu\u2019il s\u2019agisse de voitures [&hellip;]<\/p>\n","protected":false},"author":1,"featured_media":0,"parent":76084,"menu_order":3,"comment_status":"closed","ping_status":"closed","template":"","meta":{"content-type":"","_monsterinsights_skip_tracking":false,"_monsterinsights_sitenote_active":false,"_monsterinsights_sitenote_note":"","_monsterinsights_sitenote_category":0,"footnotes":""},"class_list":["post-76194","page","type-page","status-publish","hentry"],"yoast_head":"<!-- This site is optimized with the Yoast SEO plugin v27.3 - https:\/\/yoast.com\/product\/yoast-seo-wordpress\/ -->\n<title>Logistique pour l\u2019industrie automobile | Nissin Belgium<\/title>\n<meta name=\"description\" content=\"Vous cherchez un partenaire fiable et flexible pour stocker et transporter des voitures et des pi\u00e8ces d\u00e9tach\u00e9es? Nissin Belgium a les solutions pour tous vos d\u00e9fis.\" \/>\n<meta name=\"robots\" content=\"index, follow, max-snippet:-1, max-image-preview:large, max-video-preview:-1\" \/>\n<link rel=\"canonical\" href=\"https:\/\/www.nissin.be\/fr\/les-secteurs-pour-lesquels-nous-travaillons\/automobile\/\" \/>\n<meta property=\"og:locale\" content=\"fr_FR\" \/>\n<meta property=\"og:type\" content=\"article\" \/>\n<meta property=\"og:title\" content=\"Logistique pour l\u2019industrie automobile | Nissin Belgium\" \/>\n<meta property=\"og:description\" content=\"Vous cherchez un partenaire fiable et flexible pour stocker et transporter des voitures et des pi\u00e8ces d\u00e9tach\u00e9es? Nissin Belgium a les solutions pour tous vos d\u00e9fis.\" \/>\n<meta property=\"og:url\" content=\"https:\/\/www.nissin.be\/fr\/les-secteurs-pour-lesquels-nous-travaillons\/automobile\/\" \/>\n<meta property=\"og:site_name\" content=\"Nissin Belgium\" \/>\n<meta property=\"article:modified_time\" content=\"2022-12-20T10:50:39+00:00\" \/>\n<meta name=\"twitter:card\" content=\"summary_large_image\" \/>\n<meta name=\"twitter:label1\" content=\"Dur\u00e9e de lecture estim\u00e9e\" \/>\n\t<meta name=\"twitter:data1\" content=\"2 minutes\" \/>\n<script type=\"application\/ld+json\" class=\"yoast-schema-graph\">{\"@context\":\"https:\\\/\\\/schema.org\",\"@graph\":[{\"@type\":\"WebPage\",\"@id\":\"https:\\\/\\\/www.nissin.be\\\/fr\\\/les-secteurs-pour-lesquels-nous-travaillons\\\/automobile\\\/\",\"url\":\"https:\\\/\\\/www.nissin.be\\\/fr\\\/les-secteurs-pour-lesquels-nous-travaillons\\\/automobile\\\/\",\"name\":\"Logistique pour l\u2019industrie automobile | Nissin Belgium\",\"isPartOf\":{\"@id\":\"https:\\\/\\\/www.nissin.be\\\/#website\"},\"datePublished\":\"2020-10-09T18:01:40+00:00\",\"dateModified\":\"2022-12-20T10:50:39+00:00\",\"description\":\"Vous cherchez un partenaire fiable et flexible pour stocker et transporter des voitures et des pi\u00e8ces d\u00e9tach\u00e9es? Nissin Belgium a les solutions pour tous vos d\u00e9fis.\",\"breadcrumb\":{\"@id\":\"https:\\\/\\\/www.nissin.be\\\/fr\\\/les-secteurs-pour-lesquels-nous-travaillons\\\/automobile\\\/#breadcrumb\"},\"inLanguage\":\"fr-FR\",\"potentialAction\":[{\"@type\":\"ReadAction\",\"target\":[\"https:\\\/\\\/www.nissin.be\\\/fr\\\/les-secteurs-pour-lesquels-nous-travaillons\\\/automobile\\\/\"]}]},{\"@type\":\"BreadcrumbList\",\"@id\":\"https:\\\/\\\/www.nissin.be\\\/fr\\\/les-secteurs-pour-lesquels-nous-travaillons\\\/automobile\\\/#breadcrumb\",\"itemListElement\":[{\"@type\":\"ListItem\",\"position\":1,\"name\":\"Home\",\"item\":\"https:\\\/\\\/www.nissin.be\\\/fr\\\/\"},{\"@type\":\"ListItem\",\"position\":2,\"name\":\"Les secteurs pour lesquels nous travaillons\",\"item\":\"https:\\\/\\\/www.nissin.be\\\/fr\\\/les-secteurs-pour-lesquels-nous-travaillons\\\/\"},{\"@type\":\"ListItem\",\"position\":3,\"name\":\"Transport et entreposage pour l\u2019industrie automobile\"}]},{\"@type\":\"WebSite\",\"@id\":\"https:\\\/\\\/www.nissin.be\\\/#website\",\"url\":\"https:\\\/\\\/www.nissin.be\\\/\",\"name\":\"Nissin Belgium\",\"description\":\"International Logistics Provider\",\"potentialAction\":[{\"@type\":\"SearchAction\",\"target\":{\"@type\":\"EntryPoint\",\"urlTemplate\":\"https:\\\/\\\/www.nissin.be\\\/?s={search_term_string}\"},\"query-input\":{\"@type\":\"PropertyValueSpecification\",\"valueRequired\":true,\"valueName\":\"search_term_string\"}}],\"inLanguage\":\"fr-FR\"}]}<\/script>\n<!-- \/ Yoast SEO plugin. -->","yoast_head_json":{"title":"Logistique pour l\u2019industrie automobile | Nissin Belgium","description":"Vous cherchez un partenaire fiable et flexible pour stocker et transporter des voitures et des pi\u00e8ces d\u00e9tach\u00e9es? Nissin Belgium a les solutions pour tous vos d\u00e9fis.","robots":{"index":"index","follow":"follow","max-snippet":"max-snippet:-1","max-image-preview":"max-image-preview:large","max-video-preview":"max-video-preview:-1"},"canonical":"https:\/\/www.nissin.be\/fr\/les-secteurs-pour-lesquels-nous-travaillons\/automobile\/","og_locale":"fr_FR","og_type":"article","og_title":"Logistique pour l\u2019industrie automobile | Nissin Belgium","og_description":"Vous cherchez un partenaire fiable et flexible pour stocker et transporter des voitures et des pi\u00e8ces d\u00e9tach\u00e9es? Nissin Belgium a les solutions pour tous vos d\u00e9fis.","og_url":"https:\/\/www.nissin.be\/fr\/les-secteurs-pour-lesquels-nous-travaillons\/automobile\/","og_site_name":"Nissin Belgium","article_modified_time":"2022-12-20T10:50:39+00:00","twitter_card":"summary_large_image","twitter_misc":{"Dur\u00e9e de lecture estim\u00e9e":"2 minutes"},"schema":{"@context":"https:\/\/schema.org","@graph":[{"@type":"WebPage","@id":"https:\/\/www.nissin.be\/fr\/les-secteurs-pour-lesquels-nous-travaillons\/automobile\/","url":"https:\/\/www.nissin.be\/fr\/les-secteurs-pour-lesquels-nous-travaillons\/automobile\/","name":"Logistique pour l\u2019industrie automobile | Nissin Belgium","isPartOf":{"@id":"https:\/\/www.nissin.be\/#website"},"datePublished":"2020-10-09T18:01:40+00:00","dateModified":"2022-12-20T10:50:39+00:00","description":"Vous cherchez un partenaire fiable et flexible pour stocker et transporter des voitures et des pi\u00e8ces d\u00e9tach\u00e9es? Nissin Belgium a les solutions pour tous vos d\u00e9fis.","breadcrumb":{"@id":"https:\/\/www.nissin.be\/fr\/les-secteurs-pour-lesquels-nous-travaillons\/automobile\/#breadcrumb"},"inLanguage":"fr-FR","potentialAction":[{"@type":"ReadAction","target":["https:\/\/www.nissin.be\/fr\/les-secteurs-pour-lesquels-nous-travaillons\/automobile\/"]}]},{"@type":"BreadcrumbList","@id":"https:\/\/www.nissin.be\/fr\/les-secteurs-pour-lesquels-nous-travaillons\/automobile\/#breadcrumb","itemListElement":[{"@type":"ListItem","position":1,"name":"Home","item":"https:\/\/www.nissin.be\/fr\/"},{"@type":"ListItem","position":2,"name":"Les secteurs pour lesquels nous travaillons","item":"https:\/\/www.nissin.be\/fr\/les-secteurs-pour-lesquels-nous-travaillons\/"},{"@type":"ListItem","position":3,"name":"Transport et entreposage pour l\u2019industrie automobile"}]},{"@type":"WebSite","@id":"https:\/\/www.nissin.be\/#website","url":"https:\/\/www.nissin.be\/","name":"Nissin Belgium","description":"International Logistics Provider","potentialAction":[{"@type":"SearchAction","target":{"@type":"EntryPoint","urlTemplate":"https:\/\/www.nissin.be\/?s={search_term_string}"},"query-input":{"@type":"PropertyValueSpecification","valueRequired":true,"valueName":"search_term_string"}}],"inLanguage":"fr-FR"}]}},"_links":{"self":[{"href":"https:\/\/www.nissin.be\/fr\/wp-json\/wp\/v2\/pages\/76194","targetHints":{"allow":["GET"]}}],"collection":[{"href":"https:\/\/www.nissin.be\/fr\/wp-json\/wp\/v2\/pages"}],"about":[{"href":"https:\/\/www.nissin.be\/fr\/wp-json\/wp\/v2\/types\/page"}],"author":[{"embeddable":true,"href":"https:\/\/www.nissin.be\/fr\/wp-json\/wp\/v2\/users\/1"}],"replies":[{"embeddable":true,"href":"https:\/\/www.nissin.be\/fr\/wp-json\/wp\/v2\/comments?post=76194"}],"version-history":[{"count":21,"href":"https:\/\/www.nissin.be\/fr\/wp-json\/wp\/v2\/pages\/76194\/revisions"}],"predecessor-version":[{"id":78386,"href":"https:\/\/www.nissin.be\/fr\/wp-json\/wp\/v2\/pages\/76194\/revisions\/78386"}],"up":[{"embeddable":true,"href":"https:\/\/www.nissin.be\/fr\/wp-json\/wp\/v2\/pages\/76084"}],"wp:attachment":[{"href":"https:\/\/www.nissin.be\/fr\/wp-json\/wp\/v2\/media?parent=76194"}],"curies":[{"name":"wp","href":"https:\/\/api.w.org\/{rel}","templated":true}]}}