{"id":76188,"date":"2020-10-09T17:42:26","date_gmt":"2020-10-09T17:42:26","guid":{"rendered":"http:\/\/nissin.be\/industries\/industrial-machinery-and-equipment\/"},"modified":"2022-12-12T13:24:15","modified_gmt":"2022-12-12T13:24:15","slug":"machines-et-equipements-industriels","status":"publish","type":"page","link":"https:\/\/www.nissin.be\/fr\/les-secteurs-pour-lesquels-nous-travaillons\/machines-et-equipements-industriels\/","title":{"rendered":"Transport de machines et d&rsquo;\u00e9quipements industriels"},"content":{"rendered":"<p>[vc_row full_width=\u00a0\u00bbstretch_row_content_no_spaces\u00a0\u00bb css=\u00a0\u00bb.vc_custom_1634148503707{background-image: url(http:\/\/nissin.be\/wp-content\/uploads\/2021\/10\/8.jpg?id=76972) !important;background-position: center !important;background-repeat: no-repeat !important;background-size: cover !important;}\u00a0\u00bb][vc_column][vc_empty_space height=\u00a0\u00bb534px\u00a0\u00bb][\/vc_column][\/vc_row][vc_row css=\u00a0\u00bb.vc_custom_1670851451750{margin-bottom: 0px !important;border-bottom-width: 0px !important;padding-bottom: 0px !important;}\u00a0\u00bb][vc_column][vc_single_image image=\u00a0\u00bb76654&Prime; img_size=\u00a0\u00bbfull\u00a0\u00bb alignment=\u00a0\u00bbcenter\u00a0\u00bb css=\u00a0\u00bb.vc_custom_1633100814035{margin-bottom: 0px !important;}\u00a0\u00bb][vc_column_text css=\u00a0\u00bb.vc_custom_1670851414051{margin-bottom: 0px !important;border-bottom-width: 0px !important;padding-bottom: 0px !important;}\u00a0\u00bb]<\/p>\n<h1 style=\"text-align: center; letter-spacing: 0px; color: #e40428; text-transform: uppercase; font-size: 38px; font-weight: 600;\">Transport de machines et d&rsquo;\u00e9quipements industriels<\/h1>\n<p>[\/vc_column_text][\/vc_column][\/vc_row][vc_row css=\u00a0\u00bb.vc_custom_1602092728595{padding-top: 35px !important;padding-bottom: 35px !important;}\u00a0\u00bb][vc_column][vc_row_inner][vc_column_inner width=\u00a0\u00bb1\/2&Prime; css=\u00a0\u00bb.vc_custom_1602266245890{padding-right: 20px !important;}\u00a0\u00bb][vc_column_text css=\u00a0\u00bb.vc_custom_1639942667655{padding-top: 75px !important;padding-right: 35px !important;}\u00a0\u00bb]Les machines industrielles lourdes et hors gabarit n\u00e9cessitent des solutions de transport sp\u00e9cialis\u00e9es. En tant que partenaire logistique, nous vous aidons \u00e0 trouver la bonne compagnie a\u00e9rienne ou maritime qui transporte des charges lourdes. Nous v\u00e9rifions si l\u2019a\u00e9roport ou le port de destination accepte votre cargaison. Et nous pouvons r\u00e9pondre \u00e0 tous vos besoins en mati\u00e8re de groupage et de r\u00e8glementation. Du traitement de protection \u00e0 l\u2019emballage en passant par l\u2019\u00e9tiquetage, les douanes et les permis pour les transports routiers exceptionnels\u00a0: Nissin Belgium est l\u00e0 pour vous.[\/vc_column_text][\/vc_column_inner][vc_column_inner width=\u00a0\u00bb1\/2&Prime;][vc_single_image image=\u00a0\u00bb76189&Prime; img_size=\u00a0\u00bbfull\u00a0\u00bb alignment=\u00a0\u00bbcenter\u00a0\u00bb css_animation=\u00a0\u00bbfadeInRight\u00a0\u00bb][\/vc_column_inner][\/vc_row_inner][\/vc_column][\/vc_row][vc_row css=\u00a0\u00bb.vc_custom_1633100893548{margin-bottom: 50px !important;padding-top: 30px !important;padding-bottom: 30px !important;background-color: #e40428 !important;}\u00a0\u00bb row_bg_overlay=\u00a0\u00bb#e40428&Prime;][vc_column][vc_column_text]<\/p>\n<h3 style=\"text-align: center;\"><strong><span style=\"color: #ffffff; text-transform: uppercase;\">D\u00e9pla\u00e7ons vos machines<\/span><\/strong><\/h3>\n<p style=\"text-align: center;\"><strong><span style=\"color: #ffffff;\">Vous avez une question sur le transport industriel?<\/span><\/strong><\/p>\n<p>[\/vc_column_text][vc_btn title=\u00a0\u00bbCONTACTEZ-NOUS\u00a0\u00bb style=\u00a0\u00bboutline-custom\u00a0\u00bb outline_custom_color=\u00a0\u00bb#ffffff\u00a0\u00bb outline_custom_hover_background=\u00a0\u00bb#e40428&Prime; outline_custom_hover_text=\u00a0\u00bb#ffffff\u00a0\u00bb shape=\u00a0\u00bbsquare\u00a0\u00bb align=\u00a0\u00bbcenter\u00a0\u00bb link=\u00a0\u00bburl:http%3A%2F%2Fnissin.be%2Ffr%2Fcontact%2F|||\u00a0\u00bb][\/vc_column][\/vc_row]<\/p>\n","protected":false},"excerpt":{"rendered":"<p>[vc_row full_width=\u00a0\u00bbstretch_row_content_no_spaces\u00a0\u00bb css=\u00a0\u00bb.vc_custom_1634148503707{background-image: url(http:\/\/nissin.be\/wp-content\/uploads\/2021\/10\/8.jpg?id=76972) !important;background-position: center !important;background-repeat: no-repeat !important;background-size: cover !important;}\u00a0\u00bb][vc_column][vc_empty_space height=\u00a0\u00bb534px\u00a0\u00bb][\/vc_column][\/vc_row][vc_row css=\u00a0\u00bb.vc_custom_1670851451750{margin-bottom: 0px !important;border-bottom-width: 0px !important;padding-bottom: 0px !important;}\u00a0\u00bb][vc_column][vc_single_image image=\u00a0\u00bb76654&Prime; img_size=\u00a0\u00bbfull\u00a0\u00bb alignment=\u00a0\u00bbcenter\u00a0\u00bb css=\u00a0\u00bb.vc_custom_1633100814035{margin-bottom: 0px !important;}\u00a0\u00bb][vc_column_text css=\u00a0\u00bb.vc_custom_1670851414051{margin-bottom: 0px !important;border-bottom-width: 0px !important;padding-bottom: 0px !important;}\u00a0\u00bb] Transport de machines et d&rsquo;\u00e9quipements industriels [\/vc_column_text][\/vc_column][\/vc_row][vc_row css=\u00a0\u00bb.vc_custom_1602092728595{padding-top: 35px !important;padding-bottom: 35px !important;}\u00a0\u00bb][vc_column][vc_row_inner][vc_column_inner width=\u00a0\u00bb1\/2&Prime; css=\u00a0\u00bb.vc_custom_1602266245890{padding-right: 20px !important;}\u00a0\u00bb][vc_column_text css=\u00a0\u00bb.vc_custom_1639942667655{padding-top: 75px !important;padding-right: 35px !important;}\u00a0\u00bb]Les machines industrielles [&hellip;]<\/p>\n","protected":false},"author":1,"featured_media":0,"parent":76084,"menu_order":4,"comment_status":"closed","ping_status":"closed","template":"","meta":{"content-type":"","_monsterinsights_skip_tracking":false,"_monsterinsights_sitenote_active":false,"_monsterinsights_sitenote_note":"","_monsterinsights_sitenote_category":0,"footnotes":""},"class_list":["post-76188","page","type-page","status-publish","hentry"],"yoast_head":"<!-- This site is optimized with the Yoast SEO plugin v27.3 - https:\/\/yoast.com\/product\/yoast-seo-wordpress\/ -->\n<title>Transport de machines et d&#039;\u00e9quipements industriels | Nissin Belgium<\/title>\n<meta name=\"description\" content=\"Vous cherchez un partenaire fiable et flexible pour le transport de machines et d\u2019\u00e9quipements industriels? Nissin Belgium a les solutions pour tous vos d\u00e9fis.\" \/>\n<meta name=\"robots\" content=\"index, follow, max-snippet:-1, max-image-preview:large, max-video-preview:-1\" \/>\n<link rel=\"canonical\" href=\"https:\/\/www.nissin.be\/fr\/les-secteurs-pour-lesquels-nous-travaillons\/machines-et-equipements-industriels\/\" \/>\n<meta property=\"og:locale\" content=\"fr_FR\" \/>\n<meta property=\"og:type\" content=\"article\" \/>\n<meta property=\"og:title\" content=\"Transport de machines et d&#039;\u00e9quipements industriels | Nissin Belgium\" \/>\n<meta property=\"og:description\" content=\"Vous cherchez un partenaire fiable et flexible pour le transport de machines et d\u2019\u00e9quipements industriels? Nissin Belgium a les solutions pour tous vos d\u00e9fis.\" \/>\n<meta property=\"og:url\" content=\"https:\/\/www.nissin.be\/fr\/les-secteurs-pour-lesquels-nous-travaillons\/machines-et-equipements-industriels\/\" \/>\n<meta property=\"og:site_name\" content=\"Nissin Belgium\" \/>\n<meta property=\"article:modified_time\" content=\"2022-12-12T13:24:15+00:00\" \/>\n<meta name=\"twitter:card\" content=\"summary_large_image\" \/>\n<meta name=\"twitter:label1\" content=\"Dur\u00e9e de lecture estim\u00e9e\" \/>\n\t<meta name=\"twitter:data1\" content=\"1 minute\" \/>\n<script type=\"application\/ld+json\" class=\"yoast-schema-graph\">{\"@context\":\"https:\\\/\\\/schema.org\",\"@graph\":[{\"@type\":\"WebPage\",\"@id\":\"https:\\\/\\\/www.nissin.be\\\/fr\\\/les-secteurs-pour-lesquels-nous-travaillons\\\/machines-et-equipements-industriels\\\/\",\"url\":\"https:\\\/\\\/www.nissin.be\\\/fr\\\/les-secteurs-pour-lesquels-nous-travaillons\\\/machines-et-equipements-industriels\\\/\",\"name\":\"Transport de machines et d'\u00e9quipements industriels | Nissin Belgium\",\"isPartOf\":{\"@id\":\"https:\\\/\\\/www.nissin.be\\\/#website\"},\"datePublished\":\"2020-10-09T17:42:26+00:00\",\"dateModified\":\"2022-12-12T13:24:15+00:00\",\"description\":\"Vous cherchez un partenaire fiable et flexible pour le transport de machines et d\u2019\u00e9quipements industriels? Nissin Belgium a les solutions pour tous vos d\u00e9fis.\",\"breadcrumb\":{\"@id\":\"https:\\\/\\\/www.nissin.be\\\/fr\\\/les-secteurs-pour-lesquels-nous-travaillons\\\/machines-et-equipements-industriels\\\/#breadcrumb\"},\"inLanguage\":\"fr-FR\",\"potentialAction\":[{\"@type\":\"ReadAction\",\"target\":[\"https:\\\/\\\/www.nissin.be\\\/fr\\\/les-secteurs-pour-lesquels-nous-travaillons\\\/machines-et-equipements-industriels\\\/\"]}]},{\"@type\":\"BreadcrumbList\",\"@id\":\"https:\\\/\\\/www.nissin.be\\\/fr\\\/les-secteurs-pour-lesquels-nous-travaillons\\\/machines-et-equipements-industriels\\\/#breadcrumb\",\"itemListElement\":[{\"@type\":\"ListItem\",\"position\":1,\"name\":\"Home\",\"item\":\"https:\\\/\\\/www.nissin.be\\\/fr\\\/\"},{\"@type\":\"ListItem\",\"position\":2,\"name\":\"Les secteurs pour lesquels nous travaillons\",\"item\":\"https:\\\/\\\/www.nissin.be\\\/fr\\\/les-secteurs-pour-lesquels-nous-travaillons\\\/\"},{\"@type\":\"ListItem\",\"position\":3,\"name\":\"Transport de machines et d&#8217;\u00e9quipements industriels\"}]},{\"@type\":\"WebSite\",\"@id\":\"https:\\\/\\\/www.nissin.be\\\/#website\",\"url\":\"https:\\\/\\\/www.nissin.be\\\/\",\"name\":\"Nissin Belgium\",\"description\":\"International Logistics Provider\",\"potentialAction\":[{\"@type\":\"SearchAction\",\"target\":{\"@type\":\"EntryPoint\",\"urlTemplate\":\"https:\\\/\\\/www.nissin.be\\\/?s={search_term_string}\"},\"query-input\":{\"@type\":\"PropertyValueSpecification\",\"valueRequired\":true,\"valueName\":\"search_term_string\"}}],\"inLanguage\":\"fr-FR\"}]}<\/script>\n<!-- \/ Yoast SEO plugin. -->","yoast_head_json":{"title":"Transport de machines et d'\u00e9quipements industriels | Nissin Belgium","description":"Vous cherchez un partenaire fiable et flexible pour le transport de machines et d\u2019\u00e9quipements industriels? Nissin Belgium a les solutions pour tous vos d\u00e9fis.","robots":{"index":"index","follow":"follow","max-snippet":"max-snippet:-1","max-image-preview":"max-image-preview:large","max-video-preview":"max-video-preview:-1"},"canonical":"https:\/\/www.nissin.be\/fr\/les-secteurs-pour-lesquels-nous-travaillons\/machines-et-equipements-industriels\/","og_locale":"fr_FR","og_type":"article","og_title":"Transport de machines et d'\u00e9quipements industriels | Nissin Belgium","og_description":"Vous cherchez un partenaire fiable et flexible pour le transport de machines et d\u2019\u00e9quipements industriels? Nissin Belgium a les solutions pour tous vos d\u00e9fis.","og_url":"https:\/\/www.nissin.be\/fr\/les-secteurs-pour-lesquels-nous-travaillons\/machines-et-equipements-industriels\/","og_site_name":"Nissin Belgium","article_modified_time":"2022-12-12T13:24:15+00:00","twitter_card":"summary_large_image","twitter_misc":{"Dur\u00e9e de lecture estim\u00e9e":"1 minute"},"schema":{"@context":"https:\/\/schema.org","@graph":[{"@type":"WebPage","@id":"https:\/\/www.nissin.be\/fr\/les-secteurs-pour-lesquels-nous-travaillons\/machines-et-equipements-industriels\/","url":"https:\/\/www.nissin.be\/fr\/les-secteurs-pour-lesquels-nous-travaillons\/machines-et-equipements-industriels\/","name":"Transport de machines et d'\u00e9quipements industriels | Nissin Belgium","isPartOf":{"@id":"https:\/\/www.nissin.be\/#website"},"datePublished":"2020-10-09T17:42:26+00:00","dateModified":"2022-12-12T13:24:15+00:00","description":"Vous cherchez un partenaire fiable et flexible pour le transport de machines et d\u2019\u00e9quipements industriels? Nissin Belgium a les solutions pour tous vos d\u00e9fis.","breadcrumb":{"@id":"https:\/\/www.nissin.be\/fr\/les-secteurs-pour-lesquels-nous-travaillons\/machines-et-equipements-industriels\/#breadcrumb"},"inLanguage":"fr-FR","potentialAction":[{"@type":"ReadAction","target":["https:\/\/www.nissin.be\/fr\/les-secteurs-pour-lesquels-nous-travaillons\/machines-et-equipements-industriels\/"]}]},{"@type":"BreadcrumbList","@id":"https:\/\/www.nissin.be\/fr\/les-secteurs-pour-lesquels-nous-travaillons\/machines-et-equipements-industriels\/#breadcrumb","itemListElement":[{"@type":"ListItem","position":1,"name":"Home","item":"https:\/\/www.nissin.be\/fr\/"},{"@type":"ListItem","position":2,"name":"Les secteurs pour lesquels nous travaillons","item":"https:\/\/www.nissin.be\/fr\/les-secteurs-pour-lesquels-nous-travaillons\/"},{"@type":"ListItem","position":3,"name":"Transport de machines et d&#8217;\u00e9quipements industriels"}]},{"@type":"WebSite","@id":"https:\/\/www.nissin.be\/#website","url":"https:\/\/www.nissin.be\/","name":"Nissin Belgium","description":"International Logistics Provider","potentialAction":[{"@type":"SearchAction","target":{"@type":"EntryPoint","urlTemplate":"https:\/\/www.nissin.be\/?s={search_term_string}"},"query-input":{"@type":"PropertyValueSpecification","valueRequired":true,"valueName":"search_term_string"}}],"inLanguage":"fr-FR"}]}},"_links":{"self":[{"href":"https:\/\/www.nissin.be\/fr\/wp-json\/wp\/v2\/pages\/76188","targetHints":{"allow":["GET"]}}],"collection":[{"href":"https:\/\/www.nissin.be\/fr\/wp-json\/wp\/v2\/pages"}],"about":[{"href":"https:\/\/www.nissin.be\/fr\/wp-json\/wp\/v2\/types\/page"}],"author":[{"embeddable":true,"href":"https:\/\/www.nissin.be\/fr\/wp-json\/wp\/v2\/users\/1"}],"replies":[{"embeddable":true,"href":"https:\/\/www.nissin.be\/fr\/wp-json\/wp\/v2\/comments?post=76188"}],"version-history":[{"count":16,"href":"https:\/\/www.nissin.be\/fr\/wp-json\/wp\/v2\/pages\/76188\/revisions"}],"predecessor-version":[{"id":78167,"href":"https:\/\/www.nissin.be\/fr\/wp-json\/wp\/v2\/pages\/76188\/revisions\/78167"}],"up":[{"embeddable":true,"href":"https:\/\/www.nissin.be\/fr\/wp-json\/wp\/v2\/pages\/76084"}],"wp:attachment":[{"href":"https:\/\/www.nissin.be\/fr\/wp-json\/wp\/v2\/media?parent=76188"}],"curies":[{"name":"wp","href":"https:\/\/api.w.org\/{rel}","templated":true}]}}