{"id":76180,"date":"2020-10-09T16:57:52","date_gmt":"2020-10-09T16:57:52","guid":{"rendered":"http:\/\/nissin.be\/industries\/pharma\/"},"modified":"2025-04-11T15:39:39","modified_gmt":"2025-04-11T15:39:39","slug":"lifescienceshealthcare","status":"publish","type":"page","link":"https:\/\/www.nissin.be\/fr\/les-secteurs-pour-lesquels-nous-travaillons\/lifescienceshealthcare\/","title":{"rendered":"Logistique pour Life Sciences &#038; Healthcare"},"content":{"rendered":"<p>[vc_row full_width=\u00a0\u00bbstretch_row_content_no_spaces\u00a0\u00bb css=\u00a0\u00bb.vc_custom_1634150149047{background-image: url(http:\/\/nissin.be\/wp-content\/uploads\/2021\/10\/30.jpg?id=76999) !important;background-position: center !important;background-repeat: no-repeat !important;background-size: cover !important;}\u00a0\u00bb][vc_column][vc_empty_space height=\u00a0\u00bb534px\u00a0\u00bb][\/vc_column][\/vc_row][vc_row][vc_column][vc_single_image image=\u00a0\u00bb76657&Prime; img_size=\u00a0\u00bbfull\u00a0\u00bb alignment=\u00a0\u00bbcenter\u00a0\u00bb css=\u00a0\u00bb.vc_custom_1633101740895{margin-bottom: 0px !important;}\u00a0\u00bb][vc_column_text css=\u00a0\u00bb.vc_custom_1670849607108{margin-bottom: 0px !important;border-bottom-width: 0px !important;padding-bottom: 0px !important;}\u00a0\u00bb]<\/p>\n<h1 style=\"text-align: center; letter-spacing: 0px; color: #e40428; text-transform: uppercase; font-size: 38px; font-weight: 600;\">Logistique pour Life Sciences &amp; Healthcare<\/h1>\n<p>[\/vc_column_text][vc_column_text css=\u00a0\u00bb.vc_custom_1633101786100{padding-top: 20px !important;}\u00a0\u00bb]<\/p>\n<p style=\"text-align: center;\"><span style=\"color: #e40428;\">La production de m\u00e9dicaments, de dispositifs et d\u2019\u00e9quipements m\u00e9dicaux est soumise \u00e0 une r\u00e8glementation tr\u00e8s stricte. Il en va de m\u00eame pour les entreprises qui stockent et transportent toutes ces marchandises\u00a0: les partenaires logistiques travaillant dans le secteur pharmaceutique doivent respecter les r\u00e8gles des BPD et de la FDA.<\/span><\/p>\n<p>[\/vc_column_text][\/vc_column][\/vc_row][vc_row css=\u00a0\u00bb.vc_custom_1602092728595{padding-top: 35px !important;padding-bottom: 35px !important;}\u00a0\u00bb][vc_column][vc_row_inner][vc_column_inner width=\u00a0\u00bb1\/2&Prime; css=\u00a0\u00bb.vc_custom_1602262869371{padding-right: 20px !important;}\u00a0\u00bb][vc_custom_heading text=\u00a0\u00bbAu c\u0153ur de l\u2019industrie pharmaceutique europ\u00e9enne\u00a0\u00bb font_container=\u00a0\u00bbtag:h2|text_align:left|color:%23e40428|line_height:1.2&Prime; use_theme_fonts=\u00a0\u00bbyes\u00a0\u00bb tm_text_transform=\u00a0\u00bbuppercase\u00a0\u00bb css=\u00a0\u00bb.vc_custom_1637522041475{padding-bottom: 20px !important;}\u00a0\u00bb el_class=\u00a0\u00bbsection-title\u00a0\u00bb tm_font_weight=\u00a0\u00bb600&Prime;][vc_column_text css=\u00a0\u00bb.vc_custom_1639941589864{padding-right: 35px !important;}\u00a0\u00bb]Nissin Belgium dispose du savoir-faire, des outils et des partenariats n\u00e9cessaires pour exp\u00e9dier votre mat\u00e9riel pharmaceutique en conformit\u00e9 avec toutes les r\u00e8glementations applicables. De plus, notre situation \u00e0 proximit\u00e9 de l\u2019a\u00e9roport de Bruxelles-National nous place au c\u0153ur de l\u2019industrie pharmaceutique europ\u00e9enne.<\/p>\n<p>Pour les entreprises du secteur Life Sciences et Healthcare, Nissin Belgium a des atouts forts et uniques gr\u00e2ce \u00e0 sa longue exp\u00e9rience et une expertise approfondie dans, entre autres :<\/p>\n<ul>\n<li>Connexions multimodales entre le Japon, la Chine et l&rsquo;Europe<\/li>\n<li>Liaisons a\u00e9riennes et maritimes entre l&rsquo;Am\u00e9rique (Am\u00e9rique du Nord, Am\u00e9rique Centrale et Am\u00e9rique du Sud) et l&rsquo;Europe<\/li>\n<li>Stockage et transport \u00e0 temp\u00e9rature contr\u00f4l\u00e9e<\/li>\n<li>Transport urgent<\/li>\n<li>Transport de cargaisons sp\u00e9ciales<\/li>\n<li>Vols charters<\/li>\n<li>Manutention et transport de marchandises de grande valeur<\/li>\n<li>Projets personnalis\u00e9s<\/li>\n<\/ul>\n<p>[\/vc_column_text][\/vc_column_inner][vc_column_inner width=\u00a0\u00bb1\/2&Prime;][vc_single_image image=\u00a0\u00bb76940&Prime; img_size=\u00a0\u00bbfull\u00a0\u00bb alignment=\u00a0\u00bbcenter\u00a0\u00bb css_animation=\u00a0\u00bbfadeInRight\u00a0\u00bb][\/vc_column_inner][\/vc_row_inner][\/vc_column][\/vc_row][vc_section][vc_row full_width=\u00a0\u00bbstretch_row_content_no_spaces\u00a0\u00bb css=\u00a0\u00bb.vc_custom_1720766362285{padding-top: 30px !important;padding-bottom: 60px !important;padding-left: 60px !important;background-color: #f2f2f2 !important;}\u00a0\u00bb][vc_column][vc_custom_heading text=\u00a0\u00bbGRANDE NOUVELLE !\u00a0\u00bb font_container=\u00a0\u00bbtag:h2|text_align:left|color:%23e40428&Prime; use_theme_fonts=\u00a0\u00bbyes\u00a0\u00bb tm_font_weight=\u00a0\u00bb700&Prime;][vc_column_text]Lifelink Logistics, Powered by Nissin, lance Lifelink 360: Transport consolid\u00e9 conforme aux BPD pour Life Sciences &amp; Healthcare.[\/vc_column_text][vc_btn title=\u00a0\u00bbEN SAVOIR PLUS\u00a0\u00bb style=\u00a0\u00bbcustom\u00a0\u00bb custom_background=\u00a0\u00bb#e30427&Prime; custom_text=\u00a0\u00bb#ffffff\u00a0\u00bb shape=\u00a0\u00bbsquare\u00a0\u00bb link=\u00a0\u00bburl:https%3A%2F%2Fwww.nissin.be%2Ffr%2Flifelink-360%2F|title:LIB%20VILLAGE\u00a0\u00bb][\/vc_column][\/vc_row][\/vc_section][vc_row css=\u00a0\u00bb.vc_custom_1633101811436{margin-bottom: 50px !important;padding-top: 30px !important;padding-bottom: 30px !important;background-color: #e40428 !important;}\u00a0\u00bb row_bg_overlay=\u00a0\u00bb#e40428&Prime;][vc_column][vc_column_text]<\/p>\n<h3 style=\"text-align: center;\"><strong><span style=\"color: #ffffff; text-transform: uppercase;\">Transportons vos produits pharmaceutiques<\/span><\/strong><\/h3>\n<p style=\"text-align: center;\"><strong><span style=\"color: #ffffff;\">Vous voulez en savoir plus sur la logistique pour Life Sciences &amp; Healthcare?<\/span><\/strong><\/p>\n<p>[\/vc_column_text][vc_btn title=\u00a0\u00bbCONTACTEZ-NOUS\u00a0\u00bb style=\u00a0\u00bboutline-custom\u00a0\u00bb outline_custom_color=\u00a0\u00bb#ffffff\u00a0\u00bb outline_custom_hover_background=\u00a0\u00bb#e40428&Prime; outline_custom_hover_text=\u00a0\u00bb#ffffff\u00a0\u00bb shape=\u00a0\u00bbsquare\u00a0\u00bb align=\u00a0\u00bbcenter\u00a0\u00bb link=\u00a0\u00bburl:http%3A%2F%2Fnissin.be%2Ffr%2Fcontact%2F|||\u00a0\u00bb][\/vc_column][\/vc_row]<\/p>\n","protected":false},"excerpt":{"rendered":"<p>[vc_row full_width=\u00a0\u00bbstretch_row_content_no_spaces\u00a0\u00bb css=\u00a0\u00bb.vc_custom_1634150149047{background-image: url(http:\/\/nissin.be\/wp-content\/uploads\/2021\/10\/30.jpg?id=76999) !important;background-position: center !important;background-repeat: no-repeat !important;background-size: cover !important;}\u00a0\u00bb][vc_column][vc_empty_space height=\u00a0\u00bb534px\u00a0\u00bb][\/vc_column][\/vc_row][vc_row][vc_column][vc_single_image image=\u00a0\u00bb76657&Prime; img_size=\u00a0\u00bbfull\u00a0\u00bb alignment=\u00a0\u00bbcenter\u00a0\u00bb css=\u00a0\u00bb.vc_custom_1633101740895{margin-bottom: 0px !important;}\u00a0\u00bb][vc_column_text css=\u00a0\u00bb.vc_custom_1670849607108{margin-bottom: 0px !important;border-bottom-width: 0px !important;padding-bottom: 0px !important;}\u00a0\u00bb] Logistique pour Life Sciences &amp; Healthcare [\/vc_column_text][vc_column_text css=\u00a0\u00bb.vc_custom_1633101786100{padding-top: 20px !important;}\u00a0\u00bb] La production de m\u00e9dicaments, de dispositifs et d\u2019\u00e9quipements m\u00e9dicaux est soumise \u00e0 une r\u00e8glementation tr\u00e8s stricte. Il en va de [&hellip;]<\/p>\n","protected":false},"author":1,"featured_media":0,"parent":76084,"menu_order":1,"comment_status":"closed","ping_status":"closed","template":"","meta":{"content-type":"","_monsterinsights_skip_tracking":false,"_monsterinsights_sitenote_active":false,"_monsterinsights_sitenote_note":"","_monsterinsights_sitenote_category":0,"footnotes":""},"class_list":["post-76180","page","type-page","status-publish","hentry"],"yoast_head":"<!-- This site is optimized with the Yoast SEO plugin v27.3 - https:\/\/yoast.com\/product\/yoast-seo-wordpress\/ -->\n<title>Logistique pour Life Sciences &amp; Healthcare - Nissin Belgium<\/title>\n<meta name=\"description\" content=\"Nissin Belgium dispose du savoir-faire, des outils et des partenariats n\u00e9cessaires pour exp\u00e9dier votre mat\u00e9riel pharmaceutique en conformit\u00e9 avec les r\u00e8glementations.\" \/>\n<meta name=\"robots\" content=\"index, follow, max-snippet:-1, max-image-preview:large, max-video-preview:-1\" \/>\n<link rel=\"canonical\" href=\"https:\/\/www.nissin.be\/fr\/les-secteurs-pour-lesquels-nous-travaillons\/lifescienceshealthcare\/\" \/>\n<meta property=\"og:locale\" content=\"fr_FR\" \/>\n<meta property=\"og:type\" content=\"article\" \/>\n<meta property=\"og:title\" content=\"Logistique pour Life Sciences &amp; Healthcare - Nissin Belgium\" \/>\n<meta property=\"og:description\" content=\"Nissin Belgium dispose du savoir-faire, des outils et des partenariats n\u00e9cessaires pour exp\u00e9dier votre mat\u00e9riel pharmaceutique en conformit\u00e9 avec les r\u00e8glementations.\" \/>\n<meta property=\"og:url\" content=\"https:\/\/www.nissin.be\/fr\/les-secteurs-pour-lesquels-nous-travaillons\/lifescienceshealthcare\/\" \/>\n<meta property=\"og:site_name\" content=\"Nissin Belgium\" \/>\n<meta property=\"article:modified_time\" content=\"2025-04-11T15:39:39+00:00\" \/>\n<meta name=\"twitter:card\" content=\"summary_large_image\" \/>\n<meta name=\"twitter:label1\" content=\"Dur\u00e9e de lecture estim\u00e9e\" \/>\n\t<meta name=\"twitter:data1\" content=\"2 minutes\" \/>\n<script type=\"application\/ld+json\" class=\"yoast-schema-graph\">{\"@context\":\"https:\\\/\\\/schema.org\",\"@graph\":[{\"@type\":\"WebPage\",\"@id\":\"https:\\\/\\\/www.nissin.be\\\/fr\\\/les-secteurs-pour-lesquels-nous-travaillons\\\/lifescienceshealthcare\\\/\",\"url\":\"https:\\\/\\\/www.nissin.be\\\/fr\\\/les-secteurs-pour-lesquels-nous-travaillons\\\/lifescienceshealthcare\\\/\",\"name\":\"Logistique pour Life Sciences & Healthcare - Nissin Belgium\",\"isPartOf\":{\"@id\":\"https:\\\/\\\/www.nissin.be\\\/#website\"},\"datePublished\":\"2020-10-09T16:57:52+00:00\",\"dateModified\":\"2025-04-11T15:39:39+00:00\",\"description\":\"Nissin Belgium dispose du savoir-faire, des outils et des partenariats n\u00e9cessaires pour exp\u00e9dier votre mat\u00e9riel pharmaceutique en conformit\u00e9 avec les r\u00e8glementations.\",\"breadcrumb\":{\"@id\":\"https:\\\/\\\/www.nissin.be\\\/fr\\\/les-secteurs-pour-lesquels-nous-travaillons\\\/lifescienceshealthcare\\\/#breadcrumb\"},\"inLanguage\":\"fr-FR\",\"potentialAction\":[{\"@type\":\"ReadAction\",\"target\":[\"https:\\\/\\\/www.nissin.be\\\/fr\\\/les-secteurs-pour-lesquels-nous-travaillons\\\/lifescienceshealthcare\\\/\"]}]},{\"@type\":\"BreadcrumbList\",\"@id\":\"https:\\\/\\\/www.nissin.be\\\/fr\\\/les-secteurs-pour-lesquels-nous-travaillons\\\/lifescienceshealthcare\\\/#breadcrumb\",\"itemListElement\":[{\"@type\":\"ListItem\",\"position\":1,\"name\":\"Home\",\"item\":\"https:\\\/\\\/www.nissin.be\\\/fr\\\/\"},{\"@type\":\"ListItem\",\"position\":2,\"name\":\"Les secteurs pour lesquels nous travaillons\",\"item\":\"https:\\\/\\\/www.nissin.be\\\/fr\\\/les-secteurs-pour-lesquels-nous-travaillons\\\/\"},{\"@type\":\"ListItem\",\"position\":3,\"name\":\"Logistique pour Life Sciences &#038; Healthcare\"}]},{\"@type\":\"WebSite\",\"@id\":\"https:\\\/\\\/www.nissin.be\\\/#website\",\"url\":\"https:\\\/\\\/www.nissin.be\\\/\",\"name\":\"Nissin Belgium\",\"description\":\"International Logistics Provider\",\"potentialAction\":[{\"@type\":\"SearchAction\",\"target\":{\"@type\":\"EntryPoint\",\"urlTemplate\":\"https:\\\/\\\/www.nissin.be\\\/?s={search_term_string}\"},\"query-input\":{\"@type\":\"PropertyValueSpecification\",\"valueRequired\":true,\"valueName\":\"search_term_string\"}}],\"inLanguage\":\"fr-FR\"}]}<\/script>\n<!-- \/ Yoast SEO plugin. -->","yoast_head_json":{"title":"Logistique pour Life Sciences & Healthcare - Nissin Belgium","description":"Nissin Belgium dispose du savoir-faire, des outils et des partenariats n\u00e9cessaires pour exp\u00e9dier votre mat\u00e9riel pharmaceutique en conformit\u00e9 avec les r\u00e8glementations.","robots":{"index":"index","follow":"follow","max-snippet":"max-snippet:-1","max-image-preview":"max-image-preview:large","max-video-preview":"max-video-preview:-1"},"canonical":"https:\/\/www.nissin.be\/fr\/les-secteurs-pour-lesquels-nous-travaillons\/lifescienceshealthcare\/","og_locale":"fr_FR","og_type":"article","og_title":"Logistique pour Life Sciences & Healthcare - Nissin Belgium","og_description":"Nissin Belgium dispose du savoir-faire, des outils et des partenariats n\u00e9cessaires pour exp\u00e9dier votre mat\u00e9riel pharmaceutique en conformit\u00e9 avec les r\u00e8glementations.","og_url":"https:\/\/www.nissin.be\/fr\/les-secteurs-pour-lesquels-nous-travaillons\/lifescienceshealthcare\/","og_site_name":"Nissin Belgium","article_modified_time":"2025-04-11T15:39:39+00:00","twitter_card":"summary_large_image","twitter_misc":{"Dur\u00e9e de lecture estim\u00e9e":"2 minutes"},"schema":{"@context":"https:\/\/schema.org","@graph":[{"@type":"WebPage","@id":"https:\/\/www.nissin.be\/fr\/les-secteurs-pour-lesquels-nous-travaillons\/lifescienceshealthcare\/","url":"https:\/\/www.nissin.be\/fr\/les-secteurs-pour-lesquels-nous-travaillons\/lifescienceshealthcare\/","name":"Logistique pour Life Sciences & Healthcare - Nissin Belgium","isPartOf":{"@id":"https:\/\/www.nissin.be\/#website"},"datePublished":"2020-10-09T16:57:52+00:00","dateModified":"2025-04-11T15:39:39+00:00","description":"Nissin Belgium dispose du savoir-faire, des outils et des partenariats n\u00e9cessaires pour exp\u00e9dier votre mat\u00e9riel pharmaceutique en conformit\u00e9 avec les r\u00e8glementations.","breadcrumb":{"@id":"https:\/\/www.nissin.be\/fr\/les-secteurs-pour-lesquels-nous-travaillons\/lifescienceshealthcare\/#breadcrumb"},"inLanguage":"fr-FR","potentialAction":[{"@type":"ReadAction","target":["https:\/\/www.nissin.be\/fr\/les-secteurs-pour-lesquels-nous-travaillons\/lifescienceshealthcare\/"]}]},{"@type":"BreadcrumbList","@id":"https:\/\/www.nissin.be\/fr\/les-secteurs-pour-lesquels-nous-travaillons\/lifescienceshealthcare\/#breadcrumb","itemListElement":[{"@type":"ListItem","position":1,"name":"Home","item":"https:\/\/www.nissin.be\/fr\/"},{"@type":"ListItem","position":2,"name":"Les secteurs pour lesquels nous travaillons","item":"https:\/\/www.nissin.be\/fr\/les-secteurs-pour-lesquels-nous-travaillons\/"},{"@type":"ListItem","position":3,"name":"Logistique pour Life Sciences &#038; Healthcare"}]},{"@type":"WebSite","@id":"https:\/\/www.nissin.be\/#website","url":"https:\/\/www.nissin.be\/","name":"Nissin Belgium","description":"International Logistics Provider","potentialAction":[{"@type":"SearchAction","target":{"@type":"EntryPoint","urlTemplate":"https:\/\/www.nissin.be\/?s={search_term_string}"},"query-input":{"@type":"PropertyValueSpecification","valueRequired":true,"valueName":"search_term_string"}}],"inLanguage":"fr-FR"}]}},"_links":{"self":[{"href":"https:\/\/www.nissin.be\/fr\/wp-json\/wp\/v2\/pages\/76180","targetHints":{"allow":["GET"]}}],"collection":[{"href":"https:\/\/www.nissin.be\/fr\/wp-json\/wp\/v2\/pages"}],"about":[{"href":"https:\/\/www.nissin.be\/fr\/wp-json\/wp\/v2\/types\/page"}],"author":[{"embeddable":true,"href":"https:\/\/www.nissin.be\/fr\/wp-json\/wp\/v2\/users\/1"}],"replies":[{"embeddable":true,"href":"https:\/\/www.nissin.be\/fr\/wp-json\/wp\/v2\/comments?post=76180"}],"version-history":[{"count":18,"href":"https:\/\/www.nissin.be\/fr\/wp-json\/wp\/v2\/pages\/76180\/revisions"}],"predecessor-version":[{"id":80820,"href":"https:\/\/www.nissin.be\/fr\/wp-json\/wp\/v2\/pages\/76180\/revisions\/80820"}],"up":[{"embeddable":true,"href":"https:\/\/www.nissin.be\/fr\/wp-json\/wp\/v2\/pages\/76084"}],"wp:attachment":[{"href":"https:\/\/www.nissin.be\/fr\/wp-json\/wp\/v2\/media?parent=76180"}],"curies":[{"name":"wp","href":"https:\/\/api.w.org\/{rel}","templated":true}]}}