{"id":76172,"date":"2020-10-08T17:51:45","date_gmt":"2020-10-08T17:51:45","guid":{"rendered":"http:\/\/nissin.be\/value-added-logistics\/customs-services-and-fiscal-representation\/"},"modified":"2022-12-13T05:45:50","modified_gmt":"2022-12-13T05:45:50","slug":"services-douaniers-et-representation-fiscale","status":"publish","type":"page","link":"https:\/\/www.nissin.be\/fr\/services-a-valeur-ajoutee\/services-douaniers-et-representation-fiscale\/","title":{"rendered":"Services douaniers et repr\u00e9sentation fiscale"},"content":{"rendered":"<p>[vc_row full_width=\u00a0\u00bbstretch_row_content_no_spaces\u00a0\u00bb css=\u00a0\u00bb.vc_custom_1634150963750{background-image: url(http:\/\/nissin.be\/wp-content\/uploads\/2021\/10\/7.jpg?id=77012) !important;background-position: center !important;background-repeat: no-repeat !important;background-size: cover !important;}\u00a0\u00bb][vc_column][vc_empty_space height=\u00a0\u00bb534px\u00a0\u00bb][\/vc_column][\/vc_row][vc_row][vc_column][vc_single_image image=\u00a0\u00bb76634&Prime; img_size=\u00a0\u00bbfull\u00a0\u00bb alignment=\u00a0\u00bbcenter\u00a0\u00bb css=\u00a0\u00bb.vc_custom_1631306059469{margin-bottom: 0px !important;}\u00a0\u00bb][vc_column_text]<\/p>\n<h1 style=\"text-align: center; letter-spacing: 0px; color: #e40428; text-transform: uppercase; font-size: 38px; font-weight: 600;\">SERVICES DOUANIERS ET REPR\u00c9SENTATION FISCALE<\/h1>\n<p>[\/vc_column_text][\/vc_column][\/vc_row][vc_row][vc_column width=\u00a0\u00bb1\/2&Prime; css=\u00a0\u00bb.vc_custom_1602181689880{padding-right: 20px !important;}\u00a0\u00bb][vc_custom_heading text=\u00a0\u00bbVotre partenaire douanier\u00a0\u00bb font_container=\u00a0\u00bbtag:h2|text_align:left|color:%23e40428&Prime; use_theme_fonts=\u00a0\u00bbyes\u00a0\u00bb tm_text_transform=\u00a0\u00bbuppercase\u00a0\u00bb css=\u00a0\u00bb.vc_custom_1637521951076{padding-bottom: 20px !important;}\u00a0\u00bb el_class=\u00a0\u00bbsection-title\u00a0\u00bb tm_font_weight=\u00a0\u00bb600&Prime;][vc_column_text css=\u00a0\u00bb.vc_custom_1639940304804{padding-right: 35px !important;}\u00a0\u00bb]Si votre entreprise importe et exporte des marchandises, vous avez des formalit\u00e9s douani\u00e8res \u00e0 accomplir. C\u2019est un art en soi. Heureusement, nous sommes l\u00e0 pour vous aider. En tant que transitaire, nous disposons de nos propres experts internationaux en mati\u00e8re de douane. Nous nous assurons que tous les documents sont en r\u00e8gle, afin que votre cargaison puisse rapidement franchir les fronti\u00e8res, par air, mer ou terre.<\/p>\n<p><span style=\"color: #e40428;\"><strong>Pr\u00eats pour le Brexit<\/strong><\/span><br \/>\nNous sommes pr\u00eats \u00e0 aider les entreprises britanniques qui veulent d\u00e9placer leurs op\u00e9rations et\/ou leurs bureaux sur le continent \u00e0 la suite du Brexit.<\/p>\n<p><span style=\"color: #e40428;\"><strong>APE: Votre lien commercial entre le Japon et l&rsquo;Europe<\/strong><\/span><br \/>\nEn tant qu\u2019entreprise d\u2019origine japonaise, nous sommes pr\u00eats pour l\u2019accord APE entre l\u2019UE et le Japon. Avec notre aide, vous pourrez b\u00e9n\u00e9ficier des r\u00e8gles et r\u00e8glements harmonis\u00e9s et des droits r\u00e9duits associ\u00e9s \u00e0 cet accord.<\/p>\n<p><span style=\"color: #e40428;\"><strong>Votre repr\u00e9sentant fiscal dans l&rsquo;UE<\/strong><\/span><br \/>\nSi vous souhaitez importer des marchandises sur le continent europ\u00e9en sans investir dans un bureau local, vous pouvez d\u00e9signer Nissin Belgium comme votre repr\u00e9sentant fiscal. Dans ce cas, nous agissons en tant qu\u2019agent local et <span style=\"color: #ff0000;\">repr\u00e9sentant de votre entreprise<\/span> aupr\u00e8s des autorit\u00e9s fiscales et nous remplissons vos obligations fiscales et de TVA. Un repr\u00e9sentant fiscal peut vous permettre de diff\u00e9rer la TVA, ce qui est b\u00e9n\u00e9fique pour votre tr\u00e9sorerie.[\/vc_column_text][\/vc_column][vc_column width=\u00a0\u00bb1\/2&Prime;][vc_single_image image=\u00a0\u00bb76917&Prime; img_size=\u00a0\u00bbfull\u00a0\u00bb css_animation=\u00a0\u00bbfadeInRight\u00a0\u00bb][\/vc_column][\/vc_row][vc_row css=\u00a0\u00bb.vc_custom_1634228595436{margin-bottom: 50px !important;padding-top: 30px !important;padding-bottom: 30px !important;background-color: #e40428 !important;}\u00a0\u00bb row_bg_overlay=\u00a0\u00bb#e40428&Prime;][vc_column][vc_column_text]<\/p>\n<h3 style=\"text-align: center;\"><span style=\"color: #ffffff;\"><strong><span style=\"text-transform: uppercase;\">R\u00c9PONdons \u00c0 vos QUESTIONS SUR LES DOUANES<\/span><\/strong><\/span><\/h3>\n<p style=\"text-align: center;\"><span style=\"color: #ffffff;\">Vous avez une question sur les services douaniers ou la repr\u00e9sentation fiscale?<\/span><\/p>\n<p>[\/vc_column_text][vc_btn title=\u00a0\u00bbCONTACTEZ-NOUS\u00a0\u00bb style=\u00a0\u00bboutline-custom\u00a0\u00bb outline_custom_color=\u00a0\u00bb#ffffff\u00a0\u00bb outline_custom_hover_background=\u00a0\u00bb#e40428&Prime; outline_custom_hover_text=\u00a0\u00bb#ffffff\u00a0\u00bb shape=\u00a0\u00bbsquare\u00a0\u00bb align=\u00a0\u00bbcenter\u00a0\u00bb link=\u00a0\u00bburl:http%3A%2F%2Fnissin.be%2Ffr%2Fcontact%2F|||\u00a0\u00bb][\/vc_column][\/vc_row]<\/p>\n","protected":false},"excerpt":{"rendered":"<p>[vc_row full_width=\u00a0\u00bbstretch_row_content_no_spaces\u00a0\u00bb css=\u00a0\u00bb.vc_custom_1634150963750{background-image: url(http:\/\/nissin.be\/wp-content\/uploads\/2021\/10\/7.jpg?id=77012) !important;background-position: center !important;background-repeat: no-repeat !important;background-size: cover !important;}\u00a0\u00bb][vc_column][vc_empty_space height=\u00a0\u00bb534px\u00a0\u00bb][\/vc_column][\/vc_row][vc_row][vc_column][vc_single_image image=\u00a0\u00bb76634&Prime; img_size=\u00a0\u00bbfull\u00a0\u00bb alignment=\u00a0\u00bbcenter\u00a0\u00bb css=\u00a0\u00bb.vc_custom_1631306059469{margin-bottom: 0px !important;}\u00a0\u00bb][vc_column_text] SERVICES DOUANIERS ET REPR\u00c9SENTATION FISCALE [\/vc_column_text][\/vc_column][\/vc_row][vc_row][vc_column width=\u00a0\u00bb1\/2&Prime; css=\u00a0\u00bb.vc_custom_1602181689880{padding-right: 20px !important;}\u00a0\u00bb][vc_custom_heading text=\u00a0\u00bbVotre partenaire douanier\u00a0\u00bb font_container=\u00a0\u00bbtag:h2|text_align:left|color:%23e40428&Prime; use_theme_fonts=\u00a0\u00bbyes\u00a0\u00bb tm_text_transform=\u00a0\u00bbuppercase\u00a0\u00bb css=\u00a0\u00bb.vc_custom_1637521951076{padding-bottom: 20px !important;}\u00a0\u00bb el_class=\u00a0\u00bbsection-title\u00a0\u00bb tm_font_weight=\u00a0\u00bb600&Prime;][vc_column_text css=\u00a0\u00bb.vc_custom_1639940304804{padding-right: 35px !important;}\u00a0\u00bb]Si votre entreprise importe et exporte des marchandises, vous avez des formalit\u00e9s douani\u00e8res \u00e0 [&hellip;]<\/p>\n","protected":false},"author":1,"featured_media":0,"parent":76075,"menu_order":3,"comment_status":"closed","ping_status":"closed","template":"","meta":{"content-type":"","om_disable_all_campaigns":false,"_monsterinsights_skip_tracking":false,"_monsterinsights_sitenote_active":false,"_monsterinsights_sitenote_note":"","_monsterinsights_sitenote_category":0,"footnotes":""},"class_list":["post-76172","page","type-page","status-publish","hentry"],"yoast_head":"<!-- This site is optimized with the Yoast SEO plugin v27.1.1 - https:\/\/yoast.com\/product\/yoast-seo-wordpress\/ -->\n<title>Douane et repr\u00e9sentation fiscale | Nissin Belgium<\/title>\n<meta name=\"description\" content=\"Vous cherchez un partenaire fiable pour les questions de douane ou de repr\u00e9sentation fiscale ? Nissin Belgium a les solutions pour tous vos d\u00e9fis.\" \/>\n<meta name=\"robots\" content=\"index, follow, max-snippet:-1, max-image-preview:large, max-video-preview:-1\" \/>\n<link rel=\"canonical\" href=\"https:\/\/www.nissin.be\/fr\/services-a-valeur-ajoutee\/services-douaniers-et-representation-fiscale\/\" \/>\n<meta property=\"og:locale\" content=\"fr_FR\" \/>\n<meta property=\"og:type\" content=\"article\" \/>\n<meta property=\"og:title\" content=\"Douane et repr\u00e9sentation fiscale | Nissin Belgium\" \/>\n<meta property=\"og:description\" content=\"Vous cherchez un partenaire fiable pour les questions de douane ou de repr\u00e9sentation fiscale ? Nissin Belgium a les solutions pour tous vos d\u00e9fis.\" \/>\n<meta property=\"og:url\" content=\"https:\/\/www.nissin.be\/fr\/services-a-valeur-ajoutee\/services-douaniers-et-representation-fiscale\/\" \/>\n<meta property=\"og:site_name\" content=\"Nissin Belgium\" \/>\n<meta property=\"article:modified_time\" content=\"2022-12-13T05:45:50+00:00\" \/>\n<meta name=\"twitter:card\" content=\"summary_large_image\" \/>\n<meta name=\"twitter:label1\" content=\"Dur\u00e9e de lecture estim\u00e9e\" \/>\n\t<meta name=\"twitter:data1\" content=\"2 minutes\" \/>\n<script type=\"application\/ld+json\" class=\"yoast-schema-graph\">{\"@context\":\"https:\/\/schema.org\",\"@graph\":[{\"@type\":\"WebPage\",\"@id\":\"https:\/\/www.nissin.be\/fr\/services-a-valeur-ajoutee\/services-douaniers-et-representation-fiscale\/\",\"url\":\"https:\/\/www.nissin.be\/fr\/services-a-valeur-ajoutee\/services-douaniers-et-representation-fiscale\/\",\"name\":\"Douane et repr\u00e9sentation fiscale | Nissin Belgium\",\"isPartOf\":{\"@id\":\"https:\/\/www.nissin.be\/#website\"},\"datePublished\":\"2020-10-08T17:51:45+00:00\",\"dateModified\":\"2022-12-13T05:45:50+00:00\",\"description\":\"Vous cherchez un partenaire fiable pour les questions de douane ou de repr\u00e9sentation fiscale ? Nissin Belgium a les solutions pour tous vos d\u00e9fis.\",\"breadcrumb\":{\"@id\":\"https:\/\/www.nissin.be\/fr\/services-a-valeur-ajoutee\/services-douaniers-et-representation-fiscale\/#breadcrumb\"},\"inLanguage\":\"fr-FR\",\"potentialAction\":[{\"@type\":\"ReadAction\",\"target\":[\"https:\/\/www.nissin.be\/fr\/services-a-valeur-ajoutee\/services-douaniers-et-representation-fiscale\/\"]}]},{\"@type\":\"BreadcrumbList\",\"@id\":\"https:\/\/www.nissin.be\/fr\/services-a-valeur-ajoutee\/services-douaniers-et-representation-fiscale\/#breadcrumb\",\"itemListElement\":[{\"@type\":\"ListItem\",\"position\":1,\"name\":\"Home\",\"item\":\"https:\/\/www.nissin.be\/fr\/\"},{\"@type\":\"ListItem\",\"position\":2,\"name\":\"Services \u00e0 valeur ajout\u00e9e\",\"item\":\"https:\/\/www.nissin.be\/fr\/services-a-valeur-ajoutee\/\"},{\"@type\":\"ListItem\",\"position\":3,\"name\":\"Services douaniers et repr\u00e9sentation fiscale\"}]},{\"@type\":\"WebSite\",\"@id\":\"https:\/\/www.nissin.be\/#website\",\"url\":\"https:\/\/www.nissin.be\/\",\"name\":\"Nissin Belgium\",\"description\":\"International Logistics Provider\",\"potentialAction\":[{\"@type\":\"SearchAction\",\"target\":{\"@type\":\"EntryPoint\",\"urlTemplate\":\"https:\/\/www.nissin.be\/?s={search_term_string}\"},\"query-input\":{\"@type\":\"PropertyValueSpecification\",\"valueRequired\":true,\"valueName\":\"search_term_string\"}}],\"inLanguage\":\"fr-FR\"}]}<\/script>\n<!-- \/ Yoast SEO plugin. -->","yoast_head_json":{"title":"Douane et repr\u00e9sentation fiscale | Nissin Belgium","description":"Vous cherchez un partenaire fiable pour les questions de douane ou de repr\u00e9sentation fiscale ? Nissin Belgium a les solutions pour tous vos d\u00e9fis.","robots":{"index":"index","follow":"follow","max-snippet":"max-snippet:-1","max-image-preview":"max-image-preview:large","max-video-preview":"max-video-preview:-1"},"canonical":"https:\/\/www.nissin.be\/fr\/services-a-valeur-ajoutee\/services-douaniers-et-representation-fiscale\/","og_locale":"fr_FR","og_type":"article","og_title":"Douane et repr\u00e9sentation fiscale | Nissin Belgium","og_description":"Vous cherchez un partenaire fiable pour les questions de douane ou de repr\u00e9sentation fiscale ? Nissin Belgium a les solutions pour tous vos d\u00e9fis.","og_url":"https:\/\/www.nissin.be\/fr\/services-a-valeur-ajoutee\/services-douaniers-et-representation-fiscale\/","og_site_name":"Nissin Belgium","article_modified_time":"2022-12-13T05:45:50+00:00","twitter_card":"summary_large_image","twitter_misc":{"Dur\u00e9e de lecture estim\u00e9e":"2 minutes"},"schema":{"@context":"https:\/\/schema.org","@graph":[{"@type":"WebPage","@id":"https:\/\/www.nissin.be\/fr\/services-a-valeur-ajoutee\/services-douaniers-et-representation-fiscale\/","url":"https:\/\/www.nissin.be\/fr\/services-a-valeur-ajoutee\/services-douaniers-et-representation-fiscale\/","name":"Douane et repr\u00e9sentation fiscale | Nissin Belgium","isPartOf":{"@id":"https:\/\/www.nissin.be\/#website"},"datePublished":"2020-10-08T17:51:45+00:00","dateModified":"2022-12-13T05:45:50+00:00","description":"Vous cherchez un partenaire fiable pour les questions de douane ou de repr\u00e9sentation fiscale ? Nissin Belgium a les solutions pour tous vos d\u00e9fis.","breadcrumb":{"@id":"https:\/\/www.nissin.be\/fr\/services-a-valeur-ajoutee\/services-douaniers-et-representation-fiscale\/#breadcrumb"},"inLanguage":"fr-FR","potentialAction":[{"@type":"ReadAction","target":["https:\/\/www.nissin.be\/fr\/services-a-valeur-ajoutee\/services-douaniers-et-representation-fiscale\/"]}]},{"@type":"BreadcrumbList","@id":"https:\/\/www.nissin.be\/fr\/services-a-valeur-ajoutee\/services-douaniers-et-representation-fiscale\/#breadcrumb","itemListElement":[{"@type":"ListItem","position":1,"name":"Home","item":"https:\/\/www.nissin.be\/fr\/"},{"@type":"ListItem","position":2,"name":"Services \u00e0 valeur ajout\u00e9e","item":"https:\/\/www.nissin.be\/fr\/services-a-valeur-ajoutee\/"},{"@type":"ListItem","position":3,"name":"Services douaniers et repr\u00e9sentation fiscale"}]},{"@type":"WebSite","@id":"https:\/\/www.nissin.be\/#website","url":"https:\/\/www.nissin.be\/","name":"Nissin Belgium","description":"International Logistics Provider","potentialAction":[{"@type":"SearchAction","target":{"@type":"EntryPoint","urlTemplate":"https:\/\/www.nissin.be\/?s={search_term_string}"},"query-input":{"@type":"PropertyValueSpecification","valueRequired":true,"valueName":"search_term_string"}}],"inLanguage":"fr-FR"}]}},"_links":{"self":[{"href":"https:\/\/www.nissin.be\/fr\/wp-json\/wp\/v2\/pages\/76172","targetHints":{"allow":["GET"]}}],"collection":[{"href":"https:\/\/www.nissin.be\/fr\/wp-json\/wp\/v2\/pages"}],"about":[{"href":"https:\/\/www.nissin.be\/fr\/wp-json\/wp\/v2\/types\/page"}],"author":[{"embeddable":true,"href":"https:\/\/www.nissin.be\/fr\/wp-json\/wp\/v2\/users\/1"}],"replies":[{"embeddable":true,"href":"https:\/\/www.nissin.be\/fr\/wp-json\/wp\/v2\/comments?post=76172"}],"version-history":[{"count":32,"href":"https:\/\/www.nissin.be\/fr\/wp-json\/wp\/v2\/pages\/76172\/revisions"}],"predecessor-version":[{"id":78191,"href":"https:\/\/www.nissin.be\/fr\/wp-json\/wp\/v2\/pages\/76172\/revisions\/78191"}],"up":[{"embeddable":true,"href":"https:\/\/www.nissin.be\/fr\/wp-json\/wp\/v2\/pages\/76075"}],"wp:attachment":[{"href":"https:\/\/www.nissin.be\/fr\/wp-json\/wp\/v2\/media?parent=76172"}],"curies":[{"name":"wp","href":"https:\/\/api.w.org\/{rel}","templated":true}]}}