{"id":76164,"date":"2020-10-08T17:34:05","date_gmt":"2020-10-08T17:34:05","guid":{"rendered":"http:\/\/nissin.be\/value-added-logistics\/custom-logistics-solutions\/"},"modified":"2022-12-13T06:22:19","modified_gmt":"2022-12-13T06:22:19","slug":"traitement-special","status":"publish","type":"page","link":"https:\/\/www.nissin.be\/fr\/services-a-valeur-ajoutee\/traitement-special\/","title":{"rendered":"Traitement sp\u00e9cial"},"content":{"rendered":"<p>[vc_row full_width=\u00a0\u00bbstretch_row_content_no_spaces\u00a0\u00bb css=\u00a0\u00bb.vc_custom_1634151504285{background-image: url(http:\/\/nissin.be\/wp-content\/uploads\/2021\/10\/2.jpg?id=77019) !important;background-position: center !important;background-repeat: no-repeat !important;background-size: cover !important;}\u00a0\u00bb][vc_column][vc_empty_space height=\u00a0\u00bb534px\u00a0\u00bb][\/vc_column][\/vc_row][vc_row][vc_column][vc_single_image image=\u00a0\u00bb76631&Prime; img_size=\u00a0\u00bbfull\u00a0\u00bb alignment=\u00a0\u00bbcenter\u00a0\u00bb css=\u00a0\u00bb.vc_custom_1631305842550{margin-bottom: 0px !important;}\u00a0\u00bb][vc_column_text]<\/p>\n<h1 style=\"text-align: center; letter-spacing: 0px; color: #e40428; text-transform: uppercase; font-size: 38px; font-weight: 600;\">TRAITEMENT SP\u00c9CIAL<\/h1>\n<p>[\/vc_column_text][\/vc_column][\/vc_row][vc_row css=\u00a0\u00bb.vc_custom_1602092728595{padding-top: 35px !important;padding-bottom: 35px !important;}\u00a0\u00bb][vc_column][vc_row_inner][vc_column_inner width=\u00a0\u00bb1\/2&Prime;][vc_custom_heading text=\u00a0\u00bbDes solutions logistiques sur mesure pour chaque d\u00e9fi\u00a0\u00bb font_container=\u00a0\u00bbtag:h2|text_align:left|color:%23e40428|line_height:1.2&Prime; use_theme_fonts=\u00a0\u00bbyes\u00a0\u00bb tm_text_transform=\u00a0\u00bbuppercase\u00a0\u00bb css=\u00a0\u00bb.vc_custom_1637521856700{padding-bottom: 20px !important;}\u00a0\u00bb el_class=\u00a0\u00bbsection-title\u00a0\u00bb tm_font_weight=\u00a0\u00bb600&Prime;][vc_column_text css=\u00a0\u00bb.vc_custom_1639938887910{padding-right: 20px !important;}\u00a0\u00bb]Parfois, une logistique classique ne suffit pas. Dans ce cas, en tant qu\u2019architectes, nous vous montrons notre valeur ajout\u00e9e en cr\u00e9ant pour vous une <strong><span style=\"color: #ff0000;\">solution personnalis\u00e9e<\/span><\/strong>\u00a0: une solution qui combine flexibilit\u00e9, efficacit\u00e9 et ergonomie. Pensez au reconditionnement des palettes et aux commandes pr\u00e9par\u00e9es, au d\u00e9veloppement de mat\u00e9riel sur mesure ou aux livraisons en flux tendu, mais aussi aux chargements hors gabarit, aux marchandises explosives ou de grande valeur, aux technologies sensibles, aux exigences complexes en mati\u00e8re d\u2019emballage\u2026 Tout cela exige une <span style=\"color: #ff0000;\"><strong>approche et une planification flexibles<\/strong>\u00a0<\/span>: un d\u00e9fi que nous acceptons volontiers.[\/vc_column_text][\/vc_column_inner][vc_column_inner width=\u00a0\u00bb1\/2&Prime;][vc_single_image image=\u00a0\u00bb76927&Prime; img_size=\u00a0\u00bbfull\u00a0\u00bb alignment=\u00a0\u00bbcenter\u00a0\u00bb css_animation=\u00a0\u00bbfadeInRight\u00a0\u00bb][\/vc_column_inner][\/vc_row_inner][\/vc_column][\/vc_row][vc_row css=\u00a0\u00bb.vc_custom_1634228595436{margin-bottom: 50px !important;padding-top: 30px !important;padding-bottom: 30px !important;background-color: #e40428 !important;}\u00a0\u00bb row_bg_overlay=\u00a0\u00bb#e40428&Prime;][vc_column][vc_column_text]<\/p>\n<h3 style=\"text-align: center;\"><span style=\"color: #ffffff;\"><strong><span style=\"text-transform: uppercase;\">QUEL EST VOTRE D\u00c9FI EN MATI\u00e8RE DE TRANSPORT?<\/span><\/strong><\/span><\/h3>\n<p style=\"text-align: center;\"><span style=\"color: #ffffff;\"><strong>Vous cherchez plus d\u2019informations sur les solutions personnalis\u00e9es?\u00a0<\/strong><\/span><\/p>\n<p>[\/vc_column_text][vc_btn title=\u00a0\u00bbCONTACTEZ-NOUS\u00a0\u00bb style=\u00a0\u00bboutline-custom\u00a0\u00bb outline_custom_color=\u00a0\u00bb#ffffff\u00a0\u00bb outline_custom_hover_background=\u00a0\u00bb#e40428&Prime; outline_custom_hover_text=\u00a0\u00bb#ffffff\u00a0\u00bb shape=\u00a0\u00bbsquare\u00a0\u00bb align=\u00a0\u00bbcenter\u00a0\u00bb link=\u00a0\u00bburl:http%3A%2F%2Fnissin.be%2Ffr%2Fcontact%2F|||\u00a0\u00bb][\/vc_column][\/vc_row]<\/p>\n","protected":false},"excerpt":{"rendered":"<p>[vc_row full_width=\u00a0\u00bbstretch_row_content_no_spaces\u00a0\u00bb css=\u00a0\u00bb.vc_custom_1634151504285{background-image: url(http:\/\/nissin.be\/wp-content\/uploads\/2021\/10\/2.jpg?id=77019) !important;background-position: center !important;background-repeat: no-repeat !important;background-size: cover !important;}\u00a0\u00bb][vc_column][vc_empty_space height=\u00a0\u00bb534px\u00a0\u00bb][\/vc_column][\/vc_row][vc_row][vc_column][vc_single_image image=\u00a0\u00bb76631&Prime; img_size=\u00a0\u00bbfull\u00a0\u00bb alignment=\u00a0\u00bbcenter\u00a0\u00bb css=\u00a0\u00bb.vc_custom_1631305842550{margin-bottom: 0px !important;}\u00a0\u00bb][vc_column_text] TRAITEMENT SP\u00c9CIAL [\/vc_column_text][\/vc_column][\/vc_row][vc_row css=\u00a0\u00bb.vc_custom_1602092728595{padding-top: 35px !important;padding-bottom: 35px !important;}\u00a0\u00bb][vc_column][vc_row_inner][vc_column_inner width=\u00a0\u00bb1\/2&Prime;][vc_custom_heading text=\u00a0\u00bbDes solutions logistiques sur mesure pour chaque d\u00e9fi\u00a0\u00bb font_container=\u00a0\u00bbtag:h2|text_align:left|color:%23e40428|line_height:1.2&Prime; use_theme_fonts=\u00a0\u00bbyes\u00a0\u00bb tm_text_transform=\u00a0\u00bbuppercase\u00a0\u00bb css=\u00a0\u00bb.vc_custom_1637521856700{padding-bottom: 20px !important;}\u00a0\u00bb el_class=\u00a0\u00bbsection-title\u00a0\u00bb tm_font_weight=\u00a0\u00bb600&Prime;][vc_column_text css=\u00a0\u00bb.vc_custom_1639938887910{padding-right: 20px !important;}\u00a0\u00bb]Parfois, une logistique classique ne suffit pas. Dans ce cas, [&hellip;]<\/p>\n","protected":false},"author":1,"featured_media":0,"parent":76075,"menu_order":4,"comment_status":"closed","ping_status":"closed","template":"","meta":{"content-type":"","_monsterinsights_skip_tracking":false,"_monsterinsights_sitenote_active":false,"_monsterinsights_sitenote_note":"","_monsterinsights_sitenote_category":0,"footnotes":""},"class_list":["post-76164","page","type-page","status-publish","hentry"],"yoast_head":"<!-- This site is optimized with the Yoast SEO plugin v27.3 - https:\/\/yoast.com\/product\/yoast-seo-wordpress\/ -->\n<title>Logistique douani\u00e8re | Nissin Belgium<\/title>\n<meta name=\"description\" content=\"Vous avez besoin d\u2019une solution sur mesure pour un d\u00e9fi logistique? Nissin Belgium a les r\u00e9ponses.\" \/>\n<meta name=\"robots\" content=\"index, follow, max-snippet:-1, max-image-preview:large, max-video-preview:-1\" \/>\n<link rel=\"canonical\" href=\"https:\/\/www.nissin.be\/fr\/services-a-valeur-ajoutee\/traitement-special\/\" \/>\n<meta property=\"og:locale\" content=\"fr_FR\" \/>\n<meta property=\"og:type\" content=\"article\" \/>\n<meta property=\"og:title\" content=\"Logistique douani\u00e8re | Nissin Belgium\" \/>\n<meta property=\"og:description\" content=\"Vous avez besoin d\u2019une solution sur mesure pour un d\u00e9fi logistique? Nissin Belgium a les r\u00e9ponses.\" \/>\n<meta property=\"og:url\" content=\"https:\/\/www.nissin.be\/fr\/services-a-valeur-ajoutee\/traitement-special\/\" \/>\n<meta property=\"og:site_name\" content=\"Nissin Belgium\" \/>\n<meta property=\"article:modified_time\" content=\"2022-12-13T06:22:19+00:00\" \/>\n<meta name=\"twitter:card\" content=\"summary_large_image\" \/>\n<meta name=\"twitter:label1\" content=\"Dur\u00e9e de lecture estim\u00e9e\" \/>\n\t<meta name=\"twitter:data1\" content=\"1 minute\" \/>\n<script type=\"application\/ld+json\" class=\"yoast-schema-graph\">{\"@context\":\"https:\\\/\\\/schema.org\",\"@graph\":[{\"@type\":\"WebPage\",\"@id\":\"https:\\\/\\\/www.nissin.be\\\/fr\\\/services-a-valeur-ajoutee\\\/traitement-special\\\/\",\"url\":\"https:\\\/\\\/www.nissin.be\\\/fr\\\/services-a-valeur-ajoutee\\\/traitement-special\\\/\",\"name\":\"Logistique douani\u00e8re | Nissin Belgium\",\"isPartOf\":{\"@id\":\"https:\\\/\\\/www.nissin.be\\\/#website\"},\"datePublished\":\"2020-10-08T17:34:05+00:00\",\"dateModified\":\"2022-12-13T06:22:19+00:00\",\"description\":\"Vous avez besoin d\u2019une solution sur mesure pour un d\u00e9fi logistique? Nissin Belgium a les r\u00e9ponses.\",\"breadcrumb\":{\"@id\":\"https:\\\/\\\/www.nissin.be\\\/fr\\\/services-a-valeur-ajoutee\\\/traitement-special\\\/#breadcrumb\"},\"inLanguage\":\"fr-FR\",\"potentialAction\":[{\"@type\":\"ReadAction\",\"target\":[\"https:\\\/\\\/www.nissin.be\\\/fr\\\/services-a-valeur-ajoutee\\\/traitement-special\\\/\"]}]},{\"@type\":\"BreadcrumbList\",\"@id\":\"https:\\\/\\\/www.nissin.be\\\/fr\\\/services-a-valeur-ajoutee\\\/traitement-special\\\/#breadcrumb\",\"itemListElement\":[{\"@type\":\"ListItem\",\"position\":1,\"name\":\"Home\",\"item\":\"https:\\\/\\\/www.nissin.be\\\/fr\\\/\"},{\"@type\":\"ListItem\",\"position\":2,\"name\":\"Services \u00e0 valeur ajout\u00e9e\",\"item\":\"https:\\\/\\\/www.nissin.be\\\/fr\\\/services-a-valeur-ajoutee\\\/\"},{\"@type\":\"ListItem\",\"position\":3,\"name\":\"Traitement sp\u00e9cial\"}]},{\"@type\":\"WebSite\",\"@id\":\"https:\\\/\\\/www.nissin.be\\\/#website\",\"url\":\"https:\\\/\\\/www.nissin.be\\\/\",\"name\":\"Nissin Belgium\",\"description\":\"International Logistics Provider\",\"potentialAction\":[{\"@type\":\"SearchAction\",\"target\":{\"@type\":\"EntryPoint\",\"urlTemplate\":\"https:\\\/\\\/www.nissin.be\\\/?s={search_term_string}\"},\"query-input\":{\"@type\":\"PropertyValueSpecification\",\"valueRequired\":true,\"valueName\":\"search_term_string\"}}],\"inLanguage\":\"fr-FR\"}]}<\/script>\n<!-- \/ Yoast SEO plugin. -->","yoast_head_json":{"title":"Logistique douani\u00e8re | Nissin Belgium","description":"Vous avez besoin d\u2019une solution sur mesure pour un d\u00e9fi logistique? Nissin Belgium a les r\u00e9ponses.","robots":{"index":"index","follow":"follow","max-snippet":"max-snippet:-1","max-image-preview":"max-image-preview:large","max-video-preview":"max-video-preview:-1"},"canonical":"https:\/\/www.nissin.be\/fr\/services-a-valeur-ajoutee\/traitement-special\/","og_locale":"fr_FR","og_type":"article","og_title":"Logistique douani\u00e8re | Nissin Belgium","og_description":"Vous avez besoin d\u2019une solution sur mesure pour un d\u00e9fi logistique? Nissin Belgium a les r\u00e9ponses.","og_url":"https:\/\/www.nissin.be\/fr\/services-a-valeur-ajoutee\/traitement-special\/","og_site_name":"Nissin Belgium","article_modified_time":"2022-12-13T06:22:19+00:00","twitter_card":"summary_large_image","twitter_misc":{"Dur\u00e9e de lecture estim\u00e9e":"1 minute"},"schema":{"@context":"https:\/\/schema.org","@graph":[{"@type":"WebPage","@id":"https:\/\/www.nissin.be\/fr\/services-a-valeur-ajoutee\/traitement-special\/","url":"https:\/\/www.nissin.be\/fr\/services-a-valeur-ajoutee\/traitement-special\/","name":"Logistique douani\u00e8re | Nissin Belgium","isPartOf":{"@id":"https:\/\/www.nissin.be\/#website"},"datePublished":"2020-10-08T17:34:05+00:00","dateModified":"2022-12-13T06:22:19+00:00","description":"Vous avez besoin d\u2019une solution sur mesure pour un d\u00e9fi logistique? Nissin Belgium a les r\u00e9ponses.","breadcrumb":{"@id":"https:\/\/www.nissin.be\/fr\/services-a-valeur-ajoutee\/traitement-special\/#breadcrumb"},"inLanguage":"fr-FR","potentialAction":[{"@type":"ReadAction","target":["https:\/\/www.nissin.be\/fr\/services-a-valeur-ajoutee\/traitement-special\/"]}]},{"@type":"BreadcrumbList","@id":"https:\/\/www.nissin.be\/fr\/services-a-valeur-ajoutee\/traitement-special\/#breadcrumb","itemListElement":[{"@type":"ListItem","position":1,"name":"Home","item":"https:\/\/www.nissin.be\/fr\/"},{"@type":"ListItem","position":2,"name":"Services \u00e0 valeur ajout\u00e9e","item":"https:\/\/www.nissin.be\/fr\/services-a-valeur-ajoutee\/"},{"@type":"ListItem","position":3,"name":"Traitement sp\u00e9cial"}]},{"@type":"WebSite","@id":"https:\/\/www.nissin.be\/#website","url":"https:\/\/www.nissin.be\/","name":"Nissin Belgium","description":"International Logistics Provider","potentialAction":[{"@type":"SearchAction","target":{"@type":"EntryPoint","urlTemplate":"https:\/\/www.nissin.be\/?s={search_term_string}"},"query-input":{"@type":"PropertyValueSpecification","valueRequired":true,"valueName":"search_term_string"}}],"inLanguage":"fr-FR"}]}},"_links":{"self":[{"href":"https:\/\/www.nissin.be\/fr\/wp-json\/wp\/v2\/pages\/76164","targetHints":{"allow":["GET"]}}],"collection":[{"href":"https:\/\/www.nissin.be\/fr\/wp-json\/wp\/v2\/pages"}],"about":[{"href":"https:\/\/www.nissin.be\/fr\/wp-json\/wp\/v2\/types\/page"}],"author":[{"embeddable":true,"href":"https:\/\/www.nissin.be\/fr\/wp-json\/wp\/v2\/users\/1"}],"replies":[{"embeddable":true,"href":"https:\/\/www.nissin.be\/fr\/wp-json\/wp\/v2\/comments?post=76164"}],"version-history":[{"count":20,"href":"https:\/\/www.nissin.be\/fr\/wp-json\/wp\/v2\/pages\/76164\/revisions"}],"predecessor-version":[{"id":78198,"href":"https:\/\/www.nissin.be\/fr\/wp-json\/wp\/v2\/pages\/76164\/revisions\/78198"}],"up":[{"embeddable":true,"href":"https:\/\/www.nissin.be\/fr\/wp-json\/wp\/v2\/pages\/76075"}],"wp:attachment":[{"href":"https:\/\/www.nissin.be\/fr\/wp-json\/wp\/v2\/media?parent=76164"}],"curies":[{"name":"wp","href":"https:\/\/api.w.org\/{rel}","templated":true}]}}