{"id":76156,"date":"2020-10-08T17:18:46","date_gmt":"2020-10-08T17:18:46","guid":{"rendered":"http:\/\/nissin.be\/value-added-logistics\/dangerous-goods\/"},"modified":"2025-07-22T14:52:13","modified_gmt":"2025-07-22T14:52:13","slug":"marchandises-dangereuses","status":"publish","type":"page","link":"https:\/\/www.nissin.be\/fr\/services-a-valeur-ajoutee\/marchandises-dangereuses\/","title":{"rendered":"Manipulation de marchandises dangereuses"},"content":{"rendered":"<p>[vc_row full_width=\u00a0\u00bbstretch_row_content_no_spaces\u00a0\u00bb css=\u00a0\u00bb.vc_custom_1634228299378{background-image: url(http:\/\/nissin.be\/wp-content\/uploads\/2021\/10\/22.jpg?id=77026) !important;background-position: center !important;background-repeat: no-repeat !important;background-size: cover !important;}\u00a0\u00bb][vc_column][vc_empty_space height=\u00a0\u00bb534px\u00a0\u00bb][\/vc_column][\/vc_row][vc_row][vc_column][vc_single_image image=\u00a0\u00bb76628&Prime; img_size=\u00a0\u00bbfull\u00a0\u00bb alignment=\u00a0\u00bbcenter\u00a0\u00bb css=\u00a0\u00bb.vc_custom_1630441376456{margin-bottom: 0px !important;}\u00a0\u00bb][vc_column_text css=\u00a0\u00bb.vc_custom_1670910116539{margin-bottom: 0px !important;border-bottom-width: 0px !important;padding-bottom: 0px !important;}\u00a0\u00bb]<\/p>\n<h1 style=\"text-align: center; letter-spacing: 0px; color: #e40428; text-transform: uppercase; font-size: 38px; font-weight: 600;\">MARCHANDISES DANGEREUSES<\/h1>\n<p>[\/vc_column_text][vc_column_text css=\u00a0\u00bb.vc_custom_1636906132159{padding-top: 20px !important;}\u00a0\u00bb]<\/p>\n<p style=\"text-align: center;\"><span style=\"color: #e40428;\">Explosifs, produits chimiques dangereux, batteries ou armes: la manipulation, le stockage et l\u2019exp\u00e9dition de ces produits sont fortement r\u00e8glement\u00e9s et n\u00e9cessitent un savoir-faire et des certifications sp\u00e9ciales. L\u2019\u00e9quipe de Nissin Belgium poss\u00e8de les deux.<\/span><\/p>\n<p>[\/vc_column_text][\/vc_column][\/vc_row][vc_row css=\u00a0\u00bb.vc_custom_1602092728595{padding-top: 35px !important;padding-bottom: 35px !important;}\u00a0\u00bb][vc_column][vc_row_inner][vc_column_inner width=\u00a0\u00bb1\/2&Prime;][vc_custom_heading text=\u00a0\u00bbStockage en masse de marchandises dangereuses\u00a0\u00bb font_container=\u00a0\u00bbtag:h2|text_align:left|color:%23e40428|line_height:1.2&Prime; use_theme_fonts=\u00a0\u00bbyes\u00a0\u00bb tm_text_transform=\u00a0\u00bbuppercase\u00a0\u00bb css=\u00a0\u00bb.vc_custom_1639940183506{padding-right: 35px !important;padding-bottom: 20px !important;}\u00a0\u00bb el_class=\u00a0\u00bbsection-title\u00a0\u00bb tm_font_weight=\u00a0\u00bb600&Prime;][vc_column_text css=\u00a0\u00bb.vc_custom_1639940174309{padding-right: 35px !important;}\u00a0\u00bb]Notre personnel est form\u00e9 \u00e0 la manipulation des marchandises dangereuses depuis 1998. Nous disposons des <span style=\"color: #ff0000;\"><strong>licences<\/strong><\/span> et des <span style=\"color: #ff0000;\"><strong>connaissances<\/strong><\/span> n\u00e9cessaires pour emballer et stocker les marchandises dangereuses. Nous sommes un partenaire d\u2019entreposage certifi\u00e9 pour le stockage en masse d\u2019<span style=\"color: #ff0000;\"><strong>explosifs<\/strong><\/span> et de <span style=\"color: #ff0000;\"><strong>batteries<\/strong><\/span>.<\/p>\n<p>Nos services en mati\u00e8re de marchandises dangereuses sont tr\u00e8s complets, <span style=\"color: #ff0000;\"><strong>de l\u2019emballage \u00e0 l\u2019exp\u00e9dition<\/strong><\/span>, en passant par le stockage et la documentation \u2014 m\u00eame si vous souhaitez transporter des marchandises vers et depuis d\u2019autres pays que la Belgique.[\/vc_column_text][\/vc_column_inner][vc_column_inner width=\u00a0\u00bb1\/2&Prime;][vc_single_image image=\u00a0\u00bb81269&Prime; img_size=\u00a0\u00bbfull\u00a0\u00bb alignment=\u00a0\u00bbcenter\u00a0\u00bb][\/vc_column_inner][\/vc_row_inner][\/vc_column][\/vc_row][vc_row css=\u00a0\u00bb.vc_custom_1634228595436{margin-bottom: 50px !important;padding-top: 30px !important;padding-bottom: 30px !important;background-color: #e40428 !important;}\u00a0\u00bb row_bg_overlay=\u00a0\u00bb#e40428&Prime;][vc_column][vc_column_text]<\/p>\n<h3 style=\"text-align: center;\"><\/h3>\n<h3 style=\"text-align: center;\"><strong><span style=\"color: #ffffff; text-transform: uppercase;\">Prot\u00e9geons vos marchandises<\/span><\/strong><\/h3>\n<p style=\"text-align: center;\"><strong><span style=\"color: #ffffff;\">Vous cherchez plus d\u2019informations sur la manutention des marchandises dangereuses?<\/span><\/strong><\/p>\n<p>[\/vc_column_text][vc_btn title=\u00a0\u00bbCONTACTEZ-NOUS\u00a0\u00bb style=\u00a0\u00bboutline-custom\u00a0\u00bb outline_custom_color=\u00a0\u00bb#ffffff\u00a0\u00bb outline_custom_hover_background=\u00a0\u00bb#e40428&Prime; outline_custom_hover_text=\u00a0\u00bb#ffffff\u00a0\u00bb shape=\u00a0\u00bbsquare\u00a0\u00bb align=\u00a0\u00bbcenter\u00a0\u00bb link=\u00a0\u00bburl:http%3A%2F%2Fnissin.be%2Ffr%2Fcontact%2F|||\u00a0\u00bb][\/vc_column][\/vc_row]<\/p>\n","protected":false},"excerpt":{"rendered":"<p>[vc_row full_width=\u00a0\u00bbstretch_row_content_no_spaces\u00a0\u00bb css=\u00a0\u00bb.vc_custom_1634228299378{background-image: url(http:\/\/nissin.be\/wp-content\/uploads\/2021\/10\/22.jpg?id=77026) !important;background-position: center !important;background-repeat: no-repeat !important;background-size: cover !important;}\u00a0\u00bb][vc_column][vc_empty_space height=\u00a0\u00bb534px\u00a0\u00bb][\/vc_column][\/vc_row][vc_row][vc_column][vc_single_image image=\u00a0\u00bb76628&Prime; img_size=\u00a0\u00bbfull\u00a0\u00bb alignment=\u00a0\u00bbcenter\u00a0\u00bb css=\u00a0\u00bb.vc_custom_1630441376456{margin-bottom: 0px !important;}\u00a0\u00bb][vc_column_text css=\u00a0\u00bb.vc_custom_1670910116539{margin-bottom: 0px !important;border-bottom-width: 0px !important;padding-bottom: 0px !important;}\u00a0\u00bb] MARCHANDISES DANGEREUSES [\/vc_column_text][vc_column_text css=\u00a0\u00bb.vc_custom_1636906132159{padding-top: 20px !important;}\u00a0\u00bb] Explosifs, produits chimiques dangereux, batteries ou armes: la manipulation, le stockage et l\u2019exp\u00e9dition de ces produits sont fortement r\u00e8glement\u00e9s et n\u00e9cessitent un savoir-faire et [&hellip;]<\/p>\n","protected":false},"author":1,"featured_media":0,"parent":76075,"menu_order":2,"comment_status":"closed","ping_status":"closed","template":"","meta":{"content-type":"","_monsterinsights_skip_tracking":false,"_monsterinsights_sitenote_active":false,"_monsterinsights_sitenote_note":"","_monsterinsights_sitenote_category":0,"footnotes":""},"class_list":["post-76156","page","type-page","status-publish","hentry"],"yoast_head":"<!-- This site is optimized with the Yoast SEO plugin v27.3 - https:\/\/yoast.com\/product\/yoast-seo-wordpress\/ -->\n<title>Marchandises dangereuses | Nissin Belgium<\/title>\n<meta name=\"description\" content=\"Vous cherchez un partenaire fiable et flexible pour la manutention des marchandises dangereuses et le stockage en masse? Nissin Belgium a les solutions pour tous vos d\u00e9fis.\" \/>\n<meta name=\"robots\" content=\"index, follow, max-snippet:-1, max-image-preview:large, max-video-preview:-1\" \/>\n<link rel=\"canonical\" href=\"https:\/\/www.nissin.be\/fr\/services-a-valeur-ajoutee\/marchandises-dangereuses\/\" \/>\n<meta property=\"og:locale\" content=\"fr_FR\" \/>\n<meta property=\"og:type\" content=\"article\" \/>\n<meta property=\"og:title\" content=\"Marchandises dangereuses | Nissin Belgium\" \/>\n<meta property=\"og:description\" content=\"Vous cherchez un partenaire fiable et flexible pour la manutention des marchandises dangereuses et le stockage en masse? Nissin Belgium a les solutions pour tous vos d\u00e9fis.\" \/>\n<meta property=\"og:url\" content=\"https:\/\/www.nissin.be\/fr\/services-a-valeur-ajoutee\/marchandises-dangereuses\/\" \/>\n<meta property=\"og:site_name\" content=\"Nissin Belgium\" \/>\n<meta property=\"article:modified_time\" content=\"2025-07-22T14:52:13+00:00\" \/>\n<meta name=\"twitter:card\" content=\"summary_large_image\" \/>\n<meta name=\"twitter:label1\" content=\"Dur\u00e9e de lecture estim\u00e9e\" \/>\n\t<meta name=\"twitter:data1\" content=\"1 minute\" \/>\n<script type=\"application\/ld+json\" class=\"yoast-schema-graph\">{\"@context\":\"https:\\\/\\\/schema.org\",\"@graph\":[{\"@type\":\"WebPage\",\"@id\":\"https:\\\/\\\/www.nissin.be\\\/fr\\\/services-a-valeur-ajoutee\\\/marchandises-dangereuses\\\/\",\"url\":\"https:\\\/\\\/www.nissin.be\\\/fr\\\/services-a-valeur-ajoutee\\\/marchandises-dangereuses\\\/\",\"name\":\"Marchandises dangereuses | Nissin Belgium\",\"isPartOf\":{\"@id\":\"https:\\\/\\\/www.nissin.be\\\/#website\"},\"datePublished\":\"2020-10-08T17:18:46+00:00\",\"dateModified\":\"2025-07-22T14:52:13+00:00\",\"description\":\"Vous cherchez un partenaire fiable et flexible pour la manutention des marchandises dangereuses et le stockage en masse? Nissin Belgium a les solutions pour tous vos d\u00e9fis.\",\"breadcrumb\":{\"@id\":\"https:\\\/\\\/www.nissin.be\\\/fr\\\/services-a-valeur-ajoutee\\\/marchandises-dangereuses\\\/#breadcrumb\"},\"inLanguage\":\"fr-FR\",\"potentialAction\":[{\"@type\":\"ReadAction\",\"target\":[\"https:\\\/\\\/www.nissin.be\\\/fr\\\/services-a-valeur-ajoutee\\\/marchandises-dangereuses\\\/\"]}]},{\"@type\":\"BreadcrumbList\",\"@id\":\"https:\\\/\\\/www.nissin.be\\\/fr\\\/services-a-valeur-ajoutee\\\/marchandises-dangereuses\\\/#breadcrumb\",\"itemListElement\":[{\"@type\":\"ListItem\",\"position\":1,\"name\":\"Home\",\"item\":\"https:\\\/\\\/www.nissin.be\\\/fr\\\/\"},{\"@type\":\"ListItem\",\"position\":2,\"name\":\"Services \u00e0 valeur ajout\u00e9e\",\"item\":\"https:\\\/\\\/www.nissin.be\\\/fr\\\/services-a-valeur-ajoutee\\\/\"},{\"@type\":\"ListItem\",\"position\":3,\"name\":\"Manipulation de marchandises dangereuses\"}]},{\"@type\":\"WebSite\",\"@id\":\"https:\\\/\\\/www.nissin.be\\\/#website\",\"url\":\"https:\\\/\\\/www.nissin.be\\\/\",\"name\":\"Nissin Belgium\",\"description\":\"International Logistics Provider\",\"potentialAction\":[{\"@type\":\"SearchAction\",\"target\":{\"@type\":\"EntryPoint\",\"urlTemplate\":\"https:\\\/\\\/www.nissin.be\\\/?s={search_term_string}\"},\"query-input\":{\"@type\":\"PropertyValueSpecification\",\"valueRequired\":true,\"valueName\":\"search_term_string\"}}],\"inLanguage\":\"fr-FR\"}]}<\/script>\n<!-- \/ Yoast SEO plugin. -->","yoast_head_json":{"title":"Marchandises dangereuses | Nissin Belgium","description":"Vous cherchez un partenaire fiable et flexible pour la manutention des marchandises dangereuses et le stockage en masse? Nissin Belgium a les solutions pour tous vos d\u00e9fis.","robots":{"index":"index","follow":"follow","max-snippet":"max-snippet:-1","max-image-preview":"max-image-preview:large","max-video-preview":"max-video-preview:-1"},"canonical":"https:\/\/www.nissin.be\/fr\/services-a-valeur-ajoutee\/marchandises-dangereuses\/","og_locale":"fr_FR","og_type":"article","og_title":"Marchandises dangereuses | Nissin Belgium","og_description":"Vous cherchez un partenaire fiable et flexible pour la manutention des marchandises dangereuses et le stockage en masse? Nissin Belgium a les solutions pour tous vos d\u00e9fis.","og_url":"https:\/\/www.nissin.be\/fr\/services-a-valeur-ajoutee\/marchandises-dangereuses\/","og_site_name":"Nissin Belgium","article_modified_time":"2025-07-22T14:52:13+00:00","twitter_card":"summary_large_image","twitter_misc":{"Dur\u00e9e de lecture estim\u00e9e":"1 minute"},"schema":{"@context":"https:\/\/schema.org","@graph":[{"@type":"WebPage","@id":"https:\/\/www.nissin.be\/fr\/services-a-valeur-ajoutee\/marchandises-dangereuses\/","url":"https:\/\/www.nissin.be\/fr\/services-a-valeur-ajoutee\/marchandises-dangereuses\/","name":"Marchandises dangereuses | Nissin Belgium","isPartOf":{"@id":"https:\/\/www.nissin.be\/#website"},"datePublished":"2020-10-08T17:18:46+00:00","dateModified":"2025-07-22T14:52:13+00:00","description":"Vous cherchez un partenaire fiable et flexible pour la manutention des marchandises dangereuses et le stockage en masse? Nissin Belgium a les solutions pour tous vos d\u00e9fis.","breadcrumb":{"@id":"https:\/\/www.nissin.be\/fr\/services-a-valeur-ajoutee\/marchandises-dangereuses\/#breadcrumb"},"inLanguage":"fr-FR","potentialAction":[{"@type":"ReadAction","target":["https:\/\/www.nissin.be\/fr\/services-a-valeur-ajoutee\/marchandises-dangereuses\/"]}]},{"@type":"BreadcrumbList","@id":"https:\/\/www.nissin.be\/fr\/services-a-valeur-ajoutee\/marchandises-dangereuses\/#breadcrumb","itemListElement":[{"@type":"ListItem","position":1,"name":"Home","item":"https:\/\/www.nissin.be\/fr\/"},{"@type":"ListItem","position":2,"name":"Services \u00e0 valeur ajout\u00e9e","item":"https:\/\/www.nissin.be\/fr\/services-a-valeur-ajoutee\/"},{"@type":"ListItem","position":3,"name":"Manipulation de marchandises dangereuses"}]},{"@type":"WebSite","@id":"https:\/\/www.nissin.be\/#website","url":"https:\/\/www.nissin.be\/","name":"Nissin Belgium","description":"International Logistics Provider","potentialAction":[{"@type":"SearchAction","target":{"@type":"EntryPoint","urlTemplate":"https:\/\/www.nissin.be\/?s={search_term_string}"},"query-input":{"@type":"PropertyValueSpecification","valueRequired":true,"valueName":"search_term_string"}}],"inLanguage":"fr-FR"}]}},"_links":{"self":[{"href":"https:\/\/www.nissin.be\/fr\/wp-json\/wp\/v2\/pages\/76156","targetHints":{"allow":["GET"]}}],"collection":[{"href":"https:\/\/www.nissin.be\/fr\/wp-json\/wp\/v2\/pages"}],"about":[{"href":"https:\/\/www.nissin.be\/fr\/wp-json\/wp\/v2\/types\/page"}],"author":[{"embeddable":true,"href":"https:\/\/www.nissin.be\/fr\/wp-json\/wp\/v2\/users\/1"}],"replies":[{"embeddable":true,"href":"https:\/\/www.nissin.be\/fr\/wp-json\/wp\/v2\/comments?post=76156"}],"version-history":[{"count":26,"href":"https:\/\/www.nissin.be\/fr\/wp-json\/wp\/v2\/pages\/76156\/revisions"}],"predecessor-version":[{"id":81272,"href":"https:\/\/www.nissin.be\/fr\/wp-json\/wp\/v2\/pages\/76156\/revisions\/81272"}],"up":[{"embeddable":true,"href":"https:\/\/www.nissin.be\/fr\/wp-json\/wp\/v2\/pages\/76075"}],"wp:attachment":[{"href":"https:\/\/www.nissin.be\/fr\/wp-json\/wp\/v2\/media?parent=76156"}],"curies":[{"name":"wp","href":"https:\/\/api.w.org\/{rel}","templated":true}]}}