{"id":76149,"date":"2020-10-08T16:57:32","date_gmt":"2020-10-08T16:57:32","guid":{"rendered":"http:\/\/nissin.be\/value-added-logistics\/temperature-controlled\/"},"modified":"2025-02-21T14:51:40","modified_gmt":"2025-02-21T14:51:40","slug":"temperature-controlee","status":"publish","type":"page","link":"https:\/\/www.nissin.be\/fr\/services-a-valeur-ajoutee\/temperature-controlee\/","title":{"rendered":"Logistique \u00e0 temp\u00e9rature contr\u00f4l\u00e9e"},"content":{"rendered":"<p>[vc_row full_width=\u00a0\u00bbstretch_row_content_no_spaces\u00a0\u00bb css=\u00a0\u00bb.vc_custom_1740149478083{background-image: url(https:\/\/www.nissin.be\/wp-content\/uploads\/2025\/02\/Nissin-warehouse-with-trucks.jpg?id=79762) !important;background-position: center !important;background-repeat: no-repeat !important;background-size: cover !important;}\u00a0\u00bb][vc_column][vc_empty_space height=\u00a0\u00bb534px\u00a0\u00bb][\/vc_column][\/vc_row][vc_row][vc_column][vc_single_image image=\u00a0\u00bb76637&Prime; img_size=\u00a0\u00bbfull\u00a0\u00bb alignment=\u00a0\u00bbcenter\u00a0\u00bb css=\u00a0\u00bb.vc_custom_1630440943197{margin-bottom: 0px !important;}\u00a0\u00bb][vc_column_text css=\u00a0\u00bb.vc_custom_1670910525963{margin-bottom: 0px !important;border-bottom-width: 0px !important;padding-bottom: 0px !important;}\u00a0\u00bb]<\/p>\n<h1 style=\"text-align: center; letter-spacing: 0px; color: #e40428; text-transform: uppercase; font-size: 38px; font-weight: 600;\">LOGISTIQUE \u00c0 TEMP\u00c9RATURE CONTR\u00d4L\u00c9E<\/h1>\n<p>[\/vc_column_text][\/vc_column][\/vc_row][vc_row css=\u00a0\u00bb.vc_custom_1602092728595{padding-top: 35px !important;padding-bottom: 35px !important;}\u00a0\u00bb][vc_column][vc_row_inner][vc_column_inner width=\u00a0\u00bb1\/2&Prime; css=\u00a0\u00bb.vc_custom_1639939616618{padding-top: 75px !important;padding-right: 35px !important;}\u00a0\u00bb][vc_column_text css=\u00a0\u00bb.vc_custom_1639939599358{padding-right: 20px !important;}\u00a0\u00bb]Pour de nombreux types de marchandises, en particulier les produits alimentaires et pharmaceutiques, une chaine du froid fiable avec une <span style=\"color: #ff0000;\"><strong>temp\u00e9rature constante<\/strong><\/span> est de la plus haute importance. Le transport \u00e0 temp\u00e9rature contr\u00f4l\u00e9e est essentiel si vous voulez respecter la <span style=\"color: #ff0000;\"><strong>r\u00e8glementation<\/strong><\/span> et pr\u00e9server la <span style=\"color: #ff0000;\"><strong>qualit\u00e9<\/strong><\/span> de vos produits.<\/p>\n<p>Que vous transportiez par voie a\u00e9rienne, maritime ou terrestre, Nissin est votre partenaire pour la logistique \u00e0 temp\u00e9rature contr\u00f4l\u00e9e. Nous ne s\u00e9lectionnons que les meilleurs outils et \u00e9quippements avec des contr\u00f4les de temp\u00e9rature et d\u2019humidit\u00e9 et nous travaillons avec des <span style=\"color: #ff0000;\"><strong>partenaires soigneusement choisis<\/strong><\/span>. Cela signifie que vos marchandises arriveront <span style=\"color: #ff0000;\"><strong>\u00e0 temps, au bon endroit et \u00e0 la bonne temp\u00e9rature.<\/strong><\/span>[\/vc_column_text][\/vc_column_inner][vc_column_inner width=\u00a0\u00bb1\/2&Prime;][vc_single_image image=\u00a0\u00bb76898&Prime; img_size=\u00a0\u00bbfull\u00a0\u00bb alignment=\u00a0\u00bbcenter\u00a0\u00bb css_animation=\u00a0\u00bbfadeInRight\u00a0\u00bb][\/vc_column_inner][\/vc_row_inner][\/vc_column][\/vc_row][vc_row css=\u00a0\u00bb.vc_custom_1634228595436{margin-bottom: 50px !important;padding-top: 30px !important;padding-bottom: 30px !important;background-color: #e40428 !important;}\u00a0\u00bb row_bg_overlay=\u00a0\u00bb#e40428&Prime;][vc_column][vc_column_text]<\/p>\n<h3 style=\"text-align: center;\"><strong><span style=\"color: #ffffff; text-transform: uppercase;\">Gardons vos marchandises au froid<\/span><\/strong><\/h3>\n<p style=\"text-align: center;\"><strong><span style=\"color: #ffffff;\">Vous cherchez plus d\u2019informations sur la logistique \u00e0 temp\u00e9rature contr\u00f4l\u00e9e?<\/span><\/strong><\/p>\n<p>[\/vc_column_text][vc_btn title=\u00a0\u00bbCONTACTEZ-NOUS\u00a0\u00bb style=\u00a0\u00bboutline-custom\u00a0\u00bb outline_custom_color=\u00a0\u00bb#ffffff\u00a0\u00bb outline_custom_hover_background=\u00a0\u00bb#e40428&Prime; outline_custom_hover_text=\u00a0\u00bb#ffffff\u00a0\u00bb shape=\u00a0\u00bbsquare\u00a0\u00bb align=\u00a0\u00bbcenter\u00a0\u00bb link=\u00a0\u00bburl:http%3A%2F%2Fnissin.be%2Ffr%2Fcontact%2F|||\u00a0\u00bb][\/vc_column][\/vc_row]<\/p>\n","protected":false},"excerpt":{"rendered":"<p>[vc_row full_width=\u00a0\u00bbstretch_row_content_no_spaces\u00a0\u00bb css=\u00a0\u00bb.vc_custom_1740149478083{background-image: url(https:\/\/www.nissin.be\/wp-content\/uploads\/2025\/02\/Nissin-warehouse-with-trucks.jpg?id=79762) !important;background-position: center !important;background-repeat: no-repeat !important;background-size: cover !important;}\u00a0\u00bb][vc_column][vc_empty_space height=\u00a0\u00bb534px\u00a0\u00bb][\/vc_column][\/vc_row][vc_row][vc_column][vc_single_image image=\u00a0\u00bb76637&Prime; img_size=\u00a0\u00bbfull\u00a0\u00bb alignment=\u00a0\u00bbcenter\u00a0\u00bb css=\u00a0\u00bb.vc_custom_1630440943197{margin-bottom: 0px !important;}\u00a0\u00bb][vc_column_text css=\u00a0\u00bb.vc_custom_1670910525963{margin-bottom: 0px !important;border-bottom-width: 0px !important;padding-bottom: 0px !important;}\u00a0\u00bb] LOGISTIQUE \u00c0 TEMP\u00c9RATURE CONTR\u00d4L\u00c9E [\/vc_column_text][\/vc_column][\/vc_row][vc_row css=\u00a0\u00bb.vc_custom_1602092728595{padding-top: 35px !important;padding-bottom: 35px !important;}\u00a0\u00bb][vc_column][vc_row_inner][vc_column_inner width=\u00a0\u00bb1\/2&Prime; css=\u00a0\u00bb.vc_custom_1639939616618{padding-top: 75px !important;padding-right: 35px !important;}\u00a0\u00bb][vc_column_text css=\u00a0\u00bb.vc_custom_1639939599358{padding-right: 20px !important;}\u00a0\u00bb]Pour de nombreux types de marchandises, en particulier les produits alimentaires et [&hellip;]<\/p>\n","protected":false},"author":1,"featured_media":0,"parent":76075,"menu_order":1,"comment_status":"closed","ping_status":"closed","template":"","meta":{"content-type":"","_monsterinsights_skip_tracking":false,"_monsterinsights_sitenote_active":false,"_monsterinsights_sitenote_note":"","_monsterinsights_sitenote_category":0,"footnotes":""},"class_list":["post-76149","page","type-page","status-publish","hentry"],"yoast_head":"<!-- This site is optimized with the Yoast SEO plugin v27.3 - https:\/\/yoast.com\/product\/yoast-seo-wordpress\/ -->\n<title>Logistique \u00e0 temp\u00e9rature contr\u00f4l\u00e9e | Nissin Belgium<\/title>\n<meta name=\"description\" content=\"Vous cherchez un partenaire fiable et flexible pour la logistique \u00e0 temp\u00e9rature contr\u00f4l\u00e9e ? Nissin Belgium a les solutions pour tous vos d\u00e9fis.\" \/>\n<meta name=\"robots\" content=\"index, follow, max-snippet:-1, max-image-preview:large, max-video-preview:-1\" \/>\n<link rel=\"canonical\" href=\"https:\/\/www.nissin.be\/fr\/services-a-valeur-ajoutee\/temperature-controlee\/\" \/>\n<meta property=\"og:locale\" content=\"fr_FR\" \/>\n<meta property=\"og:type\" content=\"article\" \/>\n<meta property=\"og:title\" content=\"Logistique \u00e0 temp\u00e9rature contr\u00f4l\u00e9e | Nissin Belgium\" \/>\n<meta property=\"og:description\" content=\"Vous cherchez un partenaire fiable et flexible pour la logistique \u00e0 temp\u00e9rature contr\u00f4l\u00e9e ? Nissin Belgium a les solutions pour tous vos d\u00e9fis.\" \/>\n<meta property=\"og:url\" content=\"https:\/\/www.nissin.be\/fr\/services-a-valeur-ajoutee\/temperature-controlee\/\" \/>\n<meta property=\"og:site_name\" content=\"Nissin Belgium\" \/>\n<meta property=\"article:modified_time\" content=\"2025-02-21T14:51:40+00:00\" \/>\n<meta name=\"twitter:card\" content=\"summary_large_image\" \/>\n<meta name=\"twitter:label1\" content=\"Dur\u00e9e de lecture estim\u00e9e\" \/>\n\t<meta name=\"twitter:data1\" content=\"1 minute\" \/>\n<script type=\"application\/ld+json\" class=\"yoast-schema-graph\">{\"@context\":\"https:\\\/\\\/schema.org\",\"@graph\":[{\"@type\":\"WebPage\",\"@id\":\"https:\\\/\\\/www.nissin.be\\\/fr\\\/services-a-valeur-ajoutee\\\/temperature-controlee\\\/\",\"url\":\"https:\\\/\\\/www.nissin.be\\\/fr\\\/services-a-valeur-ajoutee\\\/temperature-controlee\\\/\",\"name\":\"Logistique \u00e0 temp\u00e9rature contr\u00f4l\u00e9e | Nissin Belgium\",\"isPartOf\":{\"@id\":\"https:\\\/\\\/www.nissin.be\\\/#website\"},\"datePublished\":\"2020-10-08T16:57:32+00:00\",\"dateModified\":\"2025-02-21T14:51:40+00:00\",\"description\":\"Vous cherchez un partenaire fiable et flexible pour la logistique \u00e0 temp\u00e9rature contr\u00f4l\u00e9e ? Nissin Belgium a les solutions pour tous vos d\u00e9fis.\",\"breadcrumb\":{\"@id\":\"https:\\\/\\\/www.nissin.be\\\/fr\\\/services-a-valeur-ajoutee\\\/temperature-controlee\\\/#breadcrumb\"},\"inLanguage\":\"fr-FR\",\"potentialAction\":[{\"@type\":\"ReadAction\",\"target\":[\"https:\\\/\\\/www.nissin.be\\\/fr\\\/services-a-valeur-ajoutee\\\/temperature-controlee\\\/\"]}]},{\"@type\":\"BreadcrumbList\",\"@id\":\"https:\\\/\\\/www.nissin.be\\\/fr\\\/services-a-valeur-ajoutee\\\/temperature-controlee\\\/#breadcrumb\",\"itemListElement\":[{\"@type\":\"ListItem\",\"position\":1,\"name\":\"Home\",\"item\":\"https:\\\/\\\/www.nissin.be\\\/fr\\\/\"},{\"@type\":\"ListItem\",\"position\":2,\"name\":\"Services \u00e0 valeur ajout\u00e9e\",\"item\":\"https:\\\/\\\/www.nissin.be\\\/fr\\\/services-a-valeur-ajoutee\\\/\"},{\"@type\":\"ListItem\",\"position\":3,\"name\":\"Logistique \u00e0 temp\u00e9rature contr\u00f4l\u00e9e\"}]},{\"@type\":\"WebSite\",\"@id\":\"https:\\\/\\\/www.nissin.be\\\/#website\",\"url\":\"https:\\\/\\\/www.nissin.be\\\/\",\"name\":\"Nissin Belgium\",\"description\":\"International Logistics Provider\",\"potentialAction\":[{\"@type\":\"SearchAction\",\"target\":{\"@type\":\"EntryPoint\",\"urlTemplate\":\"https:\\\/\\\/www.nissin.be\\\/?s={search_term_string}\"},\"query-input\":{\"@type\":\"PropertyValueSpecification\",\"valueRequired\":true,\"valueName\":\"search_term_string\"}}],\"inLanguage\":\"fr-FR\"}]}<\/script>\n<!-- \/ Yoast SEO plugin. -->","yoast_head_json":{"title":"Logistique \u00e0 temp\u00e9rature contr\u00f4l\u00e9e | Nissin Belgium","description":"Vous cherchez un partenaire fiable et flexible pour la logistique \u00e0 temp\u00e9rature contr\u00f4l\u00e9e ? Nissin Belgium a les solutions pour tous vos d\u00e9fis.","robots":{"index":"index","follow":"follow","max-snippet":"max-snippet:-1","max-image-preview":"max-image-preview:large","max-video-preview":"max-video-preview:-1"},"canonical":"https:\/\/www.nissin.be\/fr\/services-a-valeur-ajoutee\/temperature-controlee\/","og_locale":"fr_FR","og_type":"article","og_title":"Logistique \u00e0 temp\u00e9rature contr\u00f4l\u00e9e | Nissin Belgium","og_description":"Vous cherchez un partenaire fiable et flexible pour la logistique \u00e0 temp\u00e9rature contr\u00f4l\u00e9e ? Nissin Belgium a les solutions pour tous vos d\u00e9fis.","og_url":"https:\/\/www.nissin.be\/fr\/services-a-valeur-ajoutee\/temperature-controlee\/","og_site_name":"Nissin Belgium","article_modified_time":"2025-02-21T14:51:40+00:00","twitter_card":"summary_large_image","twitter_misc":{"Dur\u00e9e de lecture estim\u00e9e":"1 minute"},"schema":{"@context":"https:\/\/schema.org","@graph":[{"@type":"WebPage","@id":"https:\/\/www.nissin.be\/fr\/services-a-valeur-ajoutee\/temperature-controlee\/","url":"https:\/\/www.nissin.be\/fr\/services-a-valeur-ajoutee\/temperature-controlee\/","name":"Logistique \u00e0 temp\u00e9rature contr\u00f4l\u00e9e | Nissin Belgium","isPartOf":{"@id":"https:\/\/www.nissin.be\/#website"},"datePublished":"2020-10-08T16:57:32+00:00","dateModified":"2025-02-21T14:51:40+00:00","description":"Vous cherchez un partenaire fiable et flexible pour la logistique \u00e0 temp\u00e9rature contr\u00f4l\u00e9e ? Nissin Belgium a les solutions pour tous vos d\u00e9fis.","breadcrumb":{"@id":"https:\/\/www.nissin.be\/fr\/services-a-valeur-ajoutee\/temperature-controlee\/#breadcrumb"},"inLanguage":"fr-FR","potentialAction":[{"@type":"ReadAction","target":["https:\/\/www.nissin.be\/fr\/services-a-valeur-ajoutee\/temperature-controlee\/"]}]},{"@type":"BreadcrumbList","@id":"https:\/\/www.nissin.be\/fr\/services-a-valeur-ajoutee\/temperature-controlee\/#breadcrumb","itemListElement":[{"@type":"ListItem","position":1,"name":"Home","item":"https:\/\/www.nissin.be\/fr\/"},{"@type":"ListItem","position":2,"name":"Services \u00e0 valeur ajout\u00e9e","item":"https:\/\/www.nissin.be\/fr\/services-a-valeur-ajoutee\/"},{"@type":"ListItem","position":3,"name":"Logistique \u00e0 temp\u00e9rature contr\u00f4l\u00e9e"}]},{"@type":"WebSite","@id":"https:\/\/www.nissin.be\/#website","url":"https:\/\/www.nissin.be\/","name":"Nissin Belgium","description":"International Logistics Provider","potentialAction":[{"@type":"SearchAction","target":{"@type":"EntryPoint","urlTemplate":"https:\/\/www.nissin.be\/?s={search_term_string}"},"query-input":{"@type":"PropertyValueSpecification","valueRequired":true,"valueName":"search_term_string"}}],"inLanguage":"fr-FR"}]}},"_links":{"self":[{"href":"https:\/\/www.nissin.be\/fr\/wp-json\/wp\/v2\/pages\/76149","targetHints":{"allow":["GET"]}}],"collection":[{"href":"https:\/\/www.nissin.be\/fr\/wp-json\/wp\/v2\/pages"}],"about":[{"href":"https:\/\/www.nissin.be\/fr\/wp-json\/wp\/v2\/types\/page"}],"author":[{"embeddable":true,"href":"https:\/\/www.nissin.be\/fr\/wp-json\/wp\/v2\/users\/1"}],"replies":[{"embeddable":true,"href":"https:\/\/www.nissin.be\/fr\/wp-json\/wp\/v2\/comments?post=76149"}],"version-history":[{"count":20,"href":"https:\/\/www.nissin.be\/fr\/wp-json\/wp\/v2\/pages\/76149\/revisions"}],"predecessor-version":[{"id":79765,"href":"https:\/\/www.nissin.be\/fr\/wp-json\/wp\/v2\/pages\/76149\/revisions\/79765"}],"up":[{"embeddable":true,"href":"https:\/\/www.nissin.be\/fr\/wp-json\/wp\/v2\/pages\/76075"}],"wp:attachment":[{"href":"https:\/\/www.nissin.be\/fr\/wp-json\/wp\/v2\/media?parent=76149"}],"curies":[{"name":"wp","href":"https:\/\/api.w.org\/{rel}","templated":true}]}}