{"id":76141,"date":"2020-10-08T16:21:49","date_gmt":"2020-10-08T16:21:49","guid":{"rendered":"http:\/\/nissin.be\/logistics-services\/removals\/"},"modified":"2025-02-21T14:31:53","modified_gmt":"2025-02-21T14:31:53","slug":"demenagements","status":"publish","type":"page","link":"https:\/\/www.nissin.be\/fr\/services-de-transit-mondiaux\/demenagements\/","title":{"rendered":"D\u00e9m\u00e9nagements"},"content":{"rendered":"<p>[vc_row full_width=\u00a0\u00bbstretch_row_content_no_spaces\u00a0\u00bb css=\u00a0\u00bb.vc_custom_1740148300871{background-image: url(https:\/\/www.nissin.be\/wp-content\/uploads\/2025\/02\/Nissin-warehouse-with-boxes-and-packages-for-removals-scaled.jpg?id=79729) !important;background-position: center !important;background-repeat: no-repeat !important;background-size: cover !important;}\u00a0\u00bb][vc_column][vc_empty_space height=\u00a0\u00bb534px\u00a0\u00bb][\/vc_column][\/vc_row][vc_row][vc_column][vc_single_image image=\u00a0\u00bb76622&Prime; img_size=\u00a0\u00bbfull\u00a0\u00bb alignment=\u00a0\u00bbcenter\u00a0\u00bb css=\u00a0\u00bb.vc_custom_1639932000323{margin-bottom: 0px !important;}\u00a0\u00bb][vc_column_text css=\u00a0\u00bb.vc_custom_1670922110260{margin-bottom: 0px !important;border-bottom-width: 0px !important;padding-top: 20px !important;padding-bottom: 0px !important;}\u00a0\u00bb]<\/p>\n<h1 style=\"text-align: center; letter-spacing: 0px; color: #e40428; text-transform: uppercase; font-size: 38px; font-weight: 600;\">D\u00e9m\u00e9nagements<\/h1>\n<p>[\/vc_column_text][\/vc_column][\/vc_row][vc_row css=\u00a0\u00bb.vc_custom_1602092728595{padding-top: 35px !important;padding-bottom: 35px !important;}\u00a0\u00bb][vc_column][vc_row_inner][vc_column_inner width=\u00a0\u00bb1\/2&Prime;][vc_column_text css=\u00a0\u00bb.vc_custom_1639932098906{padding-top: 100px !important;padding-right: 35px !important;}\u00a0\u00bb]Vous \u00eates <span style=\"color: #ff0000;\"><strong>expatri\u00e9<\/strong><\/span>, l\u2019un des membres de votre \u00e9quipe va rejoindre un <span style=\"color: #ff0000;\"><strong>bureau \u00e0 l\u2019\u00e9tranger<\/strong><\/span> ou vous envisagez de renforcer votre \u00e9quipe locale avec un <span style=\"color: #ff0000;\"><strong>expert international<\/strong><\/span>? En tant que partenaire pratique, nous veillons \u00e0 ce que vous, vos travailleurs d\u00e9tach\u00e9s ou vos invit\u00e9s <span style=\"color: #ff0000;\"><strong>se sentent rapidement chez eux<\/strong><\/span>. De l\u2019emballage des meubles et des objets m\u00e9nagers au d\u00e9chargement d\u2019un camion, en passant par l\u2019installation d\u2019ascenseurs et le rangement dans leur nouveau domicile: notre <span style=\"color: #ff0000;\"><strong>expertise<\/strong><\/span> et notre <span style=\"color: #ff0000;\"><strong>flexibilit\u00e9<\/strong><\/span> en mati\u00e8re de logistique s\u2019av\u00e8rent \u00e9galement utiles pour les d\u00e9m\u00e9nagements. Cela signifie \u00e9galement qu\u2019en cas de besoin, nous travaillons les jours f\u00e9ri\u00e9s ou vous offrons <span style=\"color: #ff0000;\"><strong>un espace dans nos entrep\u00f4ts<\/strong><\/span> pour stocker temporairement vos biens.[\/vc_column_text][\/vc_column_inner][vc_column_inner width=\u00a0\u00bb1\/2&Prime;][vc_single_image image=\u00a0\u00bb76877&Prime; img_size=\u00a0\u00bbfull\u00a0\u00bb alignment=\u00a0\u00bbcenter\u00a0\u00bb][\/vc_column_inner][\/vc_row_inner][\/vc_column][\/vc_row][vc_row css=\u00a0\u00bb.vc_custom_1633021463692{margin-bottom: 50px !important;padding-top: 30px !important;padding-bottom: 30px !important;background-color: #e40428 !important;background-position: center !important;background-repeat: no-repeat !important;background-size: cover !important;}\u00a0\u00bb row_bg_overlay=\u00a0\u00bb#e40428&Prime;][vc_column][vc_column_text]<\/p>\n<h3 style=\"text-align: center;\"><strong><span style=\"color: #ffffff; text-transform: uppercase;\">Faisons en sorte que vos travailleurs d\u00e9tach\u00e9s se sentent comme chez eux<\/span><\/strong><\/h3>\n<p style=\"text-align: center;\"><strong><span style=\"color: #ffffff;\">Vous cherchez plus d\u2019informations sur nos services de d\u00e9m\u00e9nagement?<\/span><\/strong><\/p>\n<p>[\/vc_column_text][vc_btn title=\u00a0\u00bbCONTACTEZ-NOUS\u00a0\u00bb style=\u00a0\u00bboutline-custom\u00a0\u00bb outline_custom_color=\u00a0\u00bb#ffffff\u00a0\u00bb outline_custom_hover_background=\u00a0\u00bb#e40428&Prime; outline_custom_hover_text=\u00a0\u00bb#ffffff\u00a0\u00bb shape=\u00a0\u00bbsquare\u00a0\u00bb align=\u00a0\u00bbcenter\u00a0\u00bb link=\u00a0\u00bburl:http%3A%2F%2Fnissin.be%2Ffr%2Fcontact%2F|||\u00a0\u00bb][\/vc_column][\/vc_row]<\/p>\n","protected":false},"excerpt":{"rendered":"<p>[vc_row full_width=\u00a0\u00bbstretch_row_content_no_spaces\u00a0\u00bb css=\u00a0\u00bb.vc_custom_1740148300871{background-image: url(https:\/\/www.nissin.be\/wp-content\/uploads\/2025\/02\/Nissin-warehouse-with-boxes-and-packages-for-removals-scaled.jpg?id=79729) !important;background-position: center !important;background-repeat: no-repeat !important;background-size: cover !important;}\u00a0\u00bb][vc_column][vc_empty_space height=\u00a0\u00bb534px\u00a0\u00bb][\/vc_column][\/vc_row][vc_row][vc_column][vc_single_image image=\u00a0\u00bb76622&Prime; img_size=\u00a0\u00bbfull\u00a0\u00bb alignment=\u00a0\u00bbcenter\u00a0\u00bb css=\u00a0\u00bb.vc_custom_1639932000323{margin-bottom: 0px !important;}\u00a0\u00bb][vc_column_text css=\u00a0\u00bb.vc_custom_1670922110260{margin-bottom: 0px !important;border-bottom-width: 0px !important;padding-top: 20px !important;padding-bottom: 0px !important;}\u00a0\u00bb] D\u00e9m\u00e9nagements [\/vc_column_text][\/vc_column][\/vc_row][vc_row css=\u00a0\u00bb.vc_custom_1602092728595{padding-top: 35px !important;padding-bottom: 35px !important;}\u00a0\u00bb][vc_column][vc_row_inner][vc_column_inner width=\u00a0\u00bb1\/2&Prime;][vc_column_text css=\u00a0\u00bb.vc_custom_1639932098906{padding-top: 100px !important;padding-right: 35px !important;}\u00a0\u00bb]Vous \u00eates expatri\u00e9, l\u2019un des membres de votre \u00e9quipe va rejoindre un bureau \u00e0 l\u2019\u00e9tranger ou [&hellip;]<\/p>\n","protected":false},"author":1,"featured_media":0,"parent":76067,"menu_order":6,"comment_status":"closed","ping_status":"closed","template":"","meta":{"content-type":"","_monsterinsights_skip_tracking":false,"_monsterinsights_sitenote_active":false,"_monsterinsights_sitenote_note":"","_monsterinsights_sitenote_category":0,"footnotes":""},"class_list":["post-76141","page","type-page","status-publish","hentry"],"yoast_head":"<!-- This site is optimized with the Yoast SEO plugin v27.3 - https:\/\/yoast.com\/product\/yoast-seo-wordpress\/ -->\n<title>D\u00e9m\u00e9nagements | Nissin Belgium<\/title>\n<meta name=\"description\" content=\"Vous cherchez un partenaire fiable et flexible pour les d\u00e9m\u00e9nagements? Nissin Belgium a les solutions pour tous vos d\u00e9fis.\" \/>\n<meta name=\"robots\" content=\"index, follow, max-snippet:-1, max-image-preview:large, max-video-preview:-1\" \/>\n<link rel=\"canonical\" href=\"https:\/\/www.nissin.be\/fr\/services-de-transit-mondiaux\/demenagements\/\" \/>\n<meta property=\"og:locale\" content=\"fr_FR\" \/>\n<meta property=\"og:type\" content=\"article\" \/>\n<meta property=\"og:title\" content=\"D\u00e9m\u00e9nagements | Nissin Belgium\" \/>\n<meta property=\"og:description\" content=\"Vous cherchez un partenaire fiable et flexible pour les d\u00e9m\u00e9nagements? Nissin Belgium a les solutions pour tous vos d\u00e9fis.\" \/>\n<meta property=\"og:url\" content=\"https:\/\/www.nissin.be\/fr\/services-de-transit-mondiaux\/demenagements\/\" \/>\n<meta property=\"og:site_name\" content=\"Nissin Belgium\" \/>\n<meta property=\"article:modified_time\" content=\"2025-02-21T14:31:53+00:00\" \/>\n<meta name=\"twitter:card\" content=\"summary_large_image\" \/>\n<meta name=\"twitter:label1\" content=\"Dur\u00e9e de lecture estim\u00e9e\" \/>\n\t<meta name=\"twitter:data1\" content=\"1 minute\" \/>\n<script type=\"application\/ld+json\" class=\"yoast-schema-graph\">{\"@context\":\"https:\\\/\\\/schema.org\",\"@graph\":[{\"@type\":\"WebPage\",\"@id\":\"https:\\\/\\\/www.nissin.be\\\/fr\\\/services-de-transit-mondiaux\\\/demenagements\\\/\",\"url\":\"https:\\\/\\\/www.nissin.be\\\/fr\\\/services-de-transit-mondiaux\\\/demenagements\\\/\",\"name\":\"D\u00e9m\u00e9nagements | Nissin Belgium\",\"isPartOf\":{\"@id\":\"https:\\\/\\\/www.nissin.be\\\/#website\"},\"datePublished\":\"2020-10-08T16:21:49+00:00\",\"dateModified\":\"2025-02-21T14:31:53+00:00\",\"description\":\"Vous cherchez un partenaire fiable et flexible pour les d\u00e9m\u00e9nagements? Nissin Belgium a les solutions pour tous vos d\u00e9fis.\",\"breadcrumb\":{\"@id\":\"https:\\\/\\\/www.nissin.be\\\/fr\\\/services-de-transit-mondiaux\\\/demenagements\\\/#breadcrumb\"},\"inLanguage\":\"fr-FR\",\"potentialAction\":[{\"@type\":\"ReadAction\",\"target\":[\"https:\\\/\\\/www.nissin.be\\\/fr\\\/services-de-transit-mondiaux\\\/demenagements\\\/\"]}]},{\"@type\":\"BreadcrumbList\",\"@id\":\"https:\\\/\\\/www.nissin.be\\\/fr\\\/services-de-transit-mondiaux\\\/demenagements\\\/#breadcrumb\",\"itemListElement\":[{\"@type\":\"ListItem\",\"position\":1,\"name\":\"Home\",\"item\":\"https:\\\/\\\/www.nissin.be\\\/fr\\\/\"},{\"@type\":\"ListItem\",\"position\":2,\"name\":\"Services de transit mondiaux\",\"item\":\"https:\\\/\\\/www.nissin.be\\\/fr\\\/services-de-transit-mondiaux\\\/\"},{\"@type\":\"ListItem\",\"position\":3,\"name\":\"D\u00e9m\u00e9nagements\"}]},{\"@type\":\"WebSite\",\"@id\":\"https:\\\/\\\/www.nissin.be\\\/#website\",\"url\":\"https:\\\/\\\/www.nissin.be\\\/\",\"name\":\"Nissin Belgium\",\"description\":\"International Logistics Provider\",\"potentialAction\":[{\"@type\":\"SearchAction\",\"target\":{\"@type\":\"EntryPoint\",\"urlTemplate\":\"https:\\\/\\\/www.nissin.be\\\/?s={search_term_string}\"},\"query-input\":{\"@type\":\"PropertyValueSpecification\",\"valueRequired\":true,\"valueName\":\"search_term_string\"}}],\"inLanguage\":\"fr-FR\"}]}<\/script>\n<!-- \/ Yoast SEO plugin. -->","yoast_head_json":{"title":"D\u00e9m\u00e9nagements | Nissin Belgium","description":"Vous cherchez un partenaire fiable et flexible pour les d\u00e9m\u00e9nagements? Nissin Belgium a les solutions pour tous vos d\u00e9fis.","robots":{"index":"index","follow":"follow","max-snippet":"max-snippet:-1","max-image-preview":"max-image-preview:large","max-video-preview":"max-video-preview:-1"},"canonical":"https:\/\/www.nissin.be\/fr\/services-de-transit-mondiaux\/demenagements\/","og_locale":"fr_FR","og_type":"article","og_title":"D\u00e9m\u00e9nagements | Nissin Belgium","og_description":"Vous cherchez un partenaire fiable et flexible pour les d\u00e9m\u00e9nagements? Nissin Belgium a les solutions pour tous vos d\u00e9fis.","og_url":"https:\/\/www.nissin.be\/fr\/services-de-transit-mondiaux\/demenagements\/","og_site_name":"Nissin Belgium","article_modified_time":"2025-02-21T14:31:53+00:00","twitter_card":"summary_large_image","twitter_misc":{"Dur\u00e9e de lecture estim\u00e9e":"1 minute"},"schema":{"@context":"https:\/\/schema.org","@graph":[{"@type":"WebPage","@id":"https:\/\/www.nissin.be\/fr\/services-de-transit-mondiaux\/demenagements\/","url":"https:\/\/www.nissin.be\/fr\/services-de-transit-mondiaux\/demenagements\/","name":"D\u00e9m\u00e9nagements | Nissin Belgium","isPartOf":{"@id":"https:\/\/www.nissin.be\/#website"},"datePublished":"2020-10-08T16:21:49+00:00","dateModified":"2025-02-21T14:31:53+00:00","description":"Vous cherchez un partenaire fiable et flexible pour les d\u00e9m\u00e9nagements? Nissin Belgium a les solutions pour tous vos d\u00e9fis.","breadcrumb":{"@id":"https:\/\/www.nissin.be\/fr\/services-de-transit-mondiaux\/demenagements\/#breadcrumb"},"inLanguage":"fr-FR","potentialAction":[{"@type":"ReadAction","target":["https:\/\/www.nissin.be\/fr\/services-de-transit-mondiaux\/demenagements\/"]}]},{"@type":"BreadcrumbList","@id":"https:\/\/www.nissin.be\/fr\/services-de-transit-mondiaux\/demenagements\/#breadcrumb","itemListElement":[{"@type":"ListItem","position":1,"name":"Home","item":"https:\/\/www.nissin.be\/fr\/"},{"@type":"ListItem","position":2,"name":"Services de transit mondiaux","item":"https:\/\/www.nissin.be\/fr\/services-de-transit-mondiaux\/"},{"@type":"ListItem","position":3,"name":"D\u00e9m\u00e9nagements"}]},{"@type":"WebSite","@id":"https:\/\/www.nissin.be\/#website","url":"https:\/\/www.nissin.be\/","name":"Nissin Belgium","description":"International Logistics Provider","potentialAction":[{"@type":"SearchAction","target":{"@type":"EntryPoint","urlTemplate":"https:\/\/www.nissin.be\/?s={search_term_string}"},"query-input":{"@type":"PropertyValueSpecification","valueRequired":true,"valueName":"search_term_string"}}],"inLanguage":"fr-FR"}]}},"_links":{"self":[{"href":"https:\/\/www.nissin.be\/fr\/wp-json\/wp\/v2\/pages\/76141","targetHints":{"allow":["GET"]}}],"collection":[{"href":"https:\/\/www.nissin.be\/fr\/wp-json\/wp\/v2\/pages"}],"about":[{"href":"https:\/\/www.nissin.be\/fr\/wp-json\/wp\/v2\/types\/page"}],"author":[{"embeddable":true,"href":"https:\/\/www.nissin.be\/fr\/wp-json\/wp\/v2\/users\/1"}],"replies":[{"embeddable":true,"href":"https:\/\/www.nissin.be\/fr\/wp-json\/wp\/v2\/comments?post=76141"}],"version-history":[{"count":19,"href":"https:\/\/www.nissin.be\/fr\/wp-json\/wp\/v2\/pages\/76141\/revisions"}],"predecessor-version":[{"id":79753,"href":"https:\/\/www.nissin.be\/fr\/wp-json\/wp\/v2\/pages\/76141\/revisions\/79753"}],"up":[{"embeddable":true,"href":"https:\/\/www.nissin.be\/fr\/wp-json\/wp\/v2\/pages\/76067"}],"wp:attachment":[{"href":"https:\/\/www.nissin.be\/fr\/wp-json\/wp\/v2\/media?parent=76141"}],"curies":[{"name":"wp","href":"https:\/\/api.w.org\/{rel}","templated":true}]}}