{"id":76133,"date":"2020-10-07T21:34:43","date_gmt":"2020-10-07T21:34:43","guid":{"rendered":"http:\/\/nissin.be\/logistics-services\/warehousing\/"},"modified":"2025-02-21T14:30:43","modified_gmt":"2025-02-21T14:30:43","slug":"entreposage","status":"publish","type":"page","link":"https:\/\/www.nissin.be\/fr\/services-de-transit-mondiaux\/entreposage\/","title":{"rendered":"Entreposage"},"content":{"rendered":"<p>[vc_row full_width=\u00a0\u00bbstretch_row_content_no_spaces\u00a0\u00bb css=\u00a0\u00bb.vc_custom_1634229191534{background-image: url(http:\/\/nissin.be\/wp-content\/uploads\/2021\/10\/11.jpg?id=77052) !important;background-position: center !important;background-repeat: no-repeat !important;background-size: cover !important;}\u00a0\u00bb][vc_column][vc_empty_space height=\u00a0\u00bb534px\u00a0\u00bb][\/vc_column][\/vc_row][vc_row][vc_column][vc_single_image image=\u00a0\u00bb76615&Prime; img_size=\u00a0\u00bbfull\u00a0\u00bb alignment=\u00a0\u00bbcenter\u00a0\u00bb css=\u00a0\u00bb.vc_custom_1639931571755{margin-bottom: 0px !important;}\u00a0\u00bb][vc_column_text css=\u00a0\u00bb.vc_custom_1670922314857{margin-bottom: 0px !important;border-bottom-width: 0px !important;padding-bottom: 0px !important;}\u00a0\u00bb]<\/p>\n<h1 style=\"text-align: center; letter-spacing: 0px; color: #e40428; text-transform: uppercase; font-size: 38px; font-weight: 600;\">Entreposage<\/h1>\n<p>[\/vc_column_text][\/vc_column][\/vc_row][vc_row css=\u00a0\u00bb.vc_custom_1670922381719{padding-top: 20px !important;padding-bottom: 35px !important;}\u00a0\u00bb][vc_column][vc_row_inner][vc_column_inner width=\u00a0\u00bb1\/2&Prime;][vc_column_text css=\u00a0\u00bb.vc_custom_1639931541890{padding-right: 20px !important;}\u00a0\u00bb]<\/p>\n<p style=\"text-align: left;\">Avant ou apr\u00e8s l\u2019exp\u00e9dition, vos marchandises doivent \u00eatre <span style=\"color: #ff0000;\"><strong>stock\u00e9es<\/strong><\/span>. En tant que partenaire logistique, Nissin dispose de divers entrep\u00f4ts dans le monde entier. Notamment une s\u00e9rie d\u2019entrep\u00f4ts situ\u00e9s sur des sites strat\u00e9giques en Belgique : Anvers Sud, Bruxelles et Li\u00e8ge. Quoi que vous souhaitiez stocker, <span style=\"color: #ff0000;\"><strong>Nissin a une solution de stockage pour le garder en s\u00e9curit\u00e9<\/strong><\/span>:<\/p>\n<p>[\/vc_column_text][vc_column_text css=\u00a0\u00bb.vc_custom_1615833002964{padding-right: 20px !important;}\u00a0\u00bb]<\/p>\n<ul>\n<li>Entreposage g\u00e9n\u00e9ral<\/li>\n<li>Entreposage sous douane<\/li>\n<li>Stockage \u00e0 temp\u00e9rature contr\u00f4l\u00e9e<\/li>\n<li>Installations et certifications pour les marchandises dangereuses<\/li>\n<li>Installations pour les \u00e9quipements lourds<\/li>\n<li>Livraison 24 heures sur 24, 7 jours sur 7<\/li>\n<li>Service d\u2019emballage, de reconditionnement et de groupage<\/li>\n<li>Chargement et d\u00e9chargement faciles (sur le c\u00f4t\u00e9 ou \u00e0 l\u2019arri\u00e8re)<\/li>\n<li>Palettes pour charges lourdes<\/li>\n<li>\u00c9quip\u00e9 pour manipuler les Big Bags, les bobines, les rouleaux de papier et de tissus<\/li>\n<li>Sites strat\u00e9giques<\/li>\n<\/ul>\n<p>[\/vc_column_text][\/vc_column_inner][vc_column_inner width=\u00a0\u00bb1\/2&Prime;][vc_single_image image=\u00a0\u00bb79744&Prime; img_size=\u00a0\u00bbfull\u00a0\u00bb alignment=\u00a0\u00bbcenter\u00a0\u00bb][\/vc_column_inner][\/vc_row_inner][\/vc_column][\/vc_row][vc_row][vc_column][vc_column_text]<\/p>\n<p style=\"text-align: center;\">En plus de l\u2019expertise propre \u00e0 Nissin, nous travaillons avec des partenaires soigneusement s\u00e9lectionn\u00e9s pour vous offrir la meilleure solution.<\/p>\n<p>[\/vc_column_text][\/vc_column][\/vc_row][vc_row css=\u00a0\u00bb.vc_custom_1633023974485{margin-bottom: 50px !important;padding-top: 30px !important;padding-bottom: 30px !important;background-color: #e40428 !important;background-position: center !important;background-repeat: no-repeat !important;background-size: cover !important;}\u00a0\u00bb row_bg_overlay=\u00a0\u00bb#e40428&Prime;][vc_column][vc_column_text]<\/p>\n<h3 style=\"text-align: center;\"><strong><span style=\"color: #ffffff; text-transform: uppercase;\">Stockons votre fret<\/span><\/strong><\/h3>\n<p style=\"text-align: center;\"><strong><span style=\"color: #ffffff;\">Vous cherchez plus d\u2019informations sur nos services d\u2019entreposage?<\/span><\/strong><\/p>\n<p>[\/vc_column_text][vc_btn title=\u00a0\u00bbCONTACTEZ-NOUS\u00a0\u00bb style=\u00a0\u00bboutline-custom\u00a0\u00bb outline_custom_color=\u00a0\u00bb#ffffff\u00a0\u00bb outline_custom_hover_background=\u00a0\u00bb#e40428&Prime; outline_custom_hover_text=\u00a0\u00bb#ffffff\u00a0\u00bb shape=\u00a0\u00bbsquare\u00a0\u00bb align=\u00a0\u00bbcenter\u00a0\u00bb link=\u00a0\u00bburl:http%3A%2F%2Fnissin.be%2Ffr%2Fcontact%2F|||\u00a0\u00bb][\/vc_column][\/vc_row]<\/p>\n","protected":false},"excerpt":{"rendered":"<p>[vc_row full_width=\u00a0\u00bbstretch_row_content_no_spaces\u00a0\u00bb css=\u00a0\u00bb.vc_custom_1634229191534{background-image: url(http:\/\/nissin.be\/wp-content\/uploads\/2021\/10\/11.jpg?id=77052) !important;background-position: center !important;background-repeat: no-repeat !important;background-size: cover !important;}\u00a0\u00bb][vc_column][vc_empty_space height=\u00a0\u00bb534px\u00a0\u00bb][\/vc_column][\/vc_row][vc_row][vc_column][vc_single_image image=\u00a0\u00bb76615&Prime; img_size=\u00a0\u00bbfull\u00a0\u00bb alignment=\u00a0\u00bbcenter\u00a0\u00bb css=\u00a0\u00bb.vc_custom_1639931571755{margin-bottom: 0px !important;}\u00a0\u00bb][vc_column_text css=\u00a0\u00bb.vc_custom_1670922314857{margin-bottom: 0px !important;border-bottom-width: 0px !important;padding-bottom: 0px !important;}\u00a0\u00bb] Entreposage [\/vc_column_text][\/vc_column][\/vc_row][vc_row css=\u00a0\u00bb.vc_custom_1670922381719{padding-top: 20px !important;padding-bottom: 35px !important;}\u00a0\u00bb][vc_column][vc_row_inner][vc_column_inner width=\u00a0\u00bb1\/2&Prime;][vc_column_text css=\u00a0\u00bb.vc_custom_1639931541890{padding-right: 20px !important;}\u00a0\u00bb] Avant ou apr\u00e8s l\u2019exp\u00e9dition, vos marchandises doivent \u00eatre stock\u00e9es. En tant que partenaire logistique, Nissin dispose de divers entrep\u00f4ts [&hellip;]<\/p>\n","protected":false},"author":1,"featured_media":0,"parent":76067,"menu_order":5,"comment_status":"closed","ping_status":"closed","template":"","meta":{"content-type":"","_monsterinsights_skip_tracking":false,"_monsterinsights_sitenote_active":false,"_monsterinsights_sitenote_note":"","_monsterinsights_sitenote_category":0,"footnotes":""},"class_list":["post-76133","page","type-page","status-publish","hentry"],"yoast_head":"<!-- This site is optimized with the Yoast SEO plugin v27.3 - https:\/\/yoast.com\/product\/yoast-seo-wordpress\/ -->\n<title>Entreposage | Nissin Belgium<\/title>\n<meta name=\"description\" content=\"Vous cherchez un partenaire d\u2019entreposage fiable et flexible? Nissin Belgium a la solution \u00e0 tous vos d\u00e9fis en mati\u00e8re de stockage.\" \/>\n<meta name=\"robots\" content=\"index, follow, max-snippet:-1, max-image-preview:large, max-video-preview:-1\" \/>\n<link rel=\"canonical\" href=\"https:\/\/www.nissin.be\/fr\/services-de-transit-mondiaux\/entreposage\/\" \/>\n<meta property=\"og:locale\" content=\"fr_FR\" \/>\n<meta property=\"og:type\" content=\"article\" \/>\n<meta property=\"og:title\" content=\"Entreposage | Nissin Belgium\" \/>\n<meta property=\"og:description\" content=\"Vous cherchez un partenaire d\u2019entreposage fiable et flexible? Nissin Belgium a la solution \u00e0 tous vos d\u00e9fis en mati\u00e8re de stockage.\" \/>\n<meta property=\"og:url\" content=\"https:\/\/www.nissin.be\/fr\/services-de-transit-mondiaux\/entreposage\/\" \/>\n<meta property=\"og:site_name\" content=\"Nissin Belgium\" \/>\n<meta property=\"article:modified_time\" content=\"2025-02-21T14:30:43+00:00\" \/>\n<meta name=\"twitter:card\" content=\"summary_large_image\" \/>\n<meta name=\"twitter:label1\" content=\"Dur\u00e9e de lecture estim\u00e9e\" \/>\n\t<meta name=\"twitter:data1\" content=\"1 minute\" \/>\n<script type=\"application\/ld+json\" class=\"yoast-schema-graph\">{\"@context\":\"https:\\\/\\\/schema.org\",\"@graph\":[{\"@type\":\"WebPage\",\"@id\":\"https:\\\/\\\/www.nissin.be\\\/fr\\\/services-de-transit-mondiaux\\\/entreposage\\\/\",\"url\":\"https:\\\/\\\/www.nissin.be\\\/fr\\\/services-de-transit-mondiaux\\\/entreposage\\\/\",\"name\":\"Entreposage | Nissin Belgium\",\"isPartOf\":{\"@id\":\"https:\\\/\\\/www.nissin.be\\\/#website\"},\"datePublished\":\"2020-10-07T21:34:43+00:00\",\"dateModified\":\"2025-02-21T14:30:43+00:00\",\"description\":\"Vous cherchez un partenaire d\u2019entreposage fiable et flexible? Nissin Belgium a la solution \u00e0 tous vos d\u00e9fis en mati\u00e8re de stockage.\",\"breadcrumb\":{\"@id\":\"https:\\\/\\\/www.nissin.be\\\/fr\\\/services-de-transit-mondiaux\\\/entreposage\\\/#breadcrumb\"},\"inLanguage\":\"fr-FR\",\"potentialAction\":[{\"@type\":\"ReadAction\",\"target\":[\"https:\\\/\\\/www.nissin.be\\\/fr\\\/services-de-transit-mondiaux\\\/entreposage\\\/\"]}]},{\"@type\":\"BreadcrumbList\",\"@id\":\"https:\\\/\\\/www.nissin.be\\\/fr\\\/services-de-transit-mondiaux\\\/entreposage\\\/#breadcrumb\",\"itemListElement\":[{\"@type\":\"ListItem\",\"position\":1,\"name\":\"Home\",\"item\":\"https:\\\/\\\/www.nissin.be\\\/fr\\\/\"},{\"@type\":\"ListItem\",\"position\":2,\"name\":\"Services de transit mondiaux\",\"item\":\"https:\\\/\\\/www.nissin.be\\\/fr\\\/services-de-transit-mondiaux\\\/\"},{\"@type\":\"ListItem\",\"position\":3,\"name\":\"Entreposage\"}]},{\"@type\":\"WebSite\",\"@id\":\"https:\\\/\\\/www.nissin.be\\\/#website\",\"url\":\"https:\\\/\\\/www.nissin.be\\\/\",\"name\":\"Nissin Belgium\",\"description\":\"International Logistics Provider\",\"potentialAction\":[{\"@type\":\"SearchAction\",\"target\":{\"@type\":\"EntryPoint\",\"urlTemplate\":\"https:\\\/\\\/www.nissin.be\\\/?s={search_term_string}\"},\"query-input\":{\"@type\":\"PropertyValueSpecification\",\"valueRequired\":true,\"valueName\":\"search_term_string\"}}],\"inLanguage\":\"fr-FR\"}]}<\/script>\n<!-- \/ Yoast SEO plugin. -->","yoast_head_json":{"title":"Entreposage | Nissin Belgium","description":"Vous cherchez un partenaire d\u2019entreposage fiable et flexible? Nissin Belgium a la solution \u00e0 tous vos d\u00e9fis en mati\u00e8re de stockage.","robots":{"index":"index","follow":"follow","max-snippet":"max-snippet:-1","max-image-preview":"max-image-preview:large","max-video-preview":"max-video-preview:-1"},"canonical":"https:\/\/www.nissin.be\/fr\/services-de-transit-mondiaux\/entreposage\/","og_locale":"fr_FR","og_type":"article","og_title":"Entreposage | Nissin Belgium","og_description":"Vous cherchez un partenaire d\u2019entreposage fiable et flexible? Nissin Belgium a la solution \u00e0 tous vos d\u00e9fis en mati\u00e8re de stockage.","og_url":"https:\/\/www.nissin.be\/fr\/services-de-transit-mondiaux\/entreposage\/","og_site_name":"Nissin Belgium","article_modified_time":"2025-02-21T14:30:43+00:00","twitter_card":"summary_large_image","twitter_misc":{"Dur\u00e9e de lecture estim\u00e9e":"1 minute"},"schema":{"@context":"https:\/\/schema.org","@graph":[{"@type":"WebPage","@id":"https:\/\/www.nissin.be\/fr\/services-de-transit-mondiaux\/entreposage\/","url":"https:\/\/www.nissin.be\/fr\/services-de-transit-mondiaux\/entreposage\/","name":"Entreposage | Nissin Belgium","isPartOf":{"@id":"https:\/\/www.nissin.be\/#website"},"datePublished":"2020-10-07T21:34:43+00:00","dateModified":"2025-02-21T14:30:43+00:00","description":"Vous cherchez un partenaire d\u2019entreposage fiable et flexible? Nissin Belgium a la solution \u00e0 tous vos d\u00e9fis en mati\u00e8re de stockage.","breadcrumb":{"@id":"https:\/\/www.nissin.be\/fr\/services-de-transit-mondiaux\/entreposage\/#breadcrumb"},"inLanguage":"fr-FR","potentialAction":[{"@type":"ReadAction","target":["https:\/\/www.nissin.be\/fr\/services-de-transit-mondiaux\/entreposage\/"]}]},{"@type":"BreadcrumbList","@id":"https:\/\/www.nissin.be\/fr\/services-de-transit-mondiaux\/entreposage\/#breadcrumb","itemListElement":[{"@type":"ListItem","position":1,"name":"Home","item":"https:\/\/www.nissin.be\/fr\/"},{"@type":"ListItem","position":2,"name":"Services de transit mondiaux","item":"https:\/\/www.nissin.be\/fr\/services-de-transit-mondiaux\/"},{"@type":"ListItem","position":3,"name":"Entreposage"}]},{"@type":"WebSite","@id":"https:\/\/www.nissin.be\/#website","url":"https:\/\/www.nissin.be\/","name":"Nissin Belgium","description":"International Logistics Provider","potentialAction":[{"@type":"SearchAction","target":{"@type":"EntryPoint","urlTemplate":"https:\/\/www.nissin.be\/?s={search_term_string}"},"query-input":{"@type":"PropertyValueSpecification","valueRequired":true,"valueName":"search_term_string"}}],"inLanguage":"fr-FR"}]}},"_links":{"self":[{"href":"https:\/\/www.nissin.be\/fr\/wp-json\/wp\/v2\/pages\/76133","targetHints":{"allow":["GET"]}}],"collection":[{"href":"https:\/\/www.nissin.be\/fr\/wp-json\/wp\/v2\/pages"}],"about":[{"href":"https:\/\/www.nissin.be\/fr\/wp-json\/wp\/v2\/types\/page"}],"author":[{"embeddable":true,"href":"https:\/\/www.nissin.be\/fr\/wp-json\/wp\/v2\/users\/1"}],"replies":[{"embeddable":true,"href":"https:\/\/www.nissin.be\/fr\/wp-json\/wp\/v2\/comments?post=76133"}],"version-history":[{"count":18,"href":"https:\/\/www.nissin.be\/fr\/wp-json\/wp\/v2\/pages\/76133\/revisions"}],"predecessor-version":[{"id":79752,"href":"https:\/\/www.nissin.be\/fr\/wp-json\/wp\/v2\/pages\/76133\/revisions\/79752"}],"up":[{"embeddable":true,"href":"https:\/\/www.nissin.be\/fr\/wp-json\/wp\/v2\/pages\/76067"}],"wp:attachment":[{"href":"https:\/\/www.nissin.be\/fr\/wp-json\/wp\/v2\/media?parent=76133"}],"curies":[{"name":"wp","href":"https:\/\/api.w.org\/{rel}","templated":true}]}}