{"id":76118,"date":"2020-10-07T18:51:03","date_gmt":"2020-10-07T18:51:03","guid":{"rendered":"http:\/\/nissin.be\/logistics-services\/road\/"},"modified":"2025-02-21T14:27:49","modified_gmt":"2025-02-21T14:27:49","slug":"route","status":"publish","type":"page","link":"https:\/\/www.nissin.be\/fr\/services-de-transit-mondiaux\/route\/","title":{"rendered":"Transport par route"},"content":{"rendered":"<p>[vc_row full_width=\u00a0\u00bbstretch_row_content_no_spaces\u00a0\u00bb][vc_column][vc_single_image image=\u00a0\u00bb79720&Prime; img_size=\u00a0\u00bbfull\u00a0\u00bb alignment=\u00a0\u00bbcenter\u00a0\u00bb][\/vc_column][\/vc_row][vc_row][vc_column][vc_single_image image=\u00a0\u00bb76580&Prime; img_size=\u00a0\u00bbfull\u00a0\u00bb alignment=\u00a0\u00bbcenter\u00a0\u00bb css=\u00a0\u00bb.vc_custom_1633019634224{margin-bottom: 0px !important;}\u00a0\u00bb][vc_column_text css=\u00a0\u00bb.vc_custom_1670922601169{margin-bottom: 0px !important;border-bottom-width: 0px !important;padding-bottom: 0px !important;}\u00a0\u00bb]<\/p>\n<h1 style=\"text-align: center; letter-spacing: 0px; color: #e40428; text-transform: uppercase; font-size: 38px; font-weight: 600;\">Transport par route<\/h1>\n<p>[\/vc_column_text][vc_column_text css=\u00a0\u00bb.vc_custom_1633019246932{padding-top: 20px !important;}\u00a0\u00bb]<\/p>\n<p style=\"text-align: center;\"><span style=\"color: #e40428;\">La vitesse et la flexibilit\u00e9 des camions sont in\u00e9gal\u00e9es. C\u2019est pourquoi les camions sont un compl\u00e9ment essentiel aux services a\u00e9riens et maritimes de Nissin. Depuis l\u2019enl\u00e8vement de vos marchandises sur votre site de production \u00e0 la livraison au dernier kilom\u00e8tre apr\u00e8s l\u2019atterrissage d\u2019un avion-cargo\u00a0: notre r\u00e9seau de partenaires de transport soigneusement s\u00e9lectionn\u00e9s achemine vos marchandises exactement l\u00e0 o\u00f9 vous le souhaitez, quand vous le souhaitez. Sur demande, nous organisons \u00e9galement votre transport par camion \u00e0 travers le continent.<\/span><\/p>\n<p>[\/vc_column_text][\/vc_column][\/vc_row][vc_row css=\u00a0\u00bb.vc_custom_1602092728595{padding-top: 35px !important;padding-bottom: 35px !important;}\u00a0\u00bb][vc_column][vc_row_inner content_placement=\u00a0\u00bbmiddle\u00a0\u00bb][vc_column_inner width=\u00a0\u00bb1\/2&Prime;][vc_column_text]<\/p>\n<h2><span style=\"color: #e40428;\"><strong>NOUS POUVONS G\u00c9RER:<\/strong><\/span><\/h2>\n<p>&nbsp;<\/p>\n<ul>\n<li><span style=\"color: #ff0000;\"><strong>Cargaison hors gabarit<\/strong><\/span> (transport exceptionnel)<\/li>\n<li><span style=\"color: #ff0000;\"><strong>Transport<\/strong><\/span> normal ou <span style=\"color: #ff0000;\"><strong>express<\/strong><\/span> de la petite camionnette \u00e0 la remorque pour les marchandises g\u00e9n\u00e9rales, marchandises \u00e0 temp\u00e9rature contr\u00f4l\u00e9e, marchandises pharmaceutiques\u2026<\/li>\n<\/ul>\n<p>&nbsp;<\/p>\n<h2><span style=\"color: #e40428;\"><strong>NOUS OFFRONS:<\/strong><\/span><\/h2>\n<p>&nbsp;<\/p>\n<ul>\n<li>Un <span style=\"color: #ff0000;\"><strong>camion-remorque ferm\u00e9<\/strong><\/span> pour les \u00e9v\u00e8nements sp\u00e9ciaux<\/li>\n<li>Utilisation de <strong><span style=\"color: #ff0000;\">remorques \u00ab click<\/span> \u00bb<\/strong> pour les volumes plus importants et les faibles poids : seul le permis de conduire B est n\u00e9cessaire, pas besoin de tachygraphe!<\/li>\n<li><span style=\"color: #ff0000;\"><strong>Syst\u00e8me de suivi et de tra\u00e7abilit\u00e9<\/strong><\/span> (standard)<\/li>\n<\/ul>\n<p>[\/vc_column_text][\/vc_column_inner][vc_column_inner width=\u00a0\u00bb1\/2&Prime;][vc_single_image image=\u00a0\u00bb76846&Prime; img_size=\u00a0\u00bbfull\u00a0\u00bb alignment=\u00a0\u00bbcenter\u00a0\u00bb][\/vc_column_inner][\/vc_row_inner][\/vc_column][\/vc_row][vc_row css=\u00a0\u00bb.vc_custom_1633019345825{margin-bottom: 50px !important;padding-top: 30px !important;padding-bottom: 30px !important;background-color: #e40428 !important;background-position: center !important;background-repeat: no-repeat !important;background-size: contain !important;}\u00a0\u00bb row_bg_overlay=\u00a0\u00bb#e40428&Prime;][vc_column][vc_column_text]<\/p>\n<h3 style=\"text-align: center;\"><strong><span style=\"color: #ffffff; text-transform: uppercase;\">Faisons avancer votre fret<\/span><\/strong><\/h3>\n<p style=\"text-align: center;\"><strong><span style=\"color: #ffffff;\">Vous cherchez plus d\u2019informations sur le transport de marchandises par route?<\/span><\/strong><\/p>\n<p>[\/vc_column_text][vc_btn title=\u00a0\u00bbCONTACTEZ-NOUS\u00a0\u00bb style=\u00a0\u00bboutline-custom\u00a0\u00bb outline_custom_color=\u00a0\u00bb#ffffff\u00a0\u00bb outline_custom_hover_background=\u00a0\u00bb#e40428&Prime; outline_custom_hover_text=\u00a0\u00bb#ffffff\u00a0\u00bb shape=\u00a0\u00bbsquare\u00a0\u00bb align=\u00a0\u00bbcenter\u00a0\u00bb link=\u00a0\u00bburl:http%3A%2F%2Fnissin.be%2Ffr%2Fcontact%2F|||\u00a0\u00bb][\/vc_column][\/vc_row]<\/p>\n","protected":false},"excerpt":{"rendered":"<p>[vc_row full_width=\u00a0\u00bbstretch_row_content_no_spaces\u00a0\u00bb][vc_column][vc_single_image image=\u00a0\u00bb79720&Prime; img_size=\u00a0\u00bbfull\u00a0\u00bb alignment=\u00a0\u00bbcenter\u00a0\u00bb][\/vc_column][\/vc_row][vc_row][vc_column][vc_single_image image=\u00a0\u00bb76580&Prime; img_size=\u00a0\u00bbfull\u00a0\u00bb alignment=\u00a0\u00bbcenter\u00a0\u00bb css=\u00a0\u00bb.vc_custom_1633019634224{margin-bottom: 0px !important;}\u00a0\u00bb][vc_column_text css=\u00a0\u00bb.vc_custom_1670922601169{margin-bottom: 0px !important;border-bottom-width: 0px !important;padding-bottom: 0px !important;}\u00a0\u00bb] Transport par route [\/vc_column_text][vc_column_text css=\u00a0\u00bb.vc_custom_1633019246932{padding-top: 20px !important;}\u00a0\u00bb] La vitesse et la flexibilit\u00e9 des camions sont in\u00e9gal\u00e9es. C\u2019est pourquoi les camions sont un compl\u00e9ment essentiel aux services a\u00e9riens et maritimes de Nissin. Depuis l\u2019enl\u00e8vement de vos marchandises sur [&hellip;]<\/p>\n","protected":false},"author":1,"featured_media":0,"parent":76067,"menu_order":3,"comment_status":"closed","ping_status":"closed","template":"","meta":{"content-type":"","_monsterinsights_skip_tracking":false,"_monsterinsights_sitenote_active":false,"_monsterinsights_sitenote_note":"","_monsterinsights_sitenote_category":0,"footnotes":""},"class_list":["post-76118","page","type-page","status-publish","hentry"],"yoast_head":"<!-- This site is optimized with the Yoast SEO plugin v27.3 - https:\/\/yoast.com\/product\/yoast-seo-wordpress\/ -->\n<title>Transport par route - Nissin Belgium<\/title>\n<meta name=\"description\" content=\"Notre r\u00e9seau de partenaires achemine vos marchandises exactement l\u00e0 o\u00f9 vous le souhaitez. Nous organisons votre transport par camion \u00e0 travers le continent.\" \/>\n<meta name=\"robots\" content=\"index, follow, max-snippet:-1, max-image-preview:large, max-video-preview:-1\" \/>\n<link rel=\"canonical\" href=\"https:\/\/www.nissin.be\/fr\/services-de-transit-mondiaux\/route\/\" \/>\n<meta property=\"og:locale\" content=\"fr_FR\" \/>\n<meta property=\"og:type\" content=\"article\" \/>\n<meta property=\"og:title\" content=\"Transport par route - Nissin Belgium\" \/>\n<meta property=\"og:description\" content=\"Notre r\u00e9seau de partenaires achemine vos marchandises exactement l\u00e0 o\u00f9 vous le souhaitez. Nous organisons votre transport par camion \u00e0 travers le continent.\" \/>\n<meta property=\"og:url\" content=\"https:\/\/www.nissin.be\/fr\/services-de-transit-mondiaux\/route\/\" \/>\n<meta property=\"og:site_name\" content=\"Nissin Belgium\" \/>\n<meta property=\"article:modified_time\" content=\"2025-02-21T14:27:49+00:00\" \/>\n<meta name=\"twitter:card\" content=\"summary_large_image\" \/>\n<meta name=\"twitter:label1\" content=\"Dur\u00e9e de lecture estim\u00e9e\" \/>\n\t<meta name=\"twitter:data1\" content=\"1 minute\" \/>\n<script type=\"application\/ld+json\" class=\"yoast-schema-graph\">{\"@context\":\"https:\\\/\\\/schema.org\",\"@graph\":[{\"@type\":\"WebPage\",\"@id\":\"https:\\\/\\\/www.nissin.be\\\/fr\\\/services-de-transit-mondiaux\\\/route\\\/\",\"url\":\"https:\\\/\\\/www.nissin.be\\\/fr\\\/services-de-transit-mondiaux\\\/route\\\/\",\"name\":\"Transport par route - Nissin Belgium\",\"isPartOf\":{\"@id\":\"https:\\\/\\\/www.nissin.be\\\/#website\"},\"datePublished\":\"2020-10-07T18:51:03+00:00\",\"dateModified\":\"2025-02-21T14:27:49+00:00\",\"description\":\"Notre r\u00e9seau de partenaires achemine vos marchandises exactement l\u00e0 o\u00f9 vous le souhaitez. Nous organisons votre transport par camion \u00e0 travers le continent.\",\"breadcrumb\":{\"@id\":\"https:\\\/\\\/www.nissin.be\\\/fr\\\/services-de-transit-mondiaux\\\/route\\\/#breadcrumb\"},\"inLanguage\":\"fr-FR\",\"potentialAction\":[{\"@type\":\"ReadAction\",\"target\":[\"https:\\\/\\\/www.nissin.be\\\/fr\\\/services-de-transit-mondiaux\\\/route\\\/\"]}]},{\"@type\":\"BreadcrumbList\",\"@id\":\"https:\\\/\\\/www.nissin.be\\\/fr\\\/services-de-transit-mondiaux\\\/route\\\/#breadcrumb\",\"itemListElement\":[{\"@type\":\"ListItem\",\"position\":1,\"name\":\"Home\",\"item\":\"https:\\\/\\\/www.nissin.be\\\/fr\\\/\"},{\"@type\":\"ListItem\",\"position\":2,\"name\":\"Services de transit mondiaux\",\"item\":\"https:\\\/\\\/www.nissin.be\\\/fr\\\/services-de-transit-mondiaux\\\/\"},{\"@type\":\"ListItem\",\"position\":3,\"name\":\"Transport par route\"}]},{\"@type\":\"WebSite\",\"@id\":\"https:\\\/\\\/www.nissin.be\\\/#website\",\"url\":\"https:\\\/\\\/www.nissin.be\\\/\",\"name\":\"Nissin Belgium\",\"description\":\"International Logistics Provider\",\"potentialAction\":[{\"@type\":\"SearchAction\",\"target\":{\"@type\":\"EntryPoint\",\"urlTemplate\":\"https:\\\/\\\/www.nissin.be\\\/?s={search_term_string}\"},\"query-input\":{\"@type\":\"PropertyValueSpecification\",\"valueRequired\":true,\"valueName\":\"search_term_string\"}}],\"inLanguage\":\"fr-FR\"}]}<\/script>\n<!-- \/ Yoast SEO plugin. -->","yoast_head_json":{"title":"Transport par route - Nissin Belgium","description":"Notre r\u00e9seau de partenaires achemine vos marchandises exactement l\u00e0 o\u00f9 vous le souhaitez. Nous organisons votre transport par camion \u00e0 travers le continent.","robots":{"index":"index","follow":"follow","max-snippet":"max-snippet:-1","max-image-preview":"max-image-preview:large","max-video-preview":"max-video-preview:-1"},"canonical":"https:\/\/www.nissin.be\/fr\/services-de-transit-mondiaux\/route\/","og_locale":"fr_FR","og_type":"article","og_title":"Transport par route - Nissin Belgium","og_description":"Notre r\u00e9seau de partenaires achemine vos marchandises exactement l\u00e0 o\u00f9 vous le souhaitez. Nous organisons votre transport par camion \u00e0 travers le continent.","og_url":"https:\/\/www.nissin.be\/fr\/services-de-transit-mondiaux\/route\/","og_site_name":"Nissin Belgium","article_modified_time":"2025-02-21T14:27:49+00:00","twitter_card":"summary_large_image","twitter_misc":{"Dur\u00e9e de lecture estim\u00e9e":"1 minute"},"schema":{"@context":"https:\/\/schema.org","@graph":[{"@type":"WebPage","@id":"https:\/\/www.nissin.be\/fr\/services-de-transit-mondiaux\/route\/","url":"https:\/\/www.nissin.be\/fr\/services-de-transit-mondiaux\/route\/","name":"Transport par route - Nissin Belgium","isPartOf":{"@id":"https:\/\/www.nissin.be\/#website"},"datePublished":"2020-10-07T18:51:03+00:00","dateModified":"2025-02-21T14:27:49+00:00","description":"Notre r\u00e9seau de partenaires achemine vos marchandises exactement l\u00e0 o\u00f9 vous le souhaitez. Nous organisons votre transport par camion \u00e0 travers le continent.","breadcrumb":{"@id":"https:\/\/www.nissin.be\/fr\/services-de-transit-mondiaux\/route\/#breadcrumb"},"inLanguage":"fr-FR","potentialAction":[{"@type":"ReadAction","target":["https:\/\/www.nissin.be\/fr\/services-de-transit-mondiaux\/route\/"]}]},{"@type":"BreadcrumbList","@id":"https:\/\/www.nissin.be\/fr\/services-de-transit-mondiaux\/route\/#breadcrumb","itemListElement":[{"@type":"ListItem","position":1,"name":"Home","item":"https:\/\/www.nissin.be\/fr\/"},{"@type":"ListItem","position":2,"name":"Services de transit mondiaux","item":"https:\/\/www.nissin.be\/fr\/services-de-transit-mondiaux\/"},{"@type":"ListItem","position":3,"name":"Transport par route"}]},{"@type":"WebSite","@id":"https:\/\/www.nissin.be\/#website","url":"https:\/\/www.nissin.be\/","name":"Nissin Belgium","description":"International Logistics Provider","potentialAction":[{"@type":"SearchAction","target":{"@type":"EntryPoint","urlTemplate":"https:\/\/www.nissin.be\/?s={search_term_string}"},"query-input":{"@type":"PropertyValueSpecification","valueRequired":true,"valueName":"search_term_string"}}],"inLanguage":"fr-FR"}]}},"_links":{"self":[{"href":"https:\/\/www.nissin.be\/fr\/wp-json\/wp\/v2\/pages\/76118","targetHints":{"allow":["GET"]}}],"collection":[{"href":"https:\/\/www.nissin.be\/fr\/wp-json\/wp\/v2\/pages"}],"about":[{"href":"https:\/\/www.nissin.be\/fr\/wp-json\/wp\/v2\/types\/page"}],"author":[{"embeddable":true,"href":"https:\/\/www.nissin.be\/fr\/wp-json\/wp\/v2\/users\/1"}],"replies":[{"embeddable":true,"href":"https:\/\/www.nissin.be\/fr\/wp-json\/wp\/v2\/comments?post=76118"}],"version-history":[{"count":18,"href":"https:\/\/www.nissin.be\/fr\/wp-json\/wp\/v2\/pages\/76118\/revisions"}],"predecessor-version":[{"id":76231,"href":"https:\/\/www.nissin.be\/fr\/wp-json\/wp\/v2\/pages\/76118\/revisions\/76231"}],"up":[{"embeddable":true,"href":"https:\/\/www.nissin.be\/fr\/wp-json\/wp\/v2\/pages\/76067"}],"wp:attachment":[{"href":"https:\/\/www.nissin.be\/fr\/wp-json\/wp\/v2\/media?parent=76118"}],"curies":[{"name":"wp","href":"https:\/\/api.w.org\/{rel}","templated":true}]}}