{"id":76103,"date":"2020-10-07T17:10:41","date_gmt":"2020-10-07T17:10:41","guid":{"rendered":"http:\/\/nissin.be\/logistics-services\/air\/"},"modified":"2025-02-21T14:27:09","modified_gmt":"2025-02-21T14:27:09","slug":"air","status":"publish","type":"page","link":"https:\/\/www.nissin.be\/fr\/services-de-transit-mondiaux\/air\/","title":{"rendered":"Transport a\u00e9rien"},"content":{"rendered":"<p>[vc_row full_width=\u00a0\u00bbstretch_row_content_no_spaces\u00a0\u00bb css=\u00a0\u00bb.vc_custom_1740148016713{background-image: url(https:\/\/www.nissin.be\/wp-content\/uploads\/2025\/02\/Nissin-airplane-for-air-freight-freightforwarding.jpg?id=79736) !important;background-position: center !important;background-repeat: no-repeat !important;background-size: cover !important;}\u00a0\u00bb][vc_column][vc_empty_space height=\u00a0\u00bb534px\u00a0\u00bb][\/vc_column][\/vc_row][vc_row][vc_column][vc_single_image image=\u00a0\u00bb76573&Prime; img_size=\u00a0\u00bbfull\u00a0\u00bb alignment=\u00a0\u00bbcenter\u00a0\u00bb css=\u00a0\u00bb.vc_custom_1633018049575{margin-bottom: 0px !important;}\u00a0\u00bb][vc_column_text css=\u00a0\u00bb.vc_custom_1670922058486{margin-bottom: 0px !important;border-bottom-width: 0px !important;padding-bottom: 0px !important;}\u00a0\u00bb]<\/p>\n<h1 style=\"text-align: center; letter-spacing: 0px; color: #e40428; text-transform: uppercase; font-size: 38px; font-weight: 600;\">Transport a\u00e9rien<\/h1>\n<p>[\/vc_column_text][vc_column_text css=\u00a0\u00bb.vc_custom_1639856320684{padding-top: 20px !important;}\u00a0\u00bb]<\/p>\n<p style=\"text-align: center;\"><span style=\"color: #e40428;\">Le moyen le plus rapide d\u2019acheminer vos marchandises \u00e0 leur destination est l\u2019avion. En tant qu\u2019agent IATA, Nissin Belgium est le partenaire de choix pour votre fret a\u00e9rien. Vous cherchez \u00e0 transporter des marchandises g\u00e9n\u00e9rales, des cargaisons hors gabarit, des mati\u00e8res explosives, des produits pharmaceutiques, des produits alimentaires, des \u00e9quipements de sport ou m\u00eame des animaux vivants? Nissin s\u2019occupe de votre cargaison.<\/span><\/p>\n<p>[\/vc_column_text][\/vc_column][\/vc_row][vc_row css=\u00a0\u00bb.vc_custom_1602092728595{padding-top: 35px !important;padding-bottom: 35px !important;}\u00a0\u00bb][vc_column][vc_row_inner][vc_column_inner width=\u00a0\u00bb1\/2&Prime;][vc_custom_heading text=\u00a0\u00bbUn partenaire puissant pour le fret a\u00e9rien\u00a0\u00bb font_container=\u00a0\u00bbtag:h2|text_align:left|color:%23e40428|line_height:1.2&Prime; use_theme_fonts=\u00a0\u00bbyes\u00a0\u00bb tm_text_transform=\u00a0\u00bbuppercase\u00a0\u00bb css=\u00a0\u00bb.vc_custom_1639928027832{padding-right: 35px !important;padding-bottom: 20px !important;}\u00a0\u00bb el_class=\u00a0\u00bbsection-title\u00a0\u00bb tm_font_weight=\u00a0\u00bb600&Prime;][vc_column_text css=\u00a0\u00bb.vc_custom_1639928174809{padding-right: 35px !important;}\u00a0\u00bb]Trouver une compagnie a\u00e9rienne qui dispose de la capacit\u00e9 n\u00e9cessaire et qui dessert la destination souhait\u00e9e peut \u00eatre une t\u00e2che ardue. Mais heureusement, nous sommes l\u00e0 pour vous. Quels que soient vos d\u00e9fis, <span style=\"color: #ff0000;\"><strong>l\u2019expertise et la flexibilit\u00e9<\/strong> <\/span>de Nissin vous permettront d\u2019acheminer vos biens l\u00e0 o\u00f9 vous le souhaitez, quand vous le souhaitez. Nous vous offrons une <span style=\"color: #ff0000;\"><strong>exp\u00e9rience optimale<\/strong><\/span> gr\u00e2ce \u00e0 nos nombreux atouts\u00a0:<\/p>\n<ul>\n<li><span style=\"color: #ff0000;\"><strong>Licences et certifications<\/strong><\/span> ad\u00e9quates pour manipuler des marchandises sp\u00e9cifiques\u00a0: IATA, AEO, GDP, RA, DG,\u2026<\/li>\n<li>Connaissance approfondie des <span style=\"color: #ff0000;\"><strong>r\u00e8glementations et politiques locales et internationales<\/strong><\/span><\/li>\n<li><span style=\"color: #ff0000;\"><strong>Entrep\u00f4ts<\/strong><\/span> appropri\u00e9s <span style=\"color: #ff0000;\"><strong>dans le monde entier<\/strong><\/span> (temp\u00e9rature contr\u00f4l\u00e9e, capacit\u00e9 de stockage de marchandises dangereuses)<\/li>\n<li>Information proactive sur <span style=\"color: #ff0000;\"><strong>chaque \u00e9tape<\/strong><\/span> du parcours<\/li>\n<li>Service de <span style=\"color: #ff0000;\"><strong>groupage interne<\/strong><\/span><\/li>\n<li>Services de <span style=\"color: #ff0000;\"><strong>fumigation<\/strong><\/span><\/li>\n<li>Services <span style=\"color: #ff0000;\"><strong>douaniers<\/strong><\/span><\/li>\n<li>Services de <span style=\"color: #ff0000;\"><strong>communication<\/strong><\/span> performants<\/li>\n<li><span style=\"color: #ff0000;\"><strong>\u00c9quipe diversifi\u00e9e et multiculturelle<\/strong><\/span> form\u00e9e pour comprendre et satisfaire vos besoins et vos normes<\/li>\n<li><span style=\"color: #ff0000;\"><strong>Conteneur a\u00e9rien sp\u00e9cial<\/strong><\/span> pour les \u00e9v\u00e8nements particuliers d\u00e9velopp\u00e9 par Nissin<\/li>\n<\/ul>\n<p>[\/vc_column_text][\/vc_column_inner][vc_column_inner width=\u00a0\u00bb1\/2&Prime;][vc_single_image image=\u00a0\u00bb76832&Prime; img_size=\u00a0\u00bbfull\u00a0\u00bb alignment=\u00a0\u00bbcenter\u00a0\u00bb css_animation=\u00a0\u00bbfadeInRight\u00a0\u00bb][\/vc_column_inner][\/vc_row_inner][\/vc_column][\/vc_row][vc_row equal_height=\u00a0\u00bbyes\u00a0\u00bb content_placement=\u00a0\u00bbmiddle\u00a0\u00bb css=\u00a0\u00bb.vc_custom_1633018196618{padding-bottom: 50px !important;}\u00a0\u00bb][vc_column width=\u00a0\u00bb1\/3&Prime; css=\u00a0\u00bb.vc_custom_1633018233622{padding-right: 20px !important;}\u00a0\u00bb][vc_custom_heading text=\u00a0\u00bbUn r\u00e9seau mondial de compagnies a\u00e9riennes\u00a0\u00bb font_container=\u00a0\u00bbtag:h2|text_align:center|color:%23e40428|line_height:1.2&Prime; use_theme_fonts=\u00a0\u00bbyes\u00a0\u00bb tm_text_transform=\u00a0\u00bbuppercase\u00a0\u00bb css=\u00a0\u00bb.vc_custom_1639854576360{padding-bottom: 15px !important;}\u00a0\u00bb el_class=\u00a0\u00bbsection-title\u00a0\u00bb tm_font_weight=\u00a0\u00bb600&Prime;][vc_column_text css=\u00a0\u00bb.vc_custom_1639928441111{padding-right: 35px !important;}\u00a0\u00bb]<\/p>\n<p style=\"text-align: center;\">Nissin Belgium entretient de bonnes relations directes avec des compagnies a\u00e9riennes, des agents d\u2019assistance et des sous-traitants de renom. Cela nous permet pour chaque envoi de choisir le partenaire le mieux adapt\u00e9 \u00e0 vos besoins, \u00e0 des prix comp\u00e9titifs et \u00e9quitables. En fonction de votre horaire et de la capacit\u00e9 disponible d\u2019une compagnie a\u00e9rienne, nous vous proposons des tarifs int\u00e9ressants.<\/p>\n<p>[\/vc_column_text][\/vc_column][vc_column width=\u00a0\u00bb2\/3&Prime; css=\u00a0\u00bb.vc_custom_1633018150646{padding-top: 25px !important;padding-bottom: 25px !important;background-color: #e40428 !important;}\u00a0\u00bb][vc_column_text]<\/p>\n<h3 style=\"text-align: center;\"><strong><span style=\"color: #ffffff; text-transform: uppercase;\">Faisons avancer votre fret<\/span><\/strong><\/h3>\n<p style=\"text-align: center;\"><strong><span style=\"color: #ffffff;\">Vous cherchez plus d\u2019informations sur le transport a\u00e9rien de marchandises?<\/span><\/strong><\/p>\n<p>[\/vc_column_text][vc_btn title=\u00a0\u00bbCONTACTEZ-NOUS\u00a0\u00bb style=\u00a0\u00bboutline-custom\u00a0\u00bb outline_custom_color=\u00a0\u00bb#ffffff\u00a0\u00bb outline_custom_hover_background=\u00a0\u00bb#e40428&Prime; outline_custom_hover_text=\u00a0\u00bb#ffffff\u00a0\u00bb shape=\u00a0\u00bbsquare\u00a0\u00bb align=\u00a0\u00bbcenter\u00a0\u00bb link=\u00a0\u00bburl:http%3A%2F%2Fnissin.be%2Ffr%2Fcontact%2F|||\u00a0\u00bb][\/vc_column][\/vc_row]<\/p>\n","protected":false},"excerpt":{"rendered":"<p>[vc_row full_width=\u00a0\u00bbstretch_row_content_no_spaces\u00a0\u00bb css=\u00a0\u00bb.vc_custom_1740148016713{background-image: url(https:\/\/www.nissin.be\/wp-content\/uploads\/2025\/02\/Nissin-airplane-for-air-freight-freightforwarding.jpg?id=79736) !important;background-position: center !important;background-repeat: no-repeat !important;background-size: cover !important;}\u00a0\u00bb][vc_column][vc_empty_space height=\u00a0\u00bb534px\u00a0\u00bb][\/vc_column][\/vc_row][vc_row][vc_column][vc_single_image image=\u00a0\u00bb76573&Prime; img_size=\u00a0\u00bbfull\u00a0\u00bb alignment=\u00a0\u00bbcenter\u00a0\u00bb css=\u00a0\u00bb.vc_custom_1633018049575{margin-bottom: 0px !important;}\u00a0\u00bb][vc_column_text css=\u00a0\u00bb.vc_custom_1670922058486{margin-bottom: 0px !important;border-bottom-width: 0px !important;padding-bottom: 0px !important;}\u00a0\u00bb] Transport a\u00e9rien [\/vc_column_text][vc_column_text css=\u00a0\u00bb.vc_custom_1639856320684{padding-top: 20px !important;}\u00a0\u00bb] Le moyen le plus rapide d\u2019acheminer vos marchandises \u00e0 leur destination est l\u2019avion. En tant qu\u2019agent IATA, Nissin Belgium est le partenaire de choix [&hellip;]<\/p>\n","protected":false},"author":1,"featured_media":0,"parent":76067,"menu_order":1,"comment_status":"closed","ping_status":"closed","template":"","meta":{"content-type":"","_monsterinsights_skip_tracking":false,"_monsterinsights_sitenote_active":false,"_monsterinsights_sitenote_note":"","_monsterinsights_sitenote_category":0,"footnotes":""},"class_list":["post-76103","page","type-page","status-publish","hentry"],"yoast_head":"<!-- This site is optimized with the Yoast SEO plugin v27.3 - https:\/\/yoast.com\/product\/yoast-seo-wordpress\/ -->\n<title>Transport a\u00e9rien | Nissin Belgium | Agent IATA<\/title>\n<meta name=\"description\" content=\"Vous cherchez un partenaire fiable et flexible pour votre fret a\u00e9rien ? Nissin Belgium a les solutions pour tous vos d\u00e9fis.\" \/>\n<meta name=\"robots\" content=\"index, follow, max-snippet:-1, max-image-preview:large, max-video-preview:-1\" \/>\n<link rel=\"canonical\" href=\"https:\/\/www.nissin.be\/fr\/services-de-transit-mondiaux\/air\/\" \/>\n<meta property=\"og:locale\" content=\"fr_FR\" \/>\n<meta property=\"og:type\" content=\"article\" \/>\n<meta property=\"og:title\" content=\"Transport a\u00e9rien | Nissin Belgium | Agent IATA\" \/>\n<meta property=\"og:description\" content=\"Vous cherchez un partenaire fiable et flexible pour votre fret a\u00e9rien ? Nissin Belgium a les solutions pour tous vos d\u00e9fis.\" \/>\n<meta property=\"og:url\" content=\"https:\/\/www.nissin.be\/fr\/services-de-transit-mondiaux\/air\/\" \/>\n<meta property=\"og:site_name\" content=\"Nissin Belgium\" \/>\n<meta property=\"article:modified_time\" content=\"2025-02-21T14:27:09+00:00\" \/>\n<meta name=\"twitter:card\" content=\"summary_large_image\" \/>\n<meta name=\"twitter:label1\" content=\"Dur\u00e9e de lecture estim\u00e9e\" \/>\n\t<meta name=\"twitter:data1\" content=\"2 minutes\" \/>\n<script type=\"application\/ld+json\" class=\"yoast-schema-graph\">{\"@context\":\"https:\\\/\\\/schema.org\",\"@graph\":[{\"@type\":\"WebPage\",\"@id\":\"https:\\\/\\\/www.nissin.be\\\/fr\\\/services-de-transit-mondiaux\\\/air\\\/\",\"url\":\"https:\\\/\\\/www.nissin.be\\\/fr\\\/services-de-transit-mondiaux\\\/air\\\/\",\"name\":\"Transport a\u00e9rien | Nissin Belgium | Agent IATA\",\"isPartOf\":{\"@id\":\"https:\\\/\\\/www.nissin.be\\\/#website\"},\"datePublished\":\"2020-10-07T17:10:41+00:00\",\"dateModified\":\"2025-02-21T14:27:09+00:00\",\"description\":\"Vous cherchez un partenaire fiable et flexible pour votre fret a\u00e9rien ? Nissin Belgium a les solutions pour tous vos d\u00e9fis.\",\"breadcrumb\":{\"@id\":\"https:\\\/\\\/www.nissin.be\\\/fr\\\/services-de-transit-mondiaux\\\/air\\\/#breadcrumb\"},\"inLanguage\":\"fr-FR\",\"potentialAction\":[{\"@type\":\"ReadAction\",\"target\":[\"https:\\\/\\\/www.nissin.be\\\/fr\\\/services-de-transit-mondiaux\\\/air\\\/\"]}]},{\"@type\":\"BreadcrumbList\",\"@id\":\"https:\\\/\\\/www.nissin.be\\\/fr\\\/services-de-transit-mondiaux\\\/air\\\/#breadcrumb\",\"itemListElement\":[{\"@type\":\"ListItem\",\"position\":1,\"name\":\"Home\",\"item\":\"https:\\\/\\\/www.nissin.be\\\/fr\\\/\"},{\"@type\":\"ListItem\",\"position\":2,\"name\":\"Services de transit mondiaux\",\"item\":\"https:\\\/\\\/www.nissin.be\\\/fr\\\/services-de-transit-mondiaux\\\/\"},{\"@type\":\"ListItem\",\"position\":3,\"name\":\"Transport a\u00e9rien\"}]},{\"@type\":\"WebSite\",\"@id\":\"https:\\\/\\\/www.nissin.be\\\/#website\",\"url\":\"https:\\\/\\\/www.nissin.be\\\/\",\"name\":\"Nissin Belgium\",\"description\":\"International Logistics Provider\",\"potentialAction\":[{\"@type\":\"SearchAction\",\"target\":{\"@type\":\"EntryPoint\",\"urlTemplate\":\"https:\\\/\\\/www.nissin.be\\\/?s={search_term_string}\"},\"query-input\":{\"@type\":\"PropertyValueSpecification\",\"valueRequired\":true,\"valueName\":\"search_term_string\"}}],\"inLanguage\":\"fr-FR\"}]}<\/script>\n<!-- \/ Yoast SEO plugin. -->","yoast_head_json":{"title":"Transport a\u00e9rien | Nissin Belgium | Agent IATA","description":"Vous cherchez un partenaire fiable et flexible pour votre fret a\u00e9rien ? Nissin Belgium a les solutions pour tous vos d\u00e9fis.","robots":{"index":"index","follow":"follow","max-snippet":"max-snippet:-1","max-image-preview":"max-image-preview:large","max-video-preview":"max-video-preview:-1"},"canonical":"https:\/\/www.nissin.be\/fr\/services-de-transit-mondiaux\/air\/","og_locale":"fr_FR","og_type":"article","og_title":"Transport a\u00e9rien | Nissin Belgium | Agent IATA","og_description":"Vous cherchez un partenaire fiable et flexible pour votre fret a\u00e9rien ? Nissin Belgium a les solutions pour tous vos d\u00e9fis.","og_url":"https:\/\/www.nissin.be\/fr\/services-de-transit-mondiaux\/air\/","og_site_name":"Nissin Belgium","article_modified_time":"2025-02-21T14:27:09+00:00","twitter_card":"summary_large_image","twitter_misc":{"Dur\u00e9e de lecture estim\u00e9e":"2 minutes"},"schema":{"@context":"https:\/\/schema.org","@graph":[{"@type":"WebPage","@id":"https:\/\/www.nissin.be\/fr\/services-de-transit-mondiaux\/air\/","url":"https:\/\/www.nissin.be\/fr\/services-de-transit-mondiaux\/air\/","name":"Transport a\u00e9rien | Nissin Belgium | Agent IATA","isPartOf":{"@id":"https:\/\/www.nissin.be\/#website"},"datePublished":"2020-10-07T17:10:41+00:00","dateModified":"2025-02-21T14:27:09+00:00","description":"Vous cherchez un partenaire fiable et flexible pour votre fret a\u00e9rien ? Nissin Belgium a les solutions pour tous vos d\u00e9fis.","breadcrumb":{"@id":"https:\/\/www.nissin.be\/fr\/services-de-transit-mondiaux\/air\/#breadcrumb"},"inLanguage":"fr-FR","potentialAction":[{"@type":"ReadAction","target":["https:\/\/www.nissin.be\/fr\/services-de-transit-mondiaux\/air\/"]}]},{"@type":"BreadcrumbList","@id":"https:\/\/www.nissin.be\/fr\/services-de-transit-mondiaux\/air\/#breadcrumb","itemListElement":[{"@type":"ListItem","position":1,"name":"Home","item":"https:\/\/www.nissin.be\/fr\/"},{"@type":"ListItem","position":2,"name":"Services de transit mondiaux","item":"https:\/\/www.nissin.be\/fr\/services-de-transit-mondiaux\/"},{"@type":"ListItem","position":3,"name":"Transport a\u00e9rien"}]},{"@type":"WebSite","@id":"https:\/\/www.nissin.be\/#website","url":"https:\/\/www.nissin.be\/","name":"Nissin Belgium","description":"International Logistics Provider","potentialAction":[{"@type":"SearchAction","target":{"@type":"EntryPoint","urlTemplate":"https:\/\/www.nissin.be\/?s={search_term_string}"},"query-input":{"@type":"PropertyValueSpecification","valueRequired":true,"valueName":"search_term_string"}}],"inLanguage":"fr-FR"}]}},"_links":{"self":[{"href":"https:\/\/www.nissin.be\/fr\/wp-json\/wp\/v2\/pages\/76103","targetHints":{"allow":["GET"]}}],"collection":[{"href":"https:\/\/www.nissin.be\/fr\/wp-json\/wp\/v2\/pages"}],"about":[{"href":"https:\/\/www.nissin.be\/fr\/wp-json\/wp\/v2\/types\/page"}],"author":[{"embeddable":true,"href":"https:\/\/www.nissin.be\/fr\/wp-json\/wp\/v2\/users\/1"}],"replies":[{"embeddable":true,"href":"https:\/\/www.nissin.be\/fr\/wp-json\/wp\/v2\/comments?post=76103"}],"version-history":[{"count":30,"href":"https:\/\/www.nissin.be\/fr\/wp-json\/wp\/v2\/pages\/76103\/revisions"}],"predecessor-version":[{"id":79751,"href":"https:\/\/www.nissin.be\/fr\/wp-json\/wp\/v2\/pages\/76103\/revisions\/79751"}],"up":[{"embeddable":true,"href":"https:\/\/www.nissin.be\/fr\/wp-json\/wp\/v2\/pages\/76067"}],"wp:attachment":[{"href":"https:\/\/www.nissin.be\/fr\/wp-json\/wp\/v2\/media?parent=76103"}],"curies":[{"name":"wp","href":"https:\/\/api.w.org\/{rel}","templated":true}]}}