{"id":76092,"date":"2020-06-05T18:33:40","date_gmt":"2020-06-05T18:33:40","guid":{"rendered":"http:\/\/nissin.be\/why-nissin\/"},"modified":"2022-12-19T10:58:22","modified_gmt":"2022-12-19T10:58:22","slug":"pourquoi-nissin","status":"publish","type":"page","link":"https:\/\/www.nissin.be\/fr\/pourquoi-nissin\/","title":{"rendered":"Pourquoi Nissin?"},"content":{"rendered":"<p>[vc_row full_width=\u00a0\u00bbstretch_row_content_no_spaces\u00a0\u00bb][vc_column][vc_single_image image=\u00a0\u00bb76670&Prime; img_size=\u00a0\u00bbfull\u00a0\u00bb alignment=\u00a0\u00bbcenter\u00a0\u00bb el_class=\u00a0\u00bbimgtop\u00a0\u00bb][\/vc_column][\/vc_row][vc_row css=\u00a0\u00bb.vc_custom_1639914854466{padding-top: 35px !important;}\u00a0\u00bb][vc_column][vc_column_text css=\u00a0\u00bb.vc_custom_1670909687185{margin-bottom: 0px !important;border-bottom-width: 0px !important;padding-bottom: 0px !important;}\u00a0\u00bb]<\/p>\n<h1 style=\"text-align: center; letter-spacing: 0px; color: #e40428; text-transform: uppercase; font-size: 38px; font-weight: 600;\">Pourquoi Nissin?<\/h1>\n<p>[\/vc_column_text][vc_column_text css=\u00a0\u00bb.vc_custom_1633099059506{padding-top: 20px !important;}\u00a0\u00bb]<\/p>\n<p style=\"text-align: center;\"><span style=\"color: #000000;\">Lorsque vous nous confiez votre chargement ou votre d\u00e9fi logistique, vous choisissez de travailler avec un partenaire \u00e9quitable et flexible.<\/span><\/p>\n<p>[\/vc_column_text][vc_custom_heading text=\u00a0\u00bbUn partenaire \u00e9quitable et flexible\u00a0\u00bb font_container=\u00a0\u00bbtag:h3|text_align:center|color:%23dd3333&Prime; use_theme_fonts=\u00a0\u00bbyes\u00a0\u00bb tm_text_transform=\u00a0\u00bbuppercase\u00a0\u00bb el_class=\u00a0\u00bbsection-title\u00a0\u00bb tm_font_weight=\u00a0\u00bb600&Prime; css=\u00a0\u00bb.vc_custom_1639914902509{padding-top: 25px !important;}\u00a0\u00bb][\/vc_column][\/vc_row][vc_row gap=\u00a0\u00bb20&Prime; css_animation=\u00a0\u00bbfadeInUp\u00a0\u00bb css=\u00a0\u00bb.vc_custom_1639914879436{padding-bottom: 25px !important;}\u00a0\u00bb][vc_column width=\u00a0\u00bb1\/3&Prime;][vc_custom_heading text=\u00a0\u00bb\u00c9quitable\u00a0\u00bb font_container=\u00a0\u00bbtag:h4|text_align:center|color:%23e40428&Prime; use_theme_fonts=\u00a0\u00bbyes\u00a0\u00bb tm_text_transform=\u00a0\u00bbuppercase\u00a0\u00bb tm_font_weight=\u00a0\u00bb600&Prime;][vc_column_text]<\/p>\n<p style=\"text-align: center;\">L\u2019<span style=\"color: #ff0000;\">\u00e9quit\u00e9<\/span> est essentielle pour nous. Nous voulons \u00e9tablir des relations \u00e9quitables avec nos clients, bas\u00e9es sur une compr\u00e9hension mutuelle. Nous voulons \u00e9galement \u00eatre justes envers nos travailleurs, en cr\u00e9ant des emplois int\u00e9ressants qui offrent des possibilit\u00e9s d\u2019\u00e9volution. De plus, nous voulons \u00eatre justes envers la soci\u00e9t\u00e9 et l\u2019environnement. En tant qu\u2019entreprise de logistique, nous pensons pouvoir contribuer \u00e0 une croissance \u00e9conomique durable et au progr\u00e8s des soci\u00e9t\u00e9s mondiales et locales.<\/p>\n<p>[\/vc_column_text][\/vc_column][vc_column width=\u00a0\u00bb1\/3&Prime;][vc_custom_heading text=\u00a0\u00bbFlexible\u00a0\u00bb font_container=\u00a0\u00bbtag:h4|text_align:center|color:%23e40428&Prime; use_theme_fonts=\u00a0\u00bbyes\u00a0\u00bb tm_text_transform=\u00a0\u00bbuppercase\u00a0\u00bb tm_font_weight=\u00a0\u00bb600&Prime;][vc_column_text]<\/p>\n<p style=\"text-align: center;\">En mettant l\u2019accent sur l\u2019\u00e9quit\u00e9, nous recherchons les solutions les plus avantageuses pour nos clients. Pour apporter des solutions optimales, nous devons \u00eatre <span style=\"color: #ff0000;\">flexibles<\/span> afin de nous adapter rapidement aux situations dans un monde en perp\u00e9tuel mouvement. Il peut arriver que soudainement, de la place se lib\u00e8re dans un avion ou un bateau et que nous puissions vous proposer un tarif int\u00e9ressant. Des retards dans l\u2019exp\u00e9dition? Notre \u00e9quipe est l\u00e0 pour r\u00e9soudre rapidement tout probl\u00e8me, dans le respect de votre budget et de votre calendrier.<\/p>\n<p>[\/vc_column_text][\/vc_column][vc_column width=\u00a0\u00bb1\/3&Prime;][vc_custom_heading text=\u00a0\u00bbS\u2019am\u00e9liorer chaque jour\u00a0\u00bb font_container=\u00a0\u00bbtag:h4|text_align:center|color:%23e40428&Prime; use_theme_fonts=\u00a0\u00bbyes\u00a0\u00bb tm_text_transform=\u00a0\u00bbuppercase\u00a0\u00bb tm_font_weight=\u00a0\u00bb600&Prime;][vc_column_text]<\/p>\n<p style=\"text-align: center;\">Dans tout ce que nous faisons, nous adh\u00e9rons \u00e0 la valeur fondamentale qu\u2019implique le nom \u00ab\u00a0Nissin\u00a0\u00bb. Comme notre nom est d\u00e9riv\u00e9 des <span style=\"color: #ff0000;\"><span style=\"color: #000000;\">caract\u00e8res chinois signifiant \u00ab jour \u00bb et \u00ab nouveau<\/span> \u00bb<\/span>, Nissin cherche \u00e0 <span style=\"color: #ff0000;\"><strong>s\u2019am\u00e9liorer chaque jour.<\/strong><\/span> Apr\u00e8s tout, travailler dans un esprit d\u2019am\u00e9lioration continue est la seule mani\u00e8re de rester un partenaire \u00e9quitable et flexible pour nos clients. C\u2019est notre fa\u00e7on de r\u00e9pondre aux besoins de nos clients sur un march\u00e9 mondial de plus en plus complexe.<\/p>\n<p>[\/vc_column_text][\/vc_column][\/vc_row][vc_row gap=\u00a0\u00bb20&Prime; css=\u00a0\u00bb.vc_custom_1615830589559{padding-top: 75px !important;padding-bottom: 50px !important;}\u00a0\u00bb][vc_column width=\u00a0\u00bb1\/2&Prime;][vc_single_image image=\u00a0\u00bb75994&Prime; img_size=\u00a0\u00bbfull\u00a0\u00bb][\/vc_column][vc_column width=\u00a0\u00bb1\/2&Prime;][vc_custom_heading text=\u00a0\u00bbLe transport international et la logistique simplifi\u00e9s\u00a0\u00bb font_container=\u00a0\u00bbtag:h3|text_align:left|color:%23e40428|line_height:1&Prime; use_theme_fonts=\u00a0\u00bbyes\u00a0\u00bb tm_text_transform=\u00a0\u00bbuppercase\u00a0\u00bb el_class=\u00a0\u00bbsection-title\u00a0\u00bb tm_font_weight=\u00a0\u00bb600&Prime;][vc_column_text css=\u00a0\u00bb.vc_custom_1636825163858{padding-top: 20px !important;}\u00a0\u00bb]Chaque jour, votre entreprise re\u00e7oit, stocke et exp\u00e9die des marchandises. Votre logistique et votre chaine d\u2019approvisionnement sont les facteurs essentiels du succ\u00e8s de votre entreprise. Elles permettent d\u2019assurer le bon fonctionnement de votre entreprise et la satisfaction de vos clients.<\/p>\n<p>Le transport et la logistique peuvent sembler simples. Il s\u2019agit d\u2019exp\u00e9dier vos marchandises, tout en veillant \u00e0 ce qu\u2019elles arrivent l\u00e0 o\u00f9 vous le souhaitez, quand vous le souhaitez. En bon \u00e9tat. En respectant les diff\u00e9rentes r\u00e8glementations. Et en accomplissant toutes les formalit\u00e9s.<\/p>\n<p>Le transport et la logistique peuvent sembler simples, mais s\u2019av\u00e8rent souvent difficiles pour de nombreuses entreprises. Ces activit\u00e9s n\u00e9cessitent des <span style=\"color: #ff0000;\"><strong>connaissances sp\u00e9cialis\u00e9es<\/strong><\/span> et une <span style=\"color: #ff0000;\">\u00e9quipe d\u00e9vou\u00e9e<\/span> qui maitrise un large \u00e9ventail de processus et r\u00e8glementations complexes.<\/p>\n<p>C\u2019est l\u00e0 qu\u2019intervient le transitaire international. Nous nous occupons de tous vos probl\u00e8mes de transport, pour que vous n\u2019ayez pas \u00e0 le faire. En fait, c\u2019est ce que nous aimons faire par-dessus tout, dans un souci de pr\u00e9cision, de respect et d\u2019\u00e9quit\u00e9 envers nos partenaires, la soci\u00e9t\u00e9 et la plan\u00e8te. Et ce, dans un esprit d\u2019am\u00e9lioration quotidienne, comme le sugg\u00e8re le nom \u00ab Nissin \u00bb (d\u00e9riv\u00e9 des caract\u00e8res chinois signifiant \u00ab jour \u00bb et \u00ab nouveau \u00bb). Nous rendons le transport et la logistique \u00e9quitables et simples. Votre fret est entre de bonnes mains.[\/vc_column_text][\/vc_column][\/vc_row][vc_row gap=\u00a0\u00bb20&Prime; css=\u00a0\u00bb.vc_custom_1591383093642{padding-top: 75px !important;padding-bottom: 75px !important;}\u00a0\u00bb][vc_column width=\u00a0\u00bb1\/2&Prime;][vc_single_image image=\u00a0\u00bb77101&Prime; img_size=\u00a0\u00bbfull\u00a0\u00bb alignment=\u00a0\u00bbcenter\u00a0\u00bb css_animation=\u00a0\u00bbbounceInLeft\u00a0\u00bb][\/vc_column][vc_column width=\u00a0\u00bb1\/2&Prime;][vc_custom_heading text=\u00a0\u00bbUne \u00e9quipe engag\u00e9e\u00a0\u00bb font_container=\u00a0\u00bbtag:h3|text_align:left|color:%23e40428&Prime; use_theme_fonts=\u00a0\u00bbyes\u00a0\u00bb tm_text_transform=\u00a0\u00bbuppercase\u00a0\u00bb el_class=\u00a0\u00bbsection-title\u00a0\u00bb tm_font_weight=\u00a0\u00bb600&Prime;][vc_column_text css=\u00a0\u00bb.vc_custom_1639929305932{padding-top: 35px !important;}\u00a0\u00bb]Chez Nissin Belgium, vous trouverez une \u00e9quipe jeune et dynamique qui partage une vision et une mission. Nous vous accueillons \u00e0 bras ouverts et vous traitons comme notre invit\u00e9. Un invit\u00e9 dont nous respectons les d\u00e9sirs et pour lequel seul notre meilleur service est suffisant. Comme des architectes, nous prenons le temps d\u2019\u00e9couter et de d\u00e9couvrir ce dont vous avez besoin. Ensuite, nous \u00e9laborons des <strong><span style=\"color: #ff0000;\">solutions de transport et de logistique sur mesure qui font avancer votre entreprise.<\/span><\/strong>[\/vc_column_text][thememove_button text=\u00a0\u00bbRencontrez notre \u00e9quipe\u00a0\u00bb url=\u00a0\u00bbhttp:\/\/nissin.be\/our-team\/\u00a0\u00bb][\/vc_column][\/vc_row][vc_row css=\u00a0\u00bb.vc_custom_1636657852818{padding-top: 25px !important;}\u00a0\u00bb][vc_column][vc_custom_heading text=\u00a0\u00bbUn partenaire local disposant d\u2019un r\u00e9seau mondial\u00a0\u00bb font_container=\u00a0\u00bbtag:h3|text_align:left|color:%23e40428&Prime; use_theme_fonts=\u00a0\u00bbyes\u00a0\u00bb tm_text_transform=\u00a0\u00bbuppercase\u00a0\u00bb el_class=\u00a0\u00bbsection-title\u00a0\u00bb tm_font_weight=\u00a0\u00bb600&Prime;][vc_column_text css=\u00a0\u00bb.vc_custom_1639929321908{padding-top: 35px !important;}\u00a0\u00bb]Nissin Belgium vous propose une approche locale, flexible et personnelle. Mais \u00e0 c\u00f4t\u00e9 de cela, nous faisons partie du <span style=\"color: #ff0000;\"><strong>r\u00e9seau logistique mondial Nissin, avec des filiales sp\u00e9cialis\u00e9es dans le monde entier<\/strong><\/span>. Cela signifie que vous avez acc\u00e8s \u00e0 l\u2019expertise de Nissin en mati\u00e8re de transport partout dans le monde. O\u00f9 que soient vos biens, ils sont trait\u00e9s avec le soin qu\u2019ils m\u00e9ritent.[\/vc_column_text][thememove_button text=\u00a0\u00bbD\u00e9couvrez nos filiales mondiales\u00a0\u00bb url=\u00a0\u00bbhttp:\/\/nissin.be\/nissin-international\/\u00a0\u00bb][\/vc_column][vc_column][\/vc_column][\/vc_row]<\/p>\n","protected":false},"excerpt":{"rendered":"<p>[vc_row full_width=\u00a0\u00bbstretch_row_content_no_spaces\u00a0\u00bb][vc_column][vc_single_image image=\u00a0\u00bb76670&Prime; img_size=\u00a0\u00bbfull\u00a0\u00bb alignment=\u00a0\u00bbcenter\u00a0\u00bb el_class=\u00a0\u00bbimgtop\u00a0\u00bb][\/vc_column][\/vc_row][vc_row css=\u00a0\u00bb.vc_custom_1639914854466{padding-top: 35px !important;}\u00a0\u00bb][vc_column][vc_column_text css=\u00a0\u00bb.vc_custom_1670909687185{margin-bottom: 0px !important;border-bottom-width: 0px !important;padding-bottom: 0px !important;}\u00a0\u00bb] Pourquoi Nissin? [\/vc_column_text][vc_column_text css=\u00a0\u00bb.vc_custom_1633099059506{padding-top: 20px !important;}\u00a0\u00bb] Lorsque vous nous confiez votre chargement ou votre d\u00e9fi logistique, vous choisissez de travailler avec un partenaire \u00e9quitable et flexible. [\/vc_column_text][vc_custom_heading text=\u00a0\u00bbUn partenaire \u00e9quitable et flexible\u00a0\u00bb font_container=\u00a0\u00bbtag:h3|text_align:center|color:%23dd3333&Prime; use_theme_fonts=\u00a0\u00bbyes\u00a0\u00bb tm_text_transform=\u00a0\u00bbuppercase\u00a0\u00bb el_class=\u00a0\u00bbsection-title\u00a0\u00bb tm_font_weight=\u00a0\u00bb600&Prime; css=\u00a0\u00bb.vc_custom_1639914902509{padding-top: 25px [&hellip;]<\/p>\n","protected":false},"author":1,"featured_media":0,"parent":0,"menu_order":6,"comment_status":"closed","ping_status":"closed","template":"","meta":{"content-type":"","_monsterinsights_skip_tracking":false,"_monsterinsights_sitenote_active":false,"_monsterinsights_sitenote_note":"","_monsterinsights_sitenote_category":0,"footnotes":""},"class_list":["post-76092","page","type-page","status-publish","hentry"],"yoast_head":"<!-- This site is optimized with the Yoast SEO plugin v27.3 - https:\/\/yoast.com\/product\/yoast-seo-wordpress\/ -->\n<title>Pourquoi Nissin? - Nissin Belgium<\/title>\n<meta name=\"description\" content=\"Lorsque vous nous confiez votre chargement ou votre d\u00e9fi logistique, vous choisissez de travailler avec un partenaire \u00e9quitable et flexible.\" \/>\n<meta name=\"robots\" content=\"index, follow, max-snippet:-1, max-image-preview:large, max-video-preview:-1\" \/>\n<link rel=\"canonical\" href=\"https:\/\/www.nissin.be\/fr\/pourquoi-nissin\/\" \/>\n<meta property=\"og:locale\" content=\"fr_FR\" \/>\n<meta property=\"og:type\" content=\"article\" \/>\n<meta property=\"og:title\" content=\"Pourquoi Nissin? - Nissin Belgium\" \/>\n<meta property=\"og:description\" content=\"Lorsque vous nous confiez votre chargement ou votre d\u00e9fi logistique, vous choisissez de travailler avec un partenaire \u00e9quitable et flexible.\" \/>\n<meta property=\"og:url\" content=\"https:\/\/www.nissin.be\/fr\/pourquoi-nissin\/\" \/>\n<meta property=\"og:site_name\" content=\"Nissin Belgium\" \/>\n<meta property=\"article:modified_time\" content=\"2022-12-19T10:58:22+00:00\" \/>\n<meta name=\"twitter:card\" content=\"summary_large_image\" \/>\n<meta name=\"twitter:label1\" content=\"Dur\u00e9e de lecture estim\u00e9e\" \/>\n\t<meta name=\"twitter:data1\" content=\"4 minutes\" \/>\n<script type=\"application\/ld+json\" class=\"yoast-schema-graph\">{\"@context\":\"https:\\\/\\\/schema.org\",\"@graph\":[{\"@type\":\"WebPage\",\"@id\":\"https:\\\/\\\/www.nissin.be\\\/fr\\\/pourquoi-nissin\\\/\",\"url\":\"https:\\\/\\\/www.nissin.be\\\/fr\\\/pourquoi-nissin\\\/\",\"name\":\"Pourquoi Nissin? - Nissin Belgium\",\"isPartOf\":{\"@id\":\"https:\\\/\\\/www.nissin.be\\\/#website\"},\"datePublished\":\"2020-06-05T18:33:40+00:00\",\"dateModified\":\"2022-12-19T10:58:22+00:00\",\"description\":\"Lorsque vous nous confiez votre chargement ou votre d\u00e9fi logistique, vous choisissez de travailler avec un partenaire \u00e9quitable et flexible.\",\"breadcrumb\":{\"@id\":\"https:\\\/\\\/www.nissin.be\\\/fr\\\/pourquoi-nissin\\\/#breadcrumb\"},\"inLanguage\":\"fr-FR\",\"potentialAction\":[{\"@type\":\"ReadAction\",\"target\":[\"https:\\\/\\\/www.nissin.be\\\/fr\\\/pourquoi-nissin\\\/\"]}]},{\"@type\":\"BreadcrumbList\",\"@id\":\"https:\\\/\\\/www.nissin.be\\\/fr\\\/pourquoi-nissin\\\/#breadcrumb\",\"itemListElement\":[{\"@type\":\"ListItem\",\"position\":1,\"name\":\"Home\",\"item\":\"https:\\\/\\\/www.nissin.be\\\/fr\\\/\"},{\"@type\":\"ListItem\",\"position\":2,\"name\":\"Pourquoi Nissin?\"}]},{\"@type\":\"WebSite\",\"@id\":\"https:\\\/\\\/www.nissin.be\\\/#website\",\"url\":\"https:\\\/\\\/www.nissin.be\\\/\",\"name\":\"Nissin Belgium\",\"description\":\"International Logistics Provider\",\"potentialAction\":[{\"@type\":\"SearchAction\",\"target\":{\"@type\":\"EntryPoint\",\"urlTemplate\":\"https:\\\/\\\/www.nissin.be\\\/?s={search_term_string}\"},\"query-input\":{\"@type\":\"PropertyValueSpecification\",\"valueRequired\":true,\"valueName\":\"search_term_string\"}}],\"inLanguage\":\"fr-FR\"}]}<\/script>\n<!-- \/ Yoast SEO plugin. -->","yoast_head_json":{"title":"Pourquoi Nissin? - Nissin Belgium","description":"Lorsque vous nous confiez votre chargement ou votre d\u00e9fi logistique, vous choisissez de travailler avec un partenaire \u00e9quitable et flexible.","robots":{"index":"index","follow":"follow","max-snippet":"max-snippet:-1","max-image-preview":"max-image-preview:large","max-video-preview":"max-video-preview:-1"},"canonical":"https:\/\/www.nissin.be\/fr\/pourquoi-nissin\/","og_locale":"fr_FR","og_type":"article","og_title":"Pourquoi Nissin? - Nissin Belgium","og_description":"Lorsque vous nous confiez votre chargement ou votre d\u00e9fi logistique, vous choisissez de travailler avec un partenaire \u00e9quitable et flexible.","og_url":"https:\/\/www.nissin.be\/fr\/pourquoi-nissin\/","og_site_name":"Nissin Belgium","article_modified_time":"2022-12-19T10:58:22+00:00","twitter_card":"summary_large_image","twitter_misc":{"Dur\u00e9e de lecture estim\u00e9e":"4 minutes"},"schema":{"@context":"https:\/\/schema.org","@graph":[{"@type":"WebPage","@id":"https:\/\/www.nissin.be\/fr\/pourquoi-nissin\/","url":"https:\/\/www.nissin.be\/fr\/pourquoi-nissin\/","name":"Pourquoi Nissin? - Nissin Belgium","isPartOf":{"@id":"https:\/\/www.nissin.be\/#website"},"datePublished":"2020-06-05T18:33:40+00:00","dateModified":"2022-12-19T10:58:22+00:00","description":"Lorsque vous nous confiez votre chargement ou votre d\u00e9fi logistique, vous choisissez de travailler avec un partenaire \u00e9quitable et flexible.","breadcrumb":{"@id":"https:\/\/www.nissin.be\/fr\/pourquoi-nissin\/#breadcrumb"},"inLanguage":"fr-FR","potentialAction":[{"@type":"ReadAction","target":["https:\/\/www.nissin.be\/fr\/pourquoi-nissin\/"]}]},{"@type":"BreadcrumbList","@id":"https:\/\/www.nissin.be\/fr\/pourquoi-nissin\/#breadcrumb","itemListElement":[{"@type":"ListItem","position":1,"name":"Home","item":"https:\/\/www.nissin.be\/fr\/"},{"@type":"ListItem","position":2,"name":"Pourquoi Nissin?"}]},{"@type":"WebSite","@id":"https:\/\/www.nissin.be\/#website","url":"https:\/\/www.nissin.be\/","name":"Nissin Belgium","description":"International Logistics Provider","potentialAction":[{"@type":"SearchAction","target":{"@type":"EntryPoint","urlTemplate":"https:\/\/www.nissin.be\/?s={search_term_string}"},"query-input":{"@type":"PropertyValueSpecification","valueRequired":true,"valueName":"search_term_string"}}],"inLanguage":"fr-FR"}]}},"_links":{"self":[{"href":"https:\/\/www.nissin.be\/fr\/wp-json\/wp\/v2\/pages\/76092","targetHints":{"allow":["GET"]}}],"collection":[{"href":"https:\/\/www.nissin.be\/fr\/wp-json\/wp\/v2\/pages"}],"about":[{"href":"https:\/\/www.nissin.be\/fr\/wp-json\/wp\/v2\/types\/page"}],"author":[{"embeddable":true,"href":"https:\/\/www.nissin.be\/fr\/wp-json\/wp\/v2\/users\/1"}],"replies":[{"embeddable":true,"href":"https:\/\/www.nissin.be\/fr\/wp-json\/wp\/v2\/comments?post=76092"}],"version-history":[{"count":19,"href":"https:\/\/www.nissin.be\/fr\/wp-json\/wp\/v2\/pages\/76092\/revisions"}],"predecessor-version":[{"id":78182,"href":"https:\/\/www.nissin.be\/fr\/wp-json\/wp\/v2\/pages\/76092\/revisions\/78182"}],"wp:attachment":[{"href":"https:\/\/www.nissin.be\/fr\/wp-json\/wp\/v2\/media?parent=76092"}],"curies":[{"name":"wp","href":"https:\/\/api.w.org\/{rel}","templated":true}]}}