{"id":76084,"date":"2020-07-21T17:35:40","date_gmt":"2020-07-21T17:35:40","guid":{"rendered":"http:\/\/nissin.be\/industries\/"},"modified":"2022-12-19T10:55:50","modified_gmt":"2022-12-19T10:55:50","slug":"les-secteurs-pour-lesquels-nous-travaillons","status":"publish","type":"page","link":"https:\/\/www.nissin.be\/fr\/les-secteurs-pour-lesquels-nous-travaillons\/","title":{"rendered":"Les secteurs pour lesquels nous travaillons"},"content":{"rendered":"<p>[vc_row full_width=\u00a0\u00bbstretch_row_content_no_spaces\u00a0\u00bb css=\u00a0\u00bb.vc_custom_1634150342599{background-image: url(http:\/\/nissin.be\/wp-content\/uploads\/2021\/10\/28.jpg?id=77005) !important;background-position: center !important;background-repeat: no-repeat !important;background-size: cover !important;}\u00a0\u00bb][vc_column][vc_empty_space height=\u00a0\u00bb534px\u00a0\u00bb][\/vc_column][\/vc_row][vc_row][vc_column][vc_column_text]<\/p>\n<h1 style=\"text-align: center; letter-spacing: 1px; color: #e40428; text-transform: uppercase; font-size: 38px; font-weight: 600;\">Les secteurs pour lesquels nous travaillons<\/h1>\n<p>[\/vc_column_text][vc_column_text css=\u00a0\u00bb.vc_custom_1633102001111{padding-top: 20px !important;}\u00a0\u00bb]<\/p>\n<p style=\"text-align: center;\"><span style=\"color: #000000;\">Chaque industrie et chaque secteur a ses propres besoins, r\u00e8glementations et complexit\u00e9s. Peu importe les d\u00e9fis que vous nous soumettez, nous trouverons une solution. Car Nissin dispose d\u2019une vaste exp\u00e9rience dans de multiples secteurs et des certifications n\u00e9cessaires pour manipuler des marchandises dangereuses ou sensibles.<\/span><\/p>\n<p>[\/vc_column_text][\/vc_column][\/vc_row][vc_row full_width=\u00a0\u00bbstretch_row\u00a0\u00bb gap=\u00a0\u00bb20&Prime; css=\u00a0\u00bb.vc_custom_1633102426816{margin-bottom: 0px !important;padding-top: 30px !important;padding-bottom: 40px !important;background-position: center !important;background-repeat: no-repeat !important;background-size: cover !important;}\u00a0\u00bb][vc_column][vc_row_inner equal_height=\u00a0\u00bbyes\u00a0\u00bb gap=\u00a0\u00bb30&Prime; columns_same_height=\u00a0\u00bbtrue\u00a0\u00bb el_class=\u00a0\u00bbcenter\u00a0\u00bb css=\u00a0\u00bb.vc_custom_1595347810205{margin-bottom: 0px !important;border-right-width: 10px !important;}\u00a0\u00bb][vc_column_inner width=\u00a0\u00bb1\/3&Prime; css=\u00a0\u00bb.vc_custom_1633102029991{margin-bottom: 60px !important;padding-top: 20px !important;padding-right: 20px !important;padding-bottom: 20px !important;padding-left: 20px !important;background-color: #ffffff !important;}\u00a0\u00bb][vc_single_image image=\u00a0\u00bb76034&Prime; img_size=\u00a0\u00bbfull\u00a0\u00bb alignment=\u00a0\u00bbcenter\u00a0\u00bb css=\u00a0\u00bb.vc_custom_1637686611344{margin-bottom: 0px !important;}\u00a0\u00bb][vc_custom_heading text=\u00a0\u00bbLIFE SCIENCES &amp; HEALTHCARE\u00a0\u00bb font_container=\u00a0\u00bbtag:h5|text_align:center|color:%23000000&Prime; use_theme_fonts=\u00a0\u00bbyes\u00a0\u00bb css=\u00a0\u00bb.vc_custom_1639077387307{margin-bottom: 10px !important;}\u00a0\u00bb][vc_custom_heading text=\u00a0\u00bbSitu\u00e9e \u00e0 proximit\u00e9 de l\u2019a\u00e9roport de Bruxelles et au c\u0153ur du secteur pharmaceutique europ\u00e9en, Nissin Belgium poss\u00e8de une exp\u00e9rience approfondie de ce domaine strictement r\u00e8glement\u00e9.\u00a0\u00bb font_container=\u00a0\u00bbtag:div|font_size:15px|text_align:center\u00a0\u00bb use_theme_fonts=\u00a0\u00bbyes\u00a0\u00bb css=\u00a0\u00bb.vc_custom_1615827723347{margin-bottom: 30px !important;}\u00a0\u00bb][thememove_button text=\u00a0\u00bbPour en savoir plus\u00a0\u00bb url=\u00a0\u00bbhttp:\/\/nissin.be\/fr\/les-secteurs-pour-lesquels-nous-travaillons\/lifescienceshealthcare\/\u00a0\u00bb][\/vc_column_inner][vc_column_inner width=\u00a0\u00bb1\/3&Prime; css=\u00a0\u00bb.vc_custom_1633102034256{margin-bottom: 60px !important;padding-top: 20px !important;padding-right: 20px !important;padding-bottom: 20px !important;padding-left: 20px !important;background-color: #ffffff !important;}\u00a0\u00bb][vc_single_image image=\u00a0\u00bb76037&Prime; img_size=\u00a0\u00bbfull\u00a0\u00bb alignment=\u00a0\u00bbcenter\u00a0\u00bb css=\u00a0\u00bb.vc_custom_1637686620281{margin-bottom: 0px !important;}\u00a0\u00bb][vc_custom_heading text=\u00a0\u00bbALIMENTATION\u00a0\u00bb font_container=\u00a0\u00bbtag:h5|text_align:center|color:%23000000&Prime; use_theme_fonts=\u00a0\u00bbyes\u00a0\u00bb css=\u00a0\u00bb.vc_custom_1615827773397{margin-bottom: 10px !important;}\u00a0\u00bb][vc_custom_heading text=\u00a0\u00bbVos produits alimentaires doivent \u00eatre stock\u00e9s et exp\u00e9di\u00e9s avec soin, dans le respect de r\u00e8glementations strictes. Notre exp\u00e9rience en mati\u00e8re de logistique \u00e0 temp\u00e9rature contr\u00f4l\u00e9e, de douane et de processus r\u00e8glementaires permettra \u00e0 vos clients internationaux de d\u00e9guster vos mets en un rien de temps.\u00a0\u00bb font_container=\u00a0\u00bbtag:div|font_size:15px|text_align:center\u00a0\u00bb use_theme_fonts=\u00a0\u00bbyes\u00a0\u00bb css=\u00a0\u00bb.vc_custom_1615827782688{margin-bottom: 30px !important;}\u00a0\u00bb][thememove_button text=\u00a0\u00bbPour en savoir plus\u00a0\u00bb url=\u00a0\u00bbhttp:\/\/nissin.be\/fr\/les-secteurs-pour-lesquels-nous-travaillons\/alimentaire\/\u00a0\u00bb][\/vc_column_inner][vc_column_inner width=\u00a0\u00bb1\/3&Prime; css=\u00a0\u00bb.vc_custom_1633102039538{margin-bottom: 60px !important;padding-top: 20px !important;padding-right: 20px !important;padding-bottom: 20px !important;padding-left: 20px !important;background-color: #ffffff !important;}\u00a0\u00bb][vc_single_image image=\u00a0\u00bb76040&Prime; img_size=\u00a0\u00bbfull\u00a0\u00bb alignment=\u00a0\u00bbcenter\u00a0\u00bb css=\u00a0\u00bb.vc_custom_1637686632909{margin-bottom: 0px !important;}\u00a0\u00bb][vc_custom_heading text=\u00a0\u00bbAUTOMOBILE\u00a0\u00bb font_container=\u00a0\u00bbtag:h5|text_align:center|color:%23000000&Prime; use_theme_fonts=\u00a0\u00bbyes\u00a0\u00bb css=\u00a0\u00bb.vc_custom_1615827754317{margin-bottom: 10px !important;}\u00a0\u00bb][vc_custom_heading text=\u00a0\u00bbDu transport de composants automobiles \u00e0 l\u2019exp\u00e9dition et au stockage de batteries pour les v\u00e9hicules \u00e9lectriques de pointe : l\u2019expertise de Nissin en mati\u00e8re de logistique automobile est in\u00e9gal\u00e9e. Comme nous disposons des autorisations n\u00e9cessaires pour transporter et stocker de grandes quantit\u00e9s de batteries et d\u2019airbags, par exemple, vos chaines de production continueront \u00e0 fonctionner sans probl\u00e8me.\u00a0\u00bb font_container=\u00a0\u00bbtag:div|font_size:15px|text_align:center\u00a0\u00bb use_theme_fonts=\u00a0\u00bbyes\u00a0\u00bb css=\u00a0\u00bb.vc_custom_1615827764031{margin-bottom: 30px !important;}\u00a0\u00bb][thememove_button text=\u00a0\u00bbPour en savoir plus\u00a0\u00bb url=\u00a0\u00bbhttp:\/\/nissin.be\/fr\/les-secteurs-pour-lesquels-nous-travaillons\/automobile\/\u00a0\u00bb][\/vc_column_inner][\/vc_row_inner][vc_row_inner equal_height=\u00a0\u00bbyes\u00a0\u00bb gap=\u00a0\u00bb20&Prime; columns_same_height=\u00a0\u00bbtrue\u00a0\u00bb css=\u00a0\u00bb.vc_custom_1595348169904{margin-bottom: 0px !important;}\u00a0\u00bb el_class=\u00a0\u00bbcenter\u00a0\u00bb][vc_column_inner width=\u00a0\u00bb1\/3&Prime; css=\u00a0\u00bb.vc_custom_1633102044239{margin-bottom: 60px !important;padding-top: 20px !important;padding-right: 20px !important;padding-bottom: 20px !important;padding-left: 20px !important;background-color: #ffffff !important;}\u00a0\u00bb][vc_single_image image=\u00a0\u00bb77431&Prime; img_size=\u00a0\u00bbfull\u00a0\u00bb alignment=\u00a0\u00bbcenter\u00a0\u00bb css=\u00a0\u00bb.vc_custom_1637686629375{margin-bottom: 0px !important;}\u00a0\u00bb][vc_custom_heading text=\u00a0\u00bbMACHINES ET \u00c9QUIPEMENTS INDUSTRIELS\u00a0\u00bb font_container=\u00a0\u00bbtag:h5|text_align:center|color:%23000000&Prime; use_theme_fonts=\u00a0\u00bbyes\u00a0\u00bb css=\u00a0\u00bb.vc_custom_1633102217074{margin-bottom: 10px !important;}\u00a0\u00bb][vc_custom_heading text=\u00a0\u00bbM\u00eame si votre cargaison est plus grande et plus lourde que des mat\u00e9riels standardis\u00e9s de transport, nous sommes l\u00e0 pour vous aider. Notre \u00e9quipe et nos partenaires disposent des comp\u00e9tences n\u00e9cessaires pour emballer, stocker et exp\u00e9dier vos \u00e9quipements industriels, dans le respect des r\u00e8glementations internationales.\u00a0\u00bb font_container=\u00a0\u00bbtag:div|font_size:15px|text_align:center\u00a0\u00bb use_theme_fonts=\u00a0\u00bbyes\u00a0\u00bb css=\u00a0\u00bb.vc_custom_1633102221492{margin-bottom: 30px !important;}\u00a0\u00bb][thememove_button text=\u00a0\u00bbPour en savoir plus\u00a0\u00bb url=\u00a0\u00bbhttp:\/\/nissin.be\/fr\/les-secteurs-pour-lesquels-nous-travaillons\/machines-et-equipements-industriels\/\u00a0\u00bb][\/vc_column_inner][vc_column_inner width=\u00a0\u00bb1\/3&Prime; css=\u00a0\u00bb.vc_custom_1633102050301{margin-bottom: 60px !important;padding-top: 20px !important;padding-right: 20px !important;padding-bottom: 20px !important;padding-left: 20px !important;background-color: #ffffff !important;}\u00a0\u00bb][vc_single_image image=\u00a0\u00bb76031&Prime; img_size=\u00a0\u00bbfull\u00a0\u00bb alignment=\u00a0\u00bbcenter\u00a0\u00bb css=\u00a0\u00bb.vc_custom_1637686624465{margin-bottom: 0px !important;}\u00a0\u00bb][vc_custom_heading text=\u00a0\u00bbSPORTS ET \u00c9V\u00c8NEMENTS\u00a0\u00bb font_container=\u00a0\u00bbtag:h5|text_align:center|color:%23000000&Prime; use_theme_fonts=\u00a0\u00bbyes\u00a0\u00bb css=\u00a0\u00bb.vc_custom_1639853838682{margin-bottom: 10px !important;}\u00a0\u00bb][vc_custom_heading text=\u00a0\u00bbVous organisez un grand \u00e9v\u00e8nement sportif ou vous devez transporter le mat\u00e9riel de votre \u00e9quipe? En tant que partenaire logistique, nous vous aidons \u00e0 marquer des points et vous soutenons jusqu\u2019\u00e0 la ligne d\u2019arriv\u00e9e. Nous nous occupons de tout, m\u00eame dans les d\u00e9lais serr\u00e9s.\u00a0\u00bb font_container=\u00a0\u00bbtag:div|font_size:15px|text_align:center\u00a0\u00bb use_theme_fonts=\u00a0\u00bbyes\u00a0\u00bb css=\u00a0\u00bb.vc_custom_1639856194221{margin-bottom: 30px !important;}\u00a0\u00bb][thememove_button text=\u00a0\u00bbPour en savoir plus\u00a0\u00bb url=\u00a0\u00bbhttp:\/\/nissin.be\/fr\/les-secteurs-pour-lesquels-nous-travaillons\/sports-et-evenements\/\u00a0\u00bb][\/vc_column_inner][vc_column_inner width=\u00a0\u00bb1\/3&Prime; css=\u00a0\u00bb.vc_custom_1443499765125{margin-bottom: 60px !important;}\u00a0\u00bb reveal=\u00a0\u00bbspin 180deg\u00a0\u00bb][\/vc_column_inner][\/vc_row_inner][\/vc_column][\/vc_row]<\/p>\n","protected":false},"excerpt":{"rendered":"<p>[vc_row full_width=\u00a0\u00bbstretch_row_content_no_spaces\u00a0\u00bb css=\u00a0\u00bb.vc_custom_1634150342599{background-image: url(http:\/\/nissin.be\/wp-content\/uploads\/2021\/10\/28.jpg?id=77005) !important;background-position: center !important;background-repeat: no-repeat !important;background-size: cover !important;}\u00a0\u00bb][vc_column][vc_empty_space height=\u00a0\u00bb534px\u00a0\u00bb][\/vc_column][\/vc_row][vc_row][vc_column][vc_column_text] Les secteurs pour lesquels nous travaillons [\/vc_column_text][vc_column_text css=\u00a0\u00bb.vc_custom_1633102001111{padding-top: 20px !important;}\u00a0\u00bb] Chaque industrie et chaque secteur a ses propres besoins, r\u00e8glementations et complexit\u00e9s. Peu importe les d\u00e9fis que vous nous soumettez, nous trouverons une solution. Car Nissin dispose d\u2019une vaste exp\u00e9rience dans de multiples [&hellip;]<\/p>\n","protected":false},"author":1,"featured_media":0,"parent":0,"menu_order":5,"comment_status":"closed","ping_status":"closed","template":"","meta":{"content-type":"","_monsterinsights_skip_tracking":false,"_monsterinsights_sitenote_active":false,"_monsterinsights_sitenote_note":"","_monsterinsights_sitenote_category":0,"footnotes":""},"class_list":["post-76084","page","type-page","status-publish","hentry"],"yoast_head":"<!-- This site is optimized with the Yoast SEO plugin v27.3 - https:\/\/yoast.com\/product\/yoast-seo-wordpress\/ -->\n<title>Les secteurs pour lesquels nous travaillons - Nissin Belgium<\/title>\n<meta name=\"description\" content=\"Chaque industrie et chaque secteur a ses propres besoins, r\u00e8glementations et complexit\u00e9s. Nissin Belgium dispose d\u2019une vaste exp\u00e9rience dans de multiples secteurs.\" \/>\n<meta name=\"robots\" content=\"index, follow, max-snippet:-1, max-image-preview:large, max-video-preview:-1\" \/>\n<link rel=\"canonical\" href=\"https:\/\/www.nissin.be\/fr\/les-secteurs-pour-lesquels-nous-travaillons\/\" \/>\n<meta property=\"og:locale\" content=\"fr_FR\" \/>\n<meta property=\"og:type\" content=\"article\" \/>\n<meta property=\"og:title\" content=\"Les secteurs pour lesquels nous travaillons - Nissin Belgium\" \/>\n<meta property=\"og:description\" content=\"Chaque industrie et chaque secteur a ses propres besoins, r\u00e8glementations et complexit\u00e9s. Nissin Belgium dispose d\u2019une vaste exp\u00e9rience dans de multiples secteurs.\" \/>\n<meta property=\"og:url\" content=\"https:\/\/www.nissin.be\/fr\/les-secteurs-pour-lesquels-nous-travaillons\/\" \/>\n<meta property=\"og:site_name\" content=\"Nissin Belgium\" \/>\n<meta property=\"article:modified_time\" content=\"2022-12-19T10:55:50+00:00\" \/>\n<meta name=\"twitter:card\" content=\"summary_large_image\" \/>\n<meta name=\"twitter:label1\" content=\"Dur\u00e9e de lecture estim\u00e9e\" \/>\n\t<meta name=\"twitter:data1\" content=\"3 minutes\" \/>\n<script type=\"application\/ld+json\" class=\"yoast-schema-graph\">{\"@context\":\"https:\\\/\\\/schema.org\",\"@graph\":[{\"@type\":\"WebPage\",\"@id\":\"https:\\\/\\\/www.nissin.be\\\/fr\\\/les-secteurs-pour-lesquels-nous-travaillons\\\/\",\"url\":\"https:\\\/\\\/www.nissin.be\\\/fr\\\/les-secteurs-pour-lesquels-nous-travaillons\\\/\",\"name\":\"Les secteurs pour lesquels nous travaillons - Nissin Belgium\",\"isPartOf\":{\"@id\":\"https:\\\/\\\/www.nissin.be\\\/#website\"},\"datePublished\":\"2020-07-21T17:35:40+00:00\",\"dateModified\":\"2022-12-19T10:55:50+00:00\",\"description\":\"Chaque industrie et chaque secteur a ses propres besoins, r\u00e8glementations et complexit\u00e9s. Nissin Belgium dispose d\u2019une vaste exp\u00e9rience dans de multiples secteurs.\",\"breadcrumb\":{\"@id\":\"https:\\\/\\\/www.nissin.be\\\/fr\\\/les-secteurs-pour-lesquels-nous-travaillons\\\/#breadcrumb\"},\"inLanguage\":\"fr-FR\",\"potentialAction\":[{\"@type\":\"ReadAction\",\"target\":[\"https:\\\/\\\/www.nissin.be\\\/fr\\\/les-secteurs-pour-lesquels-nous-travaillons\\\/\"]}]},{\"@type\":\"BreadcrumbList\",\"@id\":\"https:\\\/\\\/www.nissin.be\\\/fr\\\/les-secteurs-pour-lesquels-nous-travaillons\\\/#breadcrumb\",\"itemListElement\":[{\"@type\":\"ListItem\",\"position\":1,\"name\":\"Home\",\"item\":\"https:\\\/\\\/www.nissin.be\\\/fr\\\/\"},{\"@type\":\"ListItem\",\"position\":2,\"name\":\"Les secteurs pour lesquels nous travaillons\"}]},{\"@type\":\"WebSite\",\"@id\":\"https:\\\/\\\/www.nissin.be\\\/#website\",\"url\":\"https:\\\/\\\/www.nissin.be\\\/\",\"name\":\"Nissin Belgium\",\"description\":\"International Logistics Provider\",\"potentialAction\":[{\"@type\":\"SearchAction\",\"target\":{\"@type\":\"EntryPoint\",\"urlTemplate\":\"https:\\\/\\\/www.nissin.be\\\/?s={search_term_string}\"},\"query-input\":{\"@type\":\"PropertyValueSpecification\",\"valueRequired\":true,\"valueName\":\"search_term_string\"}}],\"inLanguage\":\"fr-FR\"}]}<\/script>\n<!-- \/ Yoast SEO plugin. -->","yoast_head_json":{"title":"Les secteurs pour lesquels nous travaillons - Nissin Belgium","description":"Chaque industrie et chaque secteur a ses propres besoins, r\u00e8glementations et complexit\u00e9s. Nissin Belgium dispose d\u2019une vaste exp\u00e9rience dans de multiples secteurs.","robots":{"index":"index","follow":"follow","max-snippet":"max-snippet:-1","max-image-preview":"max-image-preview:large","max-video-preview":"max-video-preview:-1"},"canonical":"https:\/\/www.nissin.be\/fr\/les-secteurs-pour-lesquels-nous-travaillons\/","og_locale":"fr_FR","og_type":"article","og_title":"Les secteurs pour lesquels nous travaillons - Nissin Belgium","og_description":"Chaque industrie et chaque secteur a ses propres besoins, r\u00e8glementations et complexit\u00e9s. Nissin Belgium dispose d\u2019une vaste exp\u00e9rience dans de multiples secteurs.","og_url":"https:\/\/www.nissin.be\/fr\/les-secteurs-pour-lesquels-nous-travaillons\/","og_site_name":"Nissin Belgium","article_modified_time":"2022-12-19T10:55:50+00:00","twitter_card":"summary_large_image","twitter_misc":{"Dur\u00e9e de lecture estim\u00e9e":"3 minutes"},"schema":{"@context":"https:\/\/schema.org","@graph":[{"@type":"WebPage","@id":"https:\/\/www.nissin.be\/fr\/les-secteurs-pour-lesquels-nous-travaillons\/","url":"https:\/\/www.nissin.be\/fr\/les-secteurs-pour-lesquels-nous-travaillons\/","name":"Les secteurs pour lesquels nous travaillons - Nissin Belgium","isPartOf":{"@id":"https:\/\/www.nissin.be\/#website"},"datePublished":"2020-07-21T17:35:40+00:00","dateModified":"2022-12-19T10:55:50+00:00","description":"Chaque industrie et chaque secteur a ses propres besoins, r\u00e8glementations et complexit\u00e9s. Nissin Belgium dispose d\u2019une vaste exp\u00e9rience dans de multiples secteurs.","breadcrumb":{"@id":"https:\/\/www.nissin.be\/fr\/les-secteurs-pour-lesquels-nous-travaillons\/#breadcrumb"},"inLanguage":"fr-FR","potentialAction":[{"@type":"ReadAction","target":["https:\/\/www.nissin.be\/fr\/les-secteurs-pour-lesquels-nous-travaillons\/"]}]},{"@type":"BreadcrumbList","@id":"https:\/\/www.nissin.be\/fr\/les-secteurs-pour-lesquels-nous-travaillons\/#breadcrumb","itemListElement":[{"@type":"ListItem","position":1,"name":"Home","item":"https:\/\/www.nissin.be\/fr\/"},{"@type":"ListItem","position":2,"name":"Les secteurs pour lesquels nous travaillons"}]},{"@type":"WebSite","@id":"https:\/\/www.nissin.be\/#website","url":"https:\/\/www.nissin.be\/","name":"Nissin Belgium","description":"International Logistics Provider","potentialAction":[{"@type":"SearchAction","target":{"@type":"EntryPoint","urlTemplate":"https:\/\/www.nissin.be\/?s={search_term_string}"},"query-input":{"@type":"PropertyValueSpecification","valueRequired":true,"valueName":"search_term_string"}}],"inLanguage":"fr-FR"}]}},"_links":{"self":[{"href":"https:\/\/www.nissin.be\/fr\/wp-json\/wp\/v2\/pages\/76084","targetHints":{"allow":["GET"]}}],"collection":[{"href":"https:\/\/www.nissin.be\/fr\/wp-json\/wp\/v2\/pages"}],"about":[{"href":"https:\/\/www.nissin.be\/fr\/wp-json\/wp\/v2\/types\/page"}],"author":[{"embeddable":true,"href":"https:\/\/www.nissin.be\/fr\/wp-json\/wp\/v2\/users\/1"}],"replies":[{"embeddable":true,"href":"https:\/\/www.nissin.be\/fr\/wp-json\/wp\/v2\/comments?post=76084"}],"version-history":[{"count":30,"href":"https:\/\/www.nissin.be\/fr\/wp-json\/wp\/v2\/pages\/76084\/revisions"}],"predecessor-version":[{"id":78153,"href":"https:\/\/www.nissin.be\/fr\/wp-json\/wp\/v2\/pages\/76084\/revisions\/78153"}],"wp:attachment":[{"href":"https:\/\/www.nissin.be\/fr\/wp-json\/wp\/v2\/media?parent=76084"}],"curies":[{"name":"wp","href":"https:\/\/api.w.org\/{rel}","templated":true}]}}