{"id":76075,"date":"2020-07-21T17:25:43","date_gmt":"2020-07-21T17:25:43","guid":{"rendered":"http:\/\/nissin.be\/value-added-logistics\/"},"modified":"2022-12-19T10:58:50","modified_gmt":"2022-12-19T10:58:50","slug":"services-a-valeur-ajoutee","status":"publish","type":"page","link":"https:\/\/www.nissin.be\/fr\/services-a-valeur-ajoutee\/","title":{"rendered":"Services \u00e0 valeur ajout\u00e9e"},"content":{"rendered":"<p>[vc_row full_width=\u00a0\u00bbstretch_row_content_no_spaces\u00a0\u00bb css=\u00a0\u00bb.vc_custom_1634228864314{background-image: url(http:\/\/nissin.be\/wp-content\/uploads\/2021\/10\/7-2.jpg?id=77040) !important;background-position: center !important;background-repeat: no-repeat !important;background-size: cover !important;}\u00a0\u00bb][vc_column][vc_empty_space height=\u00a0\u00bb534px\u00a0\u00bb][\/vc_column][\/vc_row][vc_row][vc_column][vc_column_text css=\u00a0\u00bb.vc_custom_1670909975458{margin-bottom: 0px !important;border-bottom-width: 0px !important;padding-bottom: 0px !important;}\u00a0\u00bb]<\/p>\n<h1 style=\"text-align: center; letter-spacing: 0px; color: #e40428; text-transform: uppercase; font-size: 38px; font-weight: 600;\">Services \u00e0 valeur ajout\u00e9e<\/h1>\n<p>[\/vc_column_text][vc_column_text css=\u00a0\u00bb.vc_custom_1615827399004{padding-top: 20px !important;}\u00a0\u00bb]<\/p>\n<p style=\"text-align: center;\">L\u2019exp\u00e9dition de marchandises d\u2019un point A \u00e0 un point B ne se limite pas \u00e0 leur d\u00e9placement physique. Le stockage contr\u00f4l\u00e9, les livraisons en flux tendu, les douanes, les droits d\u2019accises, les licences et certifications n\u00e9cessaires, les r\u00e8glementations en mati\u00e8re de transport ou des circonstances impr\u00e9vues peuvent rendre les choses complexes. Le transport exige une approche souple et proactive, ainsi qu\u2019une communication transparente et une confiance mutuelle. Gr\u00e2ce \u00e0 nos services \u00e0 valeur ajout\u00e9e, vous n\u2019aurez plus \u00e0 vous soucier de ce qui pourrait arriver \u00e0 votre cargaison.<\/p>\n<p>[\/vc_column_text][\/vc_column][\/vc_row][vc_row full_width=\u00a0\u00bbstretch_row\u00a0\u00bb el_class=\u00a0\u00bbcenter\u00a0\u00bb css=\u00a0\u00bb.vc_custom_1595352622456{margin-bottom: 0px !important;padding-top: 75px !important;padding-bottom: 40px !important;background-position: center !important;background-repeat: no-repeat !important;background-size: cover !important;}\u00a0\u00bb][vc_column][vc_row_inner equal_height=\u00a0\u00bbyes\u00a0\u00bb gap=\u00a0\u00bb30&Prime; columns_same_height=\u00a0\u00bbtrue\u00a0\u00bb][vc_column_inner width=\u00a0\u00bb1\/2&Prime; css=\u00a0\u00bb.vc_custom_1637685329522{padding-top: 30px !important;padding-right: 20px !important;padding-bottom: 20px !important;padding-left: 20px !important;background-color: #ffffff !important;}\u00a0\u00bb][vc_single_image image=\u00a0\u00bb77422&Prime; img_size=\u00a0\u00bb50&#215;50&Prime; alignment=\u00a0\u00bbcenter\u00a0\u00bb css=\u00a0\u00bb.vc_custom_1637685393554{margin-bottom: 0px !important;}\u00a0\u00bb][vc_custom_heading text=\u00a0\u00bbTEMP\u00c9RATURE CONTR\u00d4L\u00c9E\u00a0\u00bb font_container=\u00a0\u00bbtag:h5|font_size:15px|text_align:center|color:%23000000&Prime; use_theme_fonts=\u00a0\u00bbyes\u00a0\u00bb css=\u00a0\u00bb.vc_custom_1636824865521{margin-bottom: 15px !important;}\u00a0\u00bb][vc_column_text]<\/p>\n<p style=\"text-align: center;\">Dans les transports, une <span style=\"color: #ff0000;\">chaine du froid fiable<\/span> est souvent indispensable. Heureusement, c\u2019est l\u2019un de nos domaines d\u2019expertise. Du conteneur d\u2019exp\u00e9dition \u00e0 l\u2019espace de stockage en passant par le camion de livraison: nous veillons \u00e0 ce que vos marchandises soient toujours \u00e0 la bonne temp\u00e9rature.<\/p>\n<p>[\/vc_column_text][thememove_button text=\u00a0\u00bbPour en savoir plus\u00a0\u00bb url=\u00a0\u00bbhttp:\/\/nissin.be\/fr\/services-a-valeur-ajoutee\/temperature-controlee\/\u00a0\u00bb el_class=\u00a0\u00bbcenter\u00a0\u00bb][\/vc_column_inner][vc_column_inner width=\u00a0\u00bb1\/2&Prime; css=\u00a0\u00bb.vc_custom_1637685338785{padding-top: 30px !important;padding-right: 20px !important;padding-bottom: 20px !important;padding-left: 20px !important;background-color: #ffffff !important;}\u00a0\u00bb][vc_single_image image=\u00a0\u00bb77413&Prime; img_size=\u00a0\u00bb50&#215;50&Prime; alignment=\u00a0\u00bbcenter\u00a0\u00bb css=\u00a0\u00bb.vc_custom_1637685407179{margin-bottom: 0px !important;}\u00a0\u00bb][vc_custom_heading text=\u00a0\u00bbMARCHANDISES DANGEREUSES\u00a0\u00bb font_container=\u00a0\u00bbtag:h5|font_size:15px|text_align:center|color:%23000000&Prime; use_theme_fonts=\u00a0\u00bbyes\u00a0\u00bb css=\u00a0\u00bb.vc_custom_1636824887289{margin-bottom: 15px !important;}\u00a0\u00bb][vc_column_text]<\/p>\n<p style=\"text-align: center;\">Batteries, airbags, explosifs, armes, munitions, produits chimiques\u2026 De nombreuses entreprises doivent \u00eatre approvisionn\u00e9es en marchandises dangereuses. Toutefois, leur stockage, en particulier pour des quantit\u00e9s importantes, n\u00e9cessite des <span style=\"color: #ff0000;\">licences et une infrastructure<\/span> sp\u00e9cifiques. Nissin poss\u00e8de ces licences, ainsi qu\u2019un entrep\u00f4t (\u00e0 Li\u00e8ge) o\u00f9 les munitions et les explosifs peuvent \u00eatre stock\u00e9s en toute s\u00e9curit\u00e9.<\/p>\n<p>[\/vc_column_text][thememove_button text=\u00a0\u00bbPour en savoir plus\u00a0\u00bb url=\u00a0\u00bbhttp:\/\/nissin.be\/fr\/services-a-valeur-ajoutee\/marchandises-dangereuses\/\u00a0\u00bb el_class=\u00a0\u00bbcenter\u00a0\u00bb][\/vc_column_inner][\/vc_row_inner][vc_row_inner equal_height=\u00a0\u00bbyes\u00a0\u00bb gap=\u00a0\u00bb30&Prime; columns_same_height=\u00a0\u00bbtrue\u00a0\u00bb][vc_column_inner width=\u00a0\u00bb1\/2&Prime; css=\u00a0\u00bb.vc_custom_1637685348013{padding-top: 30px !important;padding-right: 20px !important;padding-bottom: 20px !important;padding-left: 20px !important;background-color: #ffffff !important;}\u00a0\u00bb][vc_single_image image=\u00a0\u00bb77419&Prime; img_size=\u00a0\u00bbfull\u00a0\u00bb alignment=\u00a0\u00bbcenter\u00a0\u00bb css=\u00a0\u00bb.vc_custom_1637685388511{margin-bottom: 0px !important;}\u00a0\u00bb][vc_custom_heading text=\u00a0\u00bbSERVICES DOUANIERS\u00a0\u00bb font_container=\u00a0\u00bbtag:h5|font_size:15px|text_align:center|color:%23000000&Prime; use_theme_fonts=\u00a0\u00bbyes\u00a0\u00bb css=\u00a0\u00bb.vc_custom_1636824876016{margin-bottom: 15px !important;}\u00a0\u00bb][vc_column_text]D\u00e9clarer les marchandises, \u00e9tablir correctement tous les documents d\u2019exp\u00e9dition, calculer les droits d\u2019accises\u2026 Il va sans dire que <span style=\"color: #ff0000;\"><strong>les proc\u00e9dures douani\u00e8res sont un art \u00e0 part enti\u00e8re<\/strong><\/span>. Un art que notre \u00e9quipe maitrise parfaitement. Avec Nissin, vous n\u2019avez pas \u00e0 vous soucier des probl\u00e8mes de douane, nous nous en chargeons pour vous.[\/vc_column_text][thememove_button text=\u00a0\u00bbPour en savoir plus\u00a0\u00bb url=\u00a0\u00bbhttp:\/\/nissin.be\/fr\/services-a-valeur-ajoutee\/services-douaniers-et-representation-fiscale\/\u00a0\u00bb el_class=\u00a0\u00bbcenter\u00a0\u00bb][\/vc_column_inner][vc_column_inner width=\u00a0\u00bb1\/2&Prime; css=\u00a0\u00bb.vc_custom_1637685355575{padding-top: 30px !important;padding-right: 20px !important;padding-bottom: 20px !important;padding-left: 20px !important;background-color: #ffffff !important;}\u00a0\u00bb][vc_single_image image=\u00a0\u00bb77416&Prime; img_size=\u00a0\u00bb50&#215;50&Prime; alignment=\u00a0\u00bbcenter\u00a0\u00bb css=\u00a0\u00bb.vc_custom_1637685418221{margin-bottom: 0px !important;}\u00a0\u00bb][vc_custom_heading text=\u00a0\u00bbTRAITEMENT SP\u00c9CIAL\u00a0\u00bb font_container=\u00a0\u00bbtag:h5|font_size:15px|text_align:center|color:%23000000&Prime; use_theme_fonts=\u00a0\u00bbyes\u00a0\u00bb css=\u00a0\u00bb.vc_custom_1639854786150{margin-bottom: 15px !important;}\u00a0\u00bb][vc_column_text]Parfois, une solution standard n\u2019est pas suffisante. C\u2019est l\u00e0 que notre \u00e9quipe brille par sa flexibilit\u00e9. Nous aimons nous consid\u00e9rer comme des architectes ou des tailleurs qui prennent le temps d\u2019\u00e9couter <span style=\"color: #ff0000;\"><strong><span style=\"color: #000000;\">vos <\/span>questions <\/strong><span style=\"color: #000000;\">et vos<\/span><strong> besoins sp\u00e9cifiques<\/strong><\/span>. Nous combinons ensuite nos <span style=\"color: #ff0000;\"><strong>services<\/strong><\/span> et notre <span style=\"color: #ff0000;\"><strong>expertise<\/strong><\/span> dans les diff\u00e9rents modes de transport pour \u00e9laborer une solution logistique sur mesure pour vous.[\/vc_column_text][thememove_button text=\u00a0\u00bbPour en savoir plus\u00a0\u00bb url=\u00a0\u00bbhttp:\/\/nissin.be\/fr\/services-a-valeur-ajoutee\/traitement-special\/\u00a0\u00bb el_class=\u00a0\u00bbcenter\u00a0\u00bb][\/vc_column_inner][\/vc_row_inner][\/vc_column][\/vc_row]<\/p>\n","protected":false},"excerpt":{"rendered":"<p>[vc_row full_width=\u00a0\u00bbstretch_row_content_no_spaces\u00a0\u00bb css=\u00a0\u00bb.vc_custom_1634228864314{background-image: url(http:\/\/nissin.be\/wp-content\/uploads\/2021\/10\/7-2.jpg?id=77040) !important;background-position: center !important;background-repeat: no-repeat !important;background-size: cover !important;}\u00a0\u00bb][vc_column][vc_empty_space height=\u00a0\u00bb534px\u00a0\u00bb][\/vc_column][\/vc_row][vc_row][vc_column][vc_column_text css=\u00a0\u00bb.vc_custom_1670909975458{margin-bottom: 0px !important;border-bottom-width: 0px !important;padding-bottom: 0px !important;}\u00a0\u00bb] Services \u00e0 valeur ajout\u00e9e [\/vc_column_text][vc_column_text css=\u00a0\u00bb.vc_custom_1615827399004{padding-top: 20px !important;}\u00a0\u00bb] L\u2019exp\u00e9dition de marchandises d\u2019un point A \u00e0 un point B ne se limite pas \u00e0 leur d\u00e9placement physique. Le stockage contr\u00f4l\u00e9, les livraisons en flux tendu, les douanes, [&hellip;]<\/p>\n","protected":false},"author":1,"featured_media":0,"parent":0,"menu_order":4,"comment_status":"closed","ping_status":"closed","template":"","meta":{"content-type":"","_monsterinsights_skip_tracking":false,"_monsterinsights_sitenote_active":false,"_monsterinsights_sitenote_note":"","_monsterinsights_sitenote_category":0,"footnotes":""},"class_list":["post-76075","page","type-page","status-publish","hentry"],"yoast_head":"<!-- This site is optimized with the Yoast SEO plugin v27.3 - https:\/\/yoast.com\/product\/yoast-seo-wordpress\/ -->\n<title>Services \u00e0 valeur ajout\u00e9e - Nissin Belgium<\/title>\n<meta name=\"description\" content=\"Gr\u00e2ce \u00e0 nos services \u00e0 valeur ajout\u00e9e, vous n\u2019aurez plus \u00e0 vous soucier de ce qui pourrait arriver \u00e0 votre cargaison.\" \/>\n<meta name=\"robots\" content=\"index, follow, max-snippet:-1, max-image-preview:large, max-video-preview:-1\" \/>\n<link rel=\"canonical\" href=\"https:\/\/www.nissin.be\/fr\/services-a-valeur-ajoutee\/\" \/>\n<meta property=\"og:locale\" content=\"fr_FR\" \/>\n<meta property=\"og:type\" content=\"article\" \/>\n<meta property=\"og:title\" content=\"Services \u00e0 valeur ajout\u00e9e - Nissin Belgium\" \/>\n<meta property=\"og:description\" content=\"Gr\u00e2ce \u00e0 nos services \u00e0 valeur ajout\u00e9e, vous n\u2019aurez plus \u00e0 vous soucier de ce qui pourrait arriver \u00e0 votre cargaison.\" \/>\n<meta property=\"og:url\" content=\"https:\/\/www.nissin.be\/fr\/services-a-valeur-ajoutee\/\" \/>\n<meta property=\"og:site_name\" content=\"Nissin Belgium\" \/>\n<meta property=\"article:modified_time\" content=\"2022-12-19T10:58:50+00:00\" \/>\n<meta name=\"twitter:card\" content=\"summary_large_image\" \/>\n<meta name=\"twitter:label1\" content=\"Dur\u00e9e de lecture estim\u00e9e\" \/>\n\t<meta name=\"twitter:data1\" content=\"3 minutes\" \/>\n<script type=\"application\/ld+json\" class=\"yoast-schema-graph\">{\"@context\":\"https:\\\/\\\/schema.org\",\"@graph\":[{\"@type\":\"WebPage\",\"@id\":\"https:\\\/\\\/www.nissin.be\\\/fr\\\/services-a-valeur-ajoutee\\\/\",\"url\":\"https:\\\/\\\/www.nissin.be\\\/fr\\\/services-a-valeur-ajoutee\\\/\",\"name\":\"Services \u00e0 valeur ajout\u00e9e - Nissin Belgium\",\"isPartOf\":{\"@id\":\"https:\\\/\\\/www.nissin.be\\\/#website\"},\"datePublished\":\"2020-07-21T17:25:43+00:00\",\"dateModified\":\"2022-12-19T10:58:50+00:00\",\"description\":\"Gr\u00e2ce \u00e0 nos services \u00e0 valeur ajout\u00e9e, vous n\u2019aurez plus \u00e0 vous soucier de ce qui pourrait arriver \u00e0 votre cargaison.\",\"breadcrumb\":{\"@id\":\"https:\\\/\\\/www.nissin.be\\\/fr\\\/services-a-valeur-ajoutee\\\/#breadcrumb\"},\"inLanguage\":\"fr-FR\",\"potentialAction\":[{\"@type\":\"ReadAction\",\"target\":[\"https:\\\/\\\/www.nissin.be\\\/fr\\\/services-a-valeur-ajoutee\\\/\"]}]},{\"@type\":\"BreadcrumbList\",\"@id\":\"https:\\\/\\\/www.nissin.be\\\/fr\\\/services-a-valeur-ajoutee\\\/#breadcrumb\",\"itemListElement\":[{\"@type\":\"ListItem\",\"position\":1,\"name\":\"Home\",\"item\":\"https:\\\/\\\/www.nissin.be\\\/fr\\\/\"},{\"@type\":\"ListItem\",\"position\":2,\"name\":\"Services \u00e0 valeur ajout\u00e9e\"}]},{\"@type\":\"WebSite\",\"@id\":\"https:\\\/\\\/www.nissin.be\\\/#website\",\"url\":\"https:\\\/\\\/www.nissin.be\\\/\",\"name\":\"Nissin Belgium\",\"description\":\"International Logistics Provider\",\"potentialAction\":[{\"@type\":\"SearchAction\",\"target\":{\"@type\":\"EntryPoint\",\"urlTemplate\":\"https:\\\/\\\/www.nissin.be\\\/?s={search_term_string}\"},\"query-input\":{\"@type\":\"PropertyValueSpecification\",\"valueRequired\":true,\"valueName\":\"search_term_string\"}}],\"inLanguage\":\"fr-FR\"}]}<\/script>\n<!-- \/ Yoast SEO plugin. -->","yoast_head_json":{"title":"Services \u00e0 valeur ajout\u00e9e - Nissin Belgium","description":"Gr\u00e2ce \u00e0 nos services \u00e0 valeur ajout\u00e9e, vous n\u2019aurez plus \u00e0 vous soucier de ce qui pourrait arriver \u00e0 votre cargaison.","robots":{"index":"index","follow":"follow","max-snippet":"max-snippet:-1","max-image-preview":"max-image-preview:large","max-video-preview":"max-video-preview:-1"},"canonical":"https:\/\/www.nissin.be\/fr\/services-a-valeur-ajoutee\/","og_locale":"fr_FR","og_type":"article","og_title":"Services \u00e0 valeur ajout\u00e9e - Nissin Belgium","og_description":"Gr\u00e2ce \u00e0 nos services \u00e0 valeur ajout\u00e9e, vous n\u2019aurez plus \u00e0 vous soucier de ce qui pourrait arriver \u00e0 votre cargaison.","og_url":"https:\/\/www.nissin.be\/fr\/services-a-valeur-ajoutee\/","og_site_name":"Nissin Belgium","article_modified_time":"2022-12-19T10:58:50+00:00","twitter_card":"summary_large_image","twitter_misc":{"Dur\u00e9e de lecture estim\u00e9e":"3 minutes"},"schema":{"@context":"https:\/\/schema.org","@graph":[{"@type":"WebPage","@id":"https:\/\/www.nissin.be\/fr\/services-a-valeur-ajoutee\/","url":"https:\/\/www.nissin.be\/fr\/services-a-valeur-ajoutee\/","name":"Services \u00e0 valeur ajout\u00e9e - Nissin Belgium","isPartOf":{"@id":"https:\/\/www.nissin.be\/#website"},"datePublished":"2020-07-21T17:25:43+00:00","dateModified":"2022-12-19T10:58:50+00:00","description":"Gr\u00e2ce \u00e0 nos services \u00e0 valeur ajout\u00e9e, vous n\u2019aurez plus \u00e0 vous soucier de ce qui pourrait arriver \u00e0 votre cargaison.","breadcrumb":{"@id":"https:\/\/www.nissin.be\/fr\/services-a-valeur-ajoutee\/#breadcrumb"},"inLanguage":"fr-FR","potentialAction":[{"@type":"ReadAction","target":["https:\/\/www.nissin.be\/fr\/services-a-valeur-ajoutee\/"]}]},{"@type":"BreadcrumbList","@id":"https:\/\/www.nissin.be\/fr\/services-a-valeur-ajoutee\/#breadcrumb","itemListElement":[{"@type":"ListItem","position":1,"name":"Home","item":"https:\/\/www.nissin.be\/fr\/"},{"@type":"ListItem","position":2,"name":"Services \u00e0 valeur ajout\u00e9e"}]},{"@type":"WebSite","@id":"https:\/\/www.nissin.be\/#website","url":"https:\/\/www.nissin.be\/","name":"Nissin Belgium","description":"International Logistics Provider","potentialAction":[{"@type":"SearchAction","target":{"@type":"EntryPoint","urlTemplate":"https:\/\/www.nissin.be\/?s={search_term_string}"},"query-input":{"@type":"PropertyValueSpecification","valueRequired":true,"valueName":"search_term_string"}}],"inLanguage":"fr-FR"}]}},"_links":{"self":[{"href":"https:\/\/www.nissin.be\/fr\/wp-json\/wp\/v2\/pages\/76075","targetHints":{"allow":["GET"]}}],"collection":[{"href":"https:\/\/www.nissin.be\/fr\/wp-json\/wp\/v2\/pages"}],"about":[{"href":"https:\/\/www.nissin.be\/fr\/wp-json\/wp\/v2\/types\/page"}],"author":[{"embeddable":true,"href":"https:\/\/www.nissin.be\/fr\/wp-json\/wp\/v2\/users\/1"}],"replies":[{"embeddable":true,"href":"https:\/\/www.nissin.be\/fr\/wp-json\/wp\/v2\/comments?post=76075"}],"version-history":[{"count":25,"href":"https:\/\/www.nissin.be\/fr\/wp-json\/wp\/v2\/pages\/76075\/revisions"}],"predecessor-version":[{"id":78186,"href":"https:\/\/www.nissin.be\/fr\/wp-json\/wp\/v2\/pages\/76075\/revisions\/78186"}],"wp:attachment":[{"href":"https:\/\/www.nissin.be\/fr\/wp-json\/wp\/v2\/media?parent=76075"}],"curies":[{"name":"wp","href":"https:\/\/api.w.org\/{rel}","templated":true}]}}