{"id":76067,"date":"2020-07-21T17:17:37","date_gmt":"2020-07-21T17:17:37","guid":{"rendered":"http:\/\/nissin.be\/logistics-services\/"},"modified":"2022-12-19T12:31:57","modified_gmt":"2022-12-19T12:31:57","slug":"services-de-transit-mondiaux","status":"publish","type":"page","link":"https:\/\/www.nissin.be\/fr\/services-de-transit-mondiaux\/","title":{"rendered":"Services de transit mondiaux"},"content":{"rendered":"<p>[vc_row full_width=\u00a0\u00bbstretch_row_content_no_spaces\u00a0\u00bb css=\u00a0\u00bb.vc_custom_1632948284387{background-image: url(http:\/\/nissin.be\/wp-content\/uploads\/2021\/03\/nissin_belgium_container.jpg?id=75997) !important;background-position: center !important;background-repeat: no-repeat !important;background-size: cover !important;}\u00a0\u00bb][vc_column][vc_empty_space height=\u00a0\u00bb534px\u00a0\u00bb][\/vc_column][\/vc_row][vc_row css=\u00a0\u00bb.vc_custom_1639926277462{padding-top: 75px !important;}\u00a0\u00bb][vc_column][vc_column_text css=\u00a0\u00bb.vc_custom_1670920877194{margin-bottom: 0px !important;border-bottom-width: 0px !important;padding-bottom: 0px !important;}\u00a0\u00bb]<\/p>\n<h1 style=\"text-align: center; letter-spacing: 0px; color: #e40428; text-transform: uppercase; font-size: 38px; font-weight: 600;\">Services de transit mondiaux<\/h1>\n<p>[\/vc_column_text][vc_column_text css=\u00a0\u00bb.vc_custom_1639855670715{padding-top: 20px !important;}\u00a0\u00bb]<\/p>\n<p style=\"text-align: center;\">Par air, mer, route ou rail? Conteneurs multiples (FCL) ou petits chargements (LCL)? L\u2019option la plus rapide? Ou la plus \u00e9conomique? Un envoi urgent de derni\u00e8re minute? Nous trouvons les solutions d\u2019exp\u00e9dition qui r\u00e9pondent \u00e0 vos besoins, \u00e0 des tarifs qui respectent votre budget.<\/p>\n<p>[\/vc_column_text][\/vc_column][\/vc_row][vc_row full_width=\u00a0\u00bbstretch_row\u00a0\u00bb content_placement=\u00a0\u00bbmiddle\u00a0\u00bb css=\u00a0\u00bb.vc_custom_1639926211466{padding-top: 0px !important;padding-bottom: 75px !important;}\u00a0\u00bb][vc_column][vc_row_inner content_placement=\u00a0\u00bbmiddle\u00a0\u00bb gap=\u00a0\u00bb20&Prime; css=\u00a0\u00bb.vc_custom_1630342023704{padding-top: 30px !important;}\u00a0\u00bb el_class=\u00a0\u00bbcenter\u00a0\u00bb][vc_column_inner width=\u00a0\u00bb1\/3&Prime; css=\u00a0\u00bb.vc_custom_1630341601497{padding-right: 20px !important;}\u00a0\u00bb][vc_single_image image=\u00a0\u00bb76698&Prime; img_size=\u00a0\u00bbfull\u00a0\u00bb alignment=\u00a0\u00bbcenter\u00a0\u00bb css_animation=\u00a0\u00bbbounceInLeft\u00a0\u00bb css=\u00a0\u00bb.vc_custom_1639944516723{margin-bottom: 0px !important;padding-bottom: 0px !important;}\u00a0\u00bb][vc_column_text]<\/p>\n<h5 style=\"text-align: center;\"><strong>AIR<\/strong><\/h5>\n<p>&nbsp;<\/p>\n<p style=\"text-align: center;\">Le moyen le plus rapide d\u2019acheminer vos marchandises \u00e0 destination est l\u2019avion. En tant qu\u2019<span style=\"color: #ff0000;\"><strong>agent de l\u2019IATA<\/strong><\/span>, Nissin Belgium entretient des relations directes avec les transporteurs a\u00e9riens du monde entier. Cela nous permet pour chaque envoi de choisir le partenaire le mieux adapt\u00e9 \u00e0 vos besoins, ce \u00e0 des prix comp\u00e9titifs.<\/p>\n<p>[\/vc_column_text][thememove_button text=\u00a0\u00bbPour en savoir plus\u00a0\u00bb url=\u00a0\u00bbhttp:\/\/nissin.be\/fr\/services-de-transit-mondiaux\/air\/\u00a0\u00bb][\/vc_column_inner][vc_column_inner el_class=\u00a0\u00bbthememove-icon-box\u00a0\u00bb width=\u00a0\u00bb1\/3&Prime; css=\u00a0\u00bb.vc_custom_1591306640498{padding-right: 20px !important;}\u00a0\u00bb][vc_single_image image=\u00a0\u00bb76701&Prime; img_size=\u00a0\u00bbfull\u00a0\u00bb alignment=\u00a0\u00bbcenter\u00a0\u00bb css_animation=\u00a0\u00bbbounceInLeft\u00a0\u00bb css=\u00a0\u00bb.vc_custom_1639944223454{margin-bottom: 0px !important;padding-bottom: 0px !important;}\u00a0\u00bb][vc_column_text]<\/p>\n<h5>MER<\/h5>\n<p>&nbsp;<\/p>\n<p>Les conteneurs multiples ou les machines industrielles lourdes ne sont pas un probl\u00e8me pour un navire de haute mer. Nissin Belgium a des contacts avec plusieurs <span style=\"color: #ff0000;\"><strong>compagnies maritimes de premi\u00e8re classe<\/strong><\/span> qui desservent les plus grands ports du monde. Voil\u00e0 pourquoi nous pouvons concevoir pour vous des solutions d\u2019exp\u00e9dition id\u00e9ales et rentables.[\/vc_column_text][thememove_button text=\u00a0\u00bbPour en savoir plus\u00a0\u00bb url=\u00a0\u00bbhttp:\/\/nissin.be\/fr\/services-de-transit-mondiaux\/mer\/\u00a0\u00bb][\/vc_column_inner][vc_column_inner el_class=\u00a0\u00bbthememove-icon-box\u00a0\u00bb width=\u00a0\u00bb1\/3&Prime;][vc_single_image image=\u00a0\u00bb76704&Prime; img_size=\u00a0\u00bbfull\u00a0\u00bb alignment=\u00a0\u00bbcenter\u00a0\u00bb css_animation=\u00a0\u00bbbounceInLeft\u00a0\u00bb css=\u00a0\u00bb.vc_custom_1639925045069{margin-bottom: 0px !important;padding-bottom: 0px !important;}\u00a0\u00bb][vc_column_text]<\/p>\n<h5>ROUTE<\/h5>\n<p>&nbsp;<\/p>\n<p>Que ce soit pour une livraison \u00e0 l\u2019autre bout du continent ou \u00e0 quelques kilom\u00e8tres, la vitesse et la flexibilit\u00e9 des camions restent incontest\u00e9es. Avec Nissin, vous pouvez compter sur un r\u00e9seau de <span style=\"color: #ff0000;\"><strong>partenaires de transport soigneusement s\u00e9lectionn\u00e9s<\/strong> <\/span>pour acheminer vos marchandises exactement l\u00e0 o\u00f9 vous le voulez, quand vous le voulez.[\/vc_column_text][thememove_button text=\u00a0\u00bbPour en savoir plus\u00a0\u00bb url=\u00a0\u00bbhttp:\/\/nissin.be\/fr\/services-de-transit-mondiaux\/route\/\u00a0\u00bb][\/vc_column_inner][\/vc_row_inner][vc_row_inner gap=\u00a0\u00bb20&Prime; css=\u00a0\u00bb.vc_custom_1630342028556{padding-top: 30px !important;}\u00a0\u00bb el_class=\u00a0\u00bbcenter\u00a0\u00bb][vc_column_inner el_class=\u00a0\u00bbthememove-icon-box\u00a0\u00bb width=\u00a0\u00bb1\/3&Prime; css=\u00a0\u00bb.vc_custom_1591306698316{padding-right: 20px !important;}\u00a0\u00bb][vc_single_image image=\u00a0\u00bb76707&Prime; img_size=\u00a0\u00bbfull\u00a0\u00bb alignment=\u00a0\u00bbcenter\u00a0\u00bb css_animation=\u00a0\u00bbbounceInLeft\u00a0\u00bb css=\u00a0\u00bb.vc_custom_1639925099222{margin-bottom: 0px !important;padding-bottom: 0px !important;}\u00a0\u00bb][vc_column_text]<\/p>\n<h5>RAIL<\/h5>\n<p>&nbsp;<\/p>\n<p>Les trains de marchandises sont un compromis id\u00e9al entre le bateau et l\u2019avion. Ils sont plus \u00e9conomiques qu\u2019un avion-cargo et plus rapides qu\u2019un navire de haute mer, tout en ayant un impact \u00e9cologique moindre que ces deux autres moyens. De plus, l\u2019Europe et l\u2019Asie disposent d\u2019un vaste r\u00e9seau ferroviaire qui relie toutes les grandes villes. Nissin entretient de bonnes relations avec divers transporteurs ferroviaires\u00a0: vous pouvez donc profiter pleinement de ce r\u00e9seau pour <span style=\"color: #ff0000;\"><strong>transporter efficacement vos marchandises \u00e0 travers le continent<\/strong><\/span>.[\/vc_column_text][thememove_button text=\u00a0\u00bbPour en savoir plus\u00a0\u00bb url=\u00a0\u00bbhttp:\/\/nissin.be\/fr\/services-de-transit-mondiaux\/rail\/\u00a0\u00bb][\/vc_column_inner][vc_column_inner el_class=\u00a0\u00bbthememove-icon-box\u00a0\u00bb width=\u00a0\u00bb1\/3&Prime; css=\u00a0\u00bb.vc_custom_1591306703803{padding-right: 20px !important;}\u00a0\u00bb][vc_single_image image=\u00a0\u00bb76710&Prime; img_size=\u00a0\u00bbfull\u00a0\u00bb alignment=\u00a0\u00bbcenter\u00a0\u00bb css_animation=\u00a0\u00bbbounceInLeft\u00a0\u00bb css=\u00a0\u00bb.vc_custom_1639925123659{margin-bottom: 0px !important;padding-bottom: 0px !important;}\u00a0\u00bb][vc_column_text]<\/p>\n<h5>ENTREPOSAGE<\/h5>\n<p>&nbsp;<\/p>\n<p>Avant ou apr\u00e8s l\u2019exp\u00e9dition, vos marchandises doivent \u00eatre stock\u00e9es. En tant que partenaire logistique, Nissin vous propose des espaces de stockage dans un grand nombre d\u2019<span style=\"color: #ff0000;\"><strong>entrep\u00f4ts du monde entier<\/strong><\/span>. Qu\u2019il s\u2019agisse de cargaisons ordinaires, de mati\u00e8res dangereuses ou explosives, de marchandises de valeur ou de denr\u00e9es alimentaires sensibles aux changements de temp\u00e9rature, nous avons une solution d\u2019entreposage en r\u00e9serve. Nissin Belgium dispose d\u2019une s\u00e9rie d\u2019entrep\u00f4ts situ\u00e9s sur des <span style=\"color: #ff0000;\"><strong>sites strat\u00e9giques en Belgique<\/strong><\/span>: Anvers Sud, Bruxelles et Li\u00e8ge.[\/vc_column_text][thememove_button text=\u00a0\u00bbPour en savoir plus\u00a0\u00bb url=\u00a0\u00bbhttp:\/\/nissin.be\/fr\/services-de-transit-mondiaux\/entreposage\/\u00a0\u00bb][\/vc_column_inner][vc_column_inner el_class=\u00a0\u00bbthememove-icon-box\u00a0\u00bb width=\u00a0\u00bb1\/3&Prime;][vc_single_image image=\u00a0\u00bb76713&Prime; img_size=\u00a0\u00bbfull\u00a0\u00bb alignment=\u00a0\u00bbcenter\u00a0\u00bb css_animation=\u00a0\u00bbbounceInLeft\u00a0\u00bb css=\u00a0\u00bb.vc_custom_1639925327030{margin-bottom: 0px !important;padding-bottom: 0px !important;}\u00a0\u00bb][vc_column_text]<\/p>\n<h5>D\u00c9M\u00c9NAGEMENTS<\/h5>\n<p>&nbsp;<\/p>\n<p>Vous \u00eates expatri\u00e9 ou vous envisagez de renforcer votre \u00e9quipe locale avec un expert \u00e9tranger? Nous vous aidons \u00e0 <span style=\"color: #ff0000;\"><strong>d\u00e9m\u00e9nager des meubles et des objets m\u00e9nagers<\/strong><\/span>. Rapidement et soigneusement, afin que vous ou votre invit\u00e9 international vous sentiez rapidement chez vous.[\/vc_column_text][thememove_button text=\u00a0\u00bbPour en savoir plus\u00a0\u00bb url=\u00a0\u00bbhttp:\/\/nissin.be\/fr\/services-de-transit-mondiaux\/demenagements\/\u00a0\u00bb][\/vc_column_inner][\/vc_row_inner][\/vc_column][\/vc_row]<\/p>\n","protected":false},"excerpt":{"rendered":"<p>[vc_row full_width=\u00a0\u00bbstretch_row_content_no_spaces\u00a0\u00bb css=\u00a0\u00bb.vc_custom_1632948284387{background-image: url(http:\/\/nissin.be\/wp-content\/uploads\/2021\/03\/nissin_belgium_container.jpg?id=75997) !important;background-position: center !important;background-repeat: no-repeat !important;background-size: cover !important;}\u00a0\u00bb][vc_column][vc_empty_space height=\u00a0\u00bb534px\u00a0\u00bb][\/vc_column][\/vc_row][vc_row css=\u00a0\u00bb.vc_custom_1639926277462{padding-top: 75px !important;}\u00a0\u00bb][vc_column][vc_column_text css=\u00a0\u00bb.vc_custom_1670920877194{margin-bottom: 0px !important;border-bottom-width: 0px !important;padding-bottom: 0px !important;}\u00a0\u00bb] Services de transit mondiaux [\/vc_column_text][vc_column_text css=\u00a0\u00bb.vc_custom_1639855670715{padding-top: 20px !important;}\u00a0\u00bb] Par air, mer, route ou rail? Conteneurs multiples (FCL) ou petits chargements (LCL)? L\u2019option la plus rapide? Ou la plus \u00e9conomique? Un envoi urgent de [&hellip;]<\/p>\n","protected":false},"author":1,"featured_media":0,"parent":0,"menu_order":2,"comment_status":"closed","ping_status":"closed","template":"","meta":{"content-type":"","_monsterinsights_skip_tracking":false,"_monsterinsights_sitenote_active":false,"_monsterinsights_sitenote_note":"","_monsterinsights_sitenote_category":0,"footnotes":""},"class_list":["post-76067","page","type-page","status-publish","hentry"],"yoast_head":"<!-- This site is optimized with the Yoast SEO plugin v27.3 - https:\/\/yoast.com\/product\/yoast-seo-wordpress\/ -->\n<title>Services de transit mondiaux - Nissin Belgium<\/title>\n<meta name=\"description\" content=\"Par air, mer, route ou rail? Nous trouvons les solutions d\u2019exp\u00e9dition qui r\u00e9pondent \u00e0 vos besoins, \u00e0 des tarifs qui respectent votre budget.\" \/>\n<meta name=\"robots\" content=\"index, follow, max-snippet:-1, max-image-preview:large, max-video-preview:-1\" \/>\n<link rel=\"canonical\" href=\"https:\/\/www.nissin.be\/fr\/services-de-transit-mondiaux\/\" \/>\n<meta property=\"og:locale\" content=\"fr_FR\" \/>\n<meta property=\"og:type\" content=\"article\" \/>\n<meta property=\"og:title\" content=\"Services de transit mondiaux - Nissin Belgium\" \/>\n<meta property=\"og:description\" content=\"Par air, mer, route ou rail? Nous trouvons les solutions d\u2019exp\u00e9dition qui r\u00e9pondent \u00e0 vos besoins, \u00e0 des tarifs qui respectent votre budget.\" \/>\n<meta property=\"og:url\" content=\"https:\/\/www.nissin.be\/fr\/services-de-transit-mondiaux\/\" \/>\n<meta property=\"og:site_name\" content=\"Nissin Belgium\" \/>\n<meta property=\"article:modified_time\" content=\"2022-12-19T12:31:57+00:00\" \/>\n<meta name=\"twitter:card\" content=\"summary_large_image\" \/>\n<meta name=\"twitter:label1\" content=\"Dur\u00e9e de lecture estim\u00e9e\" \/>\n\t<meta name=\"twitter:data1\" content=\"3 minutes\" \/>\n<script type=\"application\/ld+json\" class=\"yoast-schema-graph\">{\"@context\":\"https:\\\/\\\/schema.org\",\"@graph\":[{\"@type\":\"WebPage\",\"@id\":\"https:\\\/\\\/www.nissin.be\\\/fr\\\/services-de-transit-mondiaux\\\/\",\"url\":\"https:\\\/\\\/www.nissin.be\\\/fr\\\/services-de-transit-mondiaux\\\/\",\"name\":\"Services de transit mondiaux - Nissin Belgium\",\"isPartOf\":{\"@id\":\"https:\\\/\\\/www.nissin.be\\\/#website\"},\"datePublished\":\"2020-07-21T17:17:37+00:00\",\"dateModified\":\"2022-12-19T12:31:57+00:00\",\"description\":\"Par air, mer, route ou rail? Nous trouvons les solutions d\u2019exp\u00e9dition qui r\u00e9pondent \u00e0 vos besoins, \u00e0 des tarifs qui respectent votre budget.\",\"breadcrumb\":{\"@id\":\"https:\\\/\\\/www.nissin.be\\\/fr\\\/services-de-transit-mondiaux\\\/#breadcrumb\"},\"inLanguage\":\"fr-FR\",\"potentialAction\":[{\"@type\":\"ReadAction\",\"target\":[\"https:\\\/\\\/www.nissin.be\\\/fr\\\/services-de-transit-mondiaux\\\/\"]}]},{\"@type\":\"BreadcrumbList\",\"@id\":\"https:\\\/\\\/www.nissin.be\\\/fr\\\/services-de-transit-mondiaux\\\/#breadcrumb\",\"itemListElement\":[{\"@type\":\"ListItem\",\"position\":1,\"name\":\"Home\",\"item\":\"https:\\\/\\\/www.nissin.be\\\/fr\\\/\"},{\"@type\":\"ListItem\",\"position\":2,\"name\":\"Services de transit mondiaux\"}]},{\"@type\":\"WebSite\",\"@id\":\"https:\\\/\\\/www.nissin.be\\\/#website\",\"url\":\"https:\\\/\\\/www.nissin.be\\\/\",\"name\":\"Nissin Belgium\",\"description\":\"International Logistics Provider\",\"potentialAction\":[{\"@type\":\"SearchAction\",\"target\":{\"@type\":\"EntryPoint\",\"urlTemplate\":\"https:\\\/\\\/www.nissin.be\\\/?s={search_term_string}\"},\"query-input\":{\"@type\":\"PropertyValueSpecification\",\"valueRequired\":true,\"valueName\":\"search_term_string\"}}],\"inLanguage\":\"fr-FR\"}]}<\/script>\n<!-- \/ Yoast SEO plugin. -->","yoast_head_json":{"title":"Services de transit mondiaux - Nissin Belgium","description":"Par air, mer, route ou rail? Nous trouvons les solutions d\u2019exp\u00e9dition qui r\u00e9pondent \u00e0 vos besoins, \u00e0 des tarifs qui respectent votre budget.","robots":{"index":"index","follow":"follow","max-snippet":"max-snippet:-1","max-image-preview":"max-image-preview:large","max-video-preview":"max-video-preview:-1"},"canonical":"https:\/\/www.nissin.be\/fr\/services-de-transit-mondiaux\/","og_locale":"fr_FR","og_type":"article","og_title":"Services de transit mondiaux - Nissin Belgium","og_description":"Par air, mer, route ou rail? Nous trouvons les solutions d\u2019exp\u00e9dition qui r\u00e9pondent \u00e0 vos besoins, \u00e0 des tarifs qui respectent votre budget.","og_url":"https:\/\/www.nissin.be\/fr\/services-de-transit-mondiaux\/","og_site_name":"Nissin Belgium","article_modified_time":"2022-12-19T12:31:57+00:00","twitter_card":"summary_large_image","twitter_misc":{"Dur\u00e9e de lecture estim\u00e9e":"3 minutes"},"schema":{"@context":"https:\/\/schema.org","@graph":[{"@type":"WebPage","@id":"https:\/\/www.nissin.be\/fr\/services-de-transit-mondiaux\/","url":"https:\/\/www.nissin.be\/fr\/services-de-transit-mondiaux\/","name":"Services de transit mondiaux - Nissin Belgium","isPartOf":{"@id":"https:\/\/www.nissin.be\/#website"},"datePublished":"2020-07-21T17:17:37+00:00","dateModified":"2022-12-19T12:31:57+00:00","description":"Par air, mer, route ou rail? Nous trouvons les solutions d\u2019exp\u00e9dition qui r\u00e9pondent \u00e0 vos besoins, \u00e0 des tarifs qui respectent votre budget.","breadcrumb":{"@id":"https:\/\/www.nissin.be\/fr\/services-de-transit-mondiaux\/#breadcrumb"},"inLanguage":"fr-FR","potentialAction":[{"@type":"ReadAction","target":["https:\/\/www.nissin.be\/fr\/services-de-transit-mondiaux\/"]}]},{"@type":"BreadcrumbList","@id":"https:\/\/www.nissin.be\/fr\/services-de-transit-mondiaux\/#breadcrumb","itemListElement":[{"@type":"ListItem","position":1,"name":"Home","item":"https:\/\/www.nissin.be\/fr\/"},{"@type":"ListItem","position":2,"name":"Services de transit mondiaux"}]},{"@type":"WebSite","@id":"https:\/\/www.nissin.be\/#website","url":"https:\/\/www.nissin.be\/","name":"Nissin Belgium","description":"International Logistics Provider","potentialAction":[{"@type":"SearchAction","target":{"@type":"EntryPoint","urlTemplate":"https:\/\/www.nissin.be\/?s={search_term_string}"},"query-input":{"@type":"PropertyValueSpecification","valueRequired":true,"valueName":"search_term_string"}}],"inLanguage":"fr-FR"}]}},"_links":{"self":[{"href":"https:\/\/www.nissin.be\/fr\/wp-json\/wp\/v2\/pages\/76067","targetHints":{"allow":["GET"]}}],"collection":[{"href":"https:\/\/www.nissin.be\/fr\/wp-json\/wp\/v2\/pages"}],"about":[{"href":"https:\/\/www.nissin.be\/fr\/wp-json\/wp\/v2\/types\/page"}],"author":[{"embeddable":true,"href":"https:\/\/www.nissin.be\/fr\/wp-json\/wp\/v2\/users\/1"}],"replies":[{"embeddable":true,"href":"https:\/\/www.nissin.be\/fr\/wp-json\/wp\/v2\/comments?post=76067"}],"version-history":[{"count":42,"href":"https:\/\/www.nissin.be\/fr\/wp-json\/wp\/v2\/pages\/76067\/revisions"}],"predecessor-version":[{"id":78201,"href":"https:\/\/www.nissin.be\/fr\/wp-json\/wp\/v2\/pages\/76067\/revisions\/78201"}],"wp:attachment":[{"href":"https:\/\/www.nissin.be\/fr\/wp-json\/wp\/v2\/media?parent=76067"}],"curies":[{"name":"wp","href":"https:\/\/api.w.org\/{rel}","templated":true}]}}